{"id":118,"date":"2013-07-30T13:45:14","date_gmt":"2013-07-30T11:45:14","guid":{"rendered":"http:\/\/weihnachtsfeier-planer.de\/wordpress\/?page_id=118"},"modified":"2016-10-26T11:58:04","modified_gmt":"2016-10-26T10:58:04","slug":"tanz-band","status":"publish","type":"page","link":"https:\/\/weihnachtsfeier-planer.de\/wordpress\/programm-ideen\/tanz-band\/","title":{"rendered":"Party-Band"},"content":{"rendered":"<p>&nbsp;<\/p>\n<p><strong><span style=\"color: #888888;\">Tanz-Musik-Party-Kapellen-Band<\/span><\/strong><\/p>\n<p><span style=\"color: #888888;\">Wie man das Kind auch immer nennt.\u00a0 Die Band ist das um Stimmung zu machen und die Tanzfl\u00e4che vollzubekommen.\u00a0<\/span><\/p>\n<p><span style=\"color: #888888;\">Eine Tanzband ist auf Ihrer Weihnachtsfeier etwas besonderes und sch\u00f6nes.\u00a0 Schon das Bild einer B\u00fchne mit einer Band l\u00f6st bei vielen Entz\u00fcckung aus. Die Atmosph\u00e4re ist authentischer als bei Musik aus der Konserve. Die Musiker k\u00f6nnen die Stimmung der G\u00e4ste lesen und besten und beliebtesten Lieder zu einem nichtendenden Song werden zu lassen.\u00a0<\/span><\/p>\n<p><span style=\"color: #888888;\"><br \/>\nDie Weihnachtsfeier Planer haben Kontakt zu verschiedenen sehr guten Tanzbands , die wir Ihnen sehr gern f\u00fcr Ihre Weihnachtsfeier empfehlen.\u00a0 Das startet bei einem Duo und geht bis zu einem Septett.\u00a0 Alle Tanzmusikkapellen beherrschen selbstverst\u00e4ndlich die wichtigsten und besten Lieder der letzten Jahrzehnte und performen diese auf professionelle Art und Weise.\u00a0 Gute Erfahrungen haben die Weihnachtsfeier Planer gemacht, wenn Sie vorher einen \u201eWunschzettel\u201c im Unternehmen verteilen, und Ihre Kollegen und Mitarbeiter ihre Lieblingslieder aufschreiben.\u00a0 So f\u00e4llt<br \/>\nder Einstieg leichter und die Tanzfl\u00e4che ist vorher voll.\u00a0 Aufgrund der ersten Auswahl sind die ersten beiden Sets schon sicher gesetzt und aus der Erfahrung der Tanz-Bands sind die restlichen Sets dann auch immer \u201eTreffer\u201c!\u00a0 So beginnt auch die Beziehung zwischen G\u00e4sten und Tanzmusik-Party-Band gleich harmonisch.\u00a0<\/span><\/p>\n<p><img loading=\"lazy\" class=\"alignnone wp-image-585\" src=\"https:\/\/weihnachtsfeier-planer.de\/wordpress\/wp-content\/uploads\/2013\/07\/weihnachtsfeier-planer_event-agentur-berlin-party-band-4-300x199.jpg\" alt=\"weihnachtsfeier-planer_event-agentur-berlin-party-band-4\" width=\"226\" height=\"150\" srcset=\"https:\/\/weihnachtsfeier-planer.de\/wordpress\/wp-content\/uploads\/2013\/07\/weihnachtsfeier-planer_event-agentur-berlin-party-band-4-300x199.jpg 300w, https:\/\/weihnachtsfeier-planer.de\/wordpress\/wp-content\/uploads\/2013\/07\/weihnachtsfeier-planer_event-agentur-berlin-party-band-4.jpg 333w\" sizes=\"(max-width: 226px) 100vw, 226px\" \/> <img loading=\"lazy\" class=\"alignnone wp-image-583\" src=\"https:\/\/weihnachtsfeier-planer.de\/wordpress\/wp-content\/uploads\/2013\/07\/weihnachtsfeier-planer_event-agentur-berlin-party-band-2-300x200.jpg\" alt=\"weihnachtsfeier-planer_event-agentur-berlin-party-band-2\" width=\"230\" height=\"150\" \/> <img loading=\"lazy\" class=\"alignnone wp-image-584\" src=\"https:\/\/weihnachtsfeier-planer.de\/wordpress\/wp-content\/uploads\/2013\/07\/weihnachtsfeier-planer_event-agentur-berlin-party-band-3-300x200.jpg\" alt=\"weihnachtsfeier-planer_event-agentur-berlin-party-band-3\" width=\"225\" height=\"150\" srcset=\"https:\/\/weihnachtsfeier-planer.de\/wordpress\/wp-content\/uploads\/2013\/07\/weihnachtsfeier-planer_event-agentur-berlin-party-band-3-300x200.jpg 300w, https:\/\/weihnachtsfeier-planer.de\/wordpress\/wp-content\/uploads\/2013\/07\/weihnachtsfeier-planer_event-agentur-berlin-party-band-3.jpg 333w\" sizes=\"(max-width: 225px) 100vw, 225px\" \/> <img loading=\"lazy\" class=\"alignnone wp-image-582\" src=\"https:\/\/weihnachtsfeier-planer.de\/wordpress\/wp-content\/uploads\/2013\/07\/weihnachtsfeier-planer_event-agentur-berlin-party-band-1-300x209.jpg\" alt=\"weihnachtsfeier-planer_event-agentur-berlin-party-band-1\" width=\"220\" height=\"150\" \/><\/p>\n","protected":false},"excerpt":{"rendered":"<p>&nbsp; Tanz-Musik-Party-Kapellen-Band Wie man das Kind auch immer nennt.\u00a0 Die Band ist das um Stimmung zu machen und die Tanzfl\u00e4che vollzubekommen.\u00a0 Eine Tanzband ist auf Ihrer Weihnachtsfeier etwas besonderes und sch\u00f6nes.\u00a0 Schon das Bild einer B\u00fchne mit einer Band l\u00f6st bei vielen Entz\u00fcckung aus. Die Atmosph\u00e4re ist authentischer als bei Musik aus der Konserve. Die Musiker k\u00f6nnen die Stimmung der G\u00e4ste lesen und besten und beliebtesten Lieder zu einem nichtendenden Song werden zu lassen.\u00a0 Die Weihnachtsfeier Planer haben Kontakt zu verschiedenen sehr guten Tanzbands , die wir Ihnen sehr gern f\u00fcr Ihre Weihnachtsfeier empfehlen.\u00a0 Das startet bei einem Duo und geht bis zu einem Septett.\u00a0 Alle Tanzmusikkapellen beherrschen selbstverst\u00e4ndlich die&#8230;<\/p>\n<p><a class=\"clear excerptmore button\" href=\"https:\/\/weihnachtsfeier-planer.de\/wordpress\/programm-ideen\/tanz-band\/\">Weiterlesen&#8230; &raquo;<\/a><\/p>\n","protected":false},"author":1,"featured_media":0,"parent":77,"menu_order":0,"comment_status":"open","ping_status":"closed","template":"tpl_fullwidth-page.php","meta":[],"yoast_head":"<!-- This site is optimized with the Yoast SEO plugin v19.8 - https:\/\/yoast.com\/wordpress\/plugins\/seo\/ -->\n<title>Party-Band - Weihnachtsfeier Planer Berlin<\/title>\n<meta name=\"robots\" content=\"index, follow, max-snippet:-1, max-image-preview:large, max-video-preview:-1\" \/>\n<link rel=\"canonical\" href=\"https:\/\/weihnachtsfeier-planer.de\/wordpress\/programm-ideen\/tanz-band\/\" \/>\n<meta property=\"og:locale\" content=\"de_DE\" \/>\n<meta property=\"og:type\" content=\"article\" \/>\n<meta property=\"og:title\" content=\"Party-Band - Weihnachtsfeier Planer Berlin\" \/>\n<meta property=\"og:description\" content=\"&nbsp; Tanz-Musik-Party-Kapellen-Band Wie man das Kind auch immer nennt.\u00a0 Die Band ist das um Stimmung zu machen und die Tanzfl\u00e4che vollzubekommen.\u00a0 Eine Tanzband ist auf Ihrer Weihnachtsfeier etwas besonderes und sch\u00f6nes.\u00a0 Schon das Bild einer B\u00fchne mit einer Band l\u00f6st bei vielen Entz\u00fcckung aus. Die Atmosph\u00e4re ist authentischer als bei Musik aus der Konserve. Die Musiker k\u00f6nnen die Stimmung der G\u00e4ste lesen und besten und beliebtesten Lieder zu einem nichtendenden Song werden zu lassen.\u00a0 Die Weihnachtsfeier Planer haben Kontakt zu verschiedenen sehr guten Tanzbands , die wir Ihnen sehr gern f\u00fcr Ihre Weihnachtsfeier empfehlen.\u00a0 Das startet bei einem Duo und geht bis zu einem Septett.\u00a0 Alle Tanzmusikkapellen beherrschen selbstverst\u00e4ndlich die...Weiterlesen... &raquo;\" \/>\n<meta property=\"og:url\" content=\"https:\/\/weihnachtsfeier-planer.de\/wordpress\/programm-ideen\/tanz-band\/\" \/>\n<meta property=\"og:site_name\" content=\"Weihnachtsfeier Planer Berlin\" \/>\n<meta property=\"article:modified_time\" content=\"2016-10-26T10:58:04+00:00\" \/>\n<meta property=\"og:image\" content=\"http:\/\/weihnachtsfeier-planer.de\/wordpress\/wp-content\/uploads\/2013\/07\/weihnachtsfeier-planer_event-agentur-berlin-party-band-4-300x199.jpg\" \/>\n<meta name=\"twitter:label1\" content=\"Gesch\u00e4tzte Lesezeit\" \/>\n\t<meta name=\"twitter:data1\" content=\"1\u00a0Minute\" \/>\n<script type=\"application\/ld+json\" class=\"yoast-schema-graph\">{\"@context\":\"https:\/\/schema.org\",\"@graph\":[{\"@type\":\"WebPage\",\"@id\":\"https:\/\/weihnachtsfeier-planer.de\/wordpress\/programm-ideen\/tanz-band\/\",\"url\":\"https:\/\/weihnachtsfeier-planer.de\/wordpress\/programm-ideen\/tanz-band\/\",\"name\":\"Party-Band - Weihnachtsfeier Planer Berlin\",\"isPartOf\":{\"@id\":\"https:\/\/weihnachtsfeier-planer.de\/wordpress\/#website\"},\"datePublished\":\"2013-07-30T11:45:14+00:00\",\"dateModified\":\"2016-10-26T10:58:04+00:00\",\"breadcrumb\":{\"@id\":\"https:\/\/weihnachtsfeier-planer.de\/wordpress\/programm-ideen\/tanz-band\/#breadcrumb\"},\"inLanguage\":\"de\",\"potentialAction\":[{\"@type\":\"ReadAction\",\"target\":[\"https:\/\/weihnachtsfeier-planer.de\/wordpress\/programm-ideen\/tanz-band\/\"]}]},{\"@type\":\"BreadcrumbList\",\"@id\":\"https:\/\/weihnachtsfeier-planer.de\/wordpress\/programm-ideen\/tanz-band\/#breadcrumb\",\"itemListElement\":[{\"@type\":\"ListItem\",\"position\":1,\"name\":\"Startseite\",\"item\":\"https:\/\/weihnachtsfeier-planer.de\/wordpress\/\"},{\"@type\":\"ListItem\",\"position\":2,\"name\":\"Programm \/ Ideen\",\"item\":\"https:\/\/weihnachtsfeier-planer.de\/wordpress\/programm-ideen\/\"},{\"@type\":\"ListItem\",\"position\":3,\"name\":\"Party-Band\"}]},{\"@type\":\"WebSite\",\"@id\":\"https:\/\/weihnachtsfeier-planer.de\/wordpress\/#website\",\"url\":\"https:\/\/weihnachtsfeier-planer.de\/wordpress\/\",\"name\":\"Weihnachtsfeier Planer Berlin\",\"description\":\"Auf eine wunderbare Weihnachtsfeier in Berlin\",\"potentialAction\":[{\"@type\":\"SearchAction\",\"target\":{\"@type\":\"EntryPoint\",\"urlTemplate\":\"https:\/\/weihnachtsfeier-planer.de\/wordpress\/?s={search_term_string}\"},\"query-input\":\"required name=search_term_string\"}],\"inLanguage\":\"de\"}]}<\/script>\n<!-- \/ Yoast SEO plugin. -->","yoast_head_json":{"title":"Party-Band - Weihnachtsfeier Planer Berlin","robots":{"index":"index","follow":"follow","max-snippet":"max-snippet:-1","max-image-preview":"max-image-preview:large","max-video-preview":"max-video-preview:-1"},"canonical":"https:\/\/weihnachtsfeier-planer.de\/wordpress\/programm-ideen\/tanz-band\/","og_locale":"de_DE","og_type":"article","og_title":"Party-Band - Weihnachtsfeier Planer Berlin","og_description":"&nbsp; Tanz-Musik-Party-Kapellen-Band Wie man das Kind auch immer nennt.\u00a0 Die Band ist das um Stimmung zu machen und die Tanzfl\u00e4che vollzubekommen.\u00a0 Eine Tanzband ist auf Ihrer Weihnachtsfeier etwas besonderes und sch\u00f6nes.\u00a0 Schon das Bild einer B\u00fchne mit einer Band l\u00f6st bei vielen Entz\u00fcckung aus. Die Atmosph\u00e4re ist authentischer als bei Musik aus der Konserve. Die Musiker k\u00f6nnen die Stimmung der G\u00e4ste lesen und besten und beliebtesten Lieder zu einem nichtendenden Song werden zu lassen.\u00a0 Die Weihnachtsfeier Planer haben Kontakt zu verschiedenen sehr guten Tanzbands , die wir Ihnen sehr gern f\u00fcr Ihre Weihnachtsfeier empfehlen.\u00a0 Das startet bei einem Duo und geht bis zu einem Septett.\u00a0 Alle Tanzmusikkapellen beherrschen selbstverst\u00e4ndlich die...Weiterlesen... &raquo;","og_url":"https:\/\/weihnachtsfeier-planer.de\/wordpress\/programm-ideen\/tanz-band\/","og_site_name":"Weihnachtsfeier Planer Berlin","article_modified_time":"2016-10-26T10:58:04+00:00","og_image":[{"url":"http:\/\/weihnachtsfeier-planer.de\/wordpress\/wp-content\/uploads\/2013\/07\/weihnachtsfeier-planer_event-agentur-berlin-party-band-4-300x199.jpg"}],"twitter_misc":{"Gesch\u00e4tzte Lesezeit":"1\u00a0Minute"},"schema":{"@context":"https:\/\/schema.org","@graph":[{"@type":"WebPage","@id":"https:\/\/weihnachtsfeier-planer.de\/wordpress\/programm-ideen\/tanz-band\/","url":"https:\/\/weihnachtsfeier-planer.de\/wordpress\/programm-ideen\/tanz-band\/","name":"Party-Band - Weihnachtsfeier Planer Berlin","isPartOf":{"@id":"https:\/\/weihnachtsfeier-planer.de\/wordpress\/#website"},"datePublished":"2013-07-30T11:45:14+00:00","dateModified":"2016-10-26T10:58:04+00:00","breadcrumb":{"@id":"https:\/\/weihnachtsfeier-planer.de\/wordpress\/programm-ideen\/tanz-band\/#breadcrumb"},"inLanguage":"de","potentialAction":[{"@type":"ReadAction","target":["https:\/\/weihnachtsfeier-planer.de\/wordpress\/programm-ideen\/tanz-band\/"]}]},{"@type":"BreadcrumbList","@id":"https:\/\/weihnachtsfeier-planer.de\/wordpress\/programm-ideen\/tanz-band\/#breadcrumb","itemListElement":[{"@type":"ListItem","position":1,"name":"Startseite","item":"https:\/\/weihnachtsfeier-planer.de\/wordpress\/"},{"@type":"ListItem","position":2,"name":"Programm \/ Ideen","item":"https:\/\/weihnachtsfeier-planer.de\/wordpress\/programm-ideen\/"},{"@type":"ListItem","position":3,"name":"Party-Band"}]},{"@type":"WebSite","@id":"https:\/\/weihnachtsfeier-planer.de\/wordpress\/#website","url":"https:\/\/weihnachtsfeier-planer.de\/wordpress\/","name":"Weihnachtsfeier Planer Berlin","description":"Auf eine wunderbare Weihnachtsfeier in Berlin","potentialAction":[{"@type":"SearchAction","target":{"@type":"EntryPoint","urlTemplate":"https:\/\/weihnachtsfeier-planer.de\/wordpress\/?s={search_term_string}"},"query-input":"required name=search_term_string"}],"inLanguage":"de"}]}},"_links":{"self":[{"href":"https:\/\/weihnachtsfeier-planer.de\/wordpress\/wp-json\/wp\/v2\/pages\/118"}],"collection":[{"href":"https:\/\/weihnachtsfeier-planer.de\/wordpress\/wp-json\/wp\/v2\/pages"}],"about":[{"href":"https:\/\/weihnachtsfeier-planer.de\/wordpress\/wp-json\/wp\/v2\/types\/page"}],"author":[{"embeddable":true,"href":"https:\/\/weihnachtsfeier-planer.de\/wordpress\/wp-json\/wp\/v2\/users\/1"}],"replies":[{"embeddable":true,"href":"https:\/\/weihnachtsfeier-planer.de\/wordpress\/wp-json\/wp\/v2\/comments?post=118"}],"version-history":[{"count":23,"href":"https:\/\/weihnachtsfeier-planer.de\/wordpress\/wp-json\/wp\/v2\/pages\/118\/revisions"}],"predecessor-version":[{"id":682,"href":"https:\/\/weihnachtsfeier-planer.de\/wordpress\/wp-json\/wp\/v2\/pages\/118\/revisions\/682"}],"up":[{"embeddable":true,"href":"https:\/\/weihnachtsfeier-planer.de\/wordpress\/wp-json\/wp\/v2\/pages\/77"}],"wp:attachment":[{"href":"https:\/\/weihnachtsfeier-planer.de\/wordpress\/wp-json\/wp\/v2\/media?parent=118"}],"curies":[{"name":"wp","href":"https:\/\/api.w.org\/{rel}","templated":true}]}}