{"id":130,"date":"2013-07-30T14:02:51","date_gmt":"2013-07-30T12:02:51","guid":{"rendered":"http:\/\/weihnachtsfeier-planer.de\/wordpress\/?page_id=130"},"modified":"2016-10-26T10:49:12","modified_gmt":"2016-10-26T09:49:12","slug":"dj","status":"publish","type":"page","link":"https:\/\/weihnachtsfeier-planer.de\/wordpress\/programm-ideen\/dj\/","title":{"rendered":"DJ"},"content":{"rendered":"<p><span style=\"color: #888888;\"><a href=\"https:\/\/weihnachtsfeier-planer.de\/wordpress\/wp-content\/uploads\/2013\/07\/weihnachtsfeier-planer_karaoke_dj_11.jpg\"><img loading=\"lazy\" class=\"size-medium wp-image-674 alignleft\" src=\"https:\/\/weihnachtsfeier-planer.de\/wordpress\/wp-content\/uploads\/2013\/07\/weihnachtsfeier-planer_karaoke_dj_11-300x199.jpg\" alt=\"weihnachtsfeier-planer_karaoke_dj_11\" width=\"300\" height=\"199\" srcset=\"https:\/\/weihnachtsfeier-planer.de\/wordpress\/wp-content\/uploads\/2013\/07\/weihnachtsfeier-planer_karaoke_dj_11-300x199.jpg 300w, https:\/\/weihnachtsfeier-planer.de\/wordpress\/wp-content\/uploads\/2013\/07\/weihnachtsfeier-planer_karaoke_dj_11.jpg 350w\" sizes=\"(max-width: 300px) 100vw, 300px\" \/><\/a><br \/>\nEin guter DJ liest sein Publikum und kennt die \u201eFloorfill<img loading=\"lazy\" class=\"alignright wp-image-676\" src=\"https:\/\/weihnachtsfeier-planer.de\/wordpress\/wp-content\/uploads\/2013\/07\/weihnachtsfeier-planer_karaoke_dj_13-300x295.jpg\" alt=\"weihnachtsfeier-planer_karaoke_dj_13\" width=\"200\" height=\"197\" srcset=\"https:\/\/weihnachtsfeier-planer.de\/wordpress\/wp-content\/uploads\/2013\/07\/weihnachtsfeier-planer_karaoke_dj_13-300x295.jpg 300w, https:\/\/weihnachtsfeier-planer.de\/wordpress\/wp-content\/uploads\/2013\/07\/weihnachtsfeier-planer_karaoke_dj_13-50x50.jpg 50w, https:\/\/weihnachtsfeier-planer.de\/wordpress\/wp-content\/uploads\/2013\/07\/weihnachtsfeier-planer_karaoke_dj_13.jpg 350w\" sizes=\"(max-width: 200px) 100vw, 200px\" \/>er\u201c einer jeden Generation.\u00a0 Er bewegt die G\u00e4ste auf die Tanzfl\u00e4che und bestimmt das Tempo des Abends.\u00a0<\/span><\/p>\n<p><span style=\"color: #888888;\">F\u00fcr Ihre Weihnachtsfeier haben wir DJs in unserer Datenbank die genau das Alles<br \/>\nbehe<\/span><br \/>\n<span style=\"color: #888888;\">rrschen.\u00a0 Sie kennen die Musik der verschiedenen Generationen und die Musik die alle Generationen verbindet.\u00a0 Sie setzen die Musik in der richtigen Mischung ein.\u00a0<\/span><\/p>\n<p><span style=\"color: #888888;\">Selbstverst\u00e4ndlich verf\u00fcgen alle Techniker \u00fcber entsprechende Ton- und Lichttechnik f\u00fcr die R\u00e4umlichkeiten.\u00a0<\/span><\/p>\n<p><span style=\"color: #888888;\">Auch f\u00fcr etwaige <b>Karaoke<\/b> Einlage<\/span><span style=\"color: #888888;\">n kann jederzeit (nach vorheriger Absprache) gesorgt werden.\u00a0 Karaoke wird f\u00fcr S\u00e4ngerin und S\u00e4nger und die Zuh\u00f6rer immer ein H\u00f6hepunkte ihrer Betriebsweihnachtsfeier und ein unvergessliches Erlebnis.\u00a0 Gute Laune ist garantiert auf der Weihnachtsfeier.\u00a0 Auf besonderen Wunsch tritt der DJ auch als Weihnachtsmann auf und eine eventuelle DJane<br \/>\nals Engel.\u00a0<\/span><\/p>\n<p><span style=\"color: #888888;\">Rock\u2019n\u2019Roll Weihnachten<img loading=\"lazy\" class=\"alignleft wp-image-675 size-medium\" src=\"https:\/\/weihnachtsfeier-planer.de\/wordpress\/wp-content\/uploads\/2013\/07\/weihnachtsfeier-planer_karaoke_dj_12-300x225.jpg\" alt=\"weihnachtsfeier-planer_karaoke_dj_12\" width=\"300\" height=\"225\" srcset=\"https:\/\/weihnachtsfeier-planer.de\/wordpress\/wp-content\/uploads\/2013\/07\/weihnachtsfeier-planer_karaoke_dj_12-300x225.jpg 300w, https:\/\/weihnachtsfeier-planer.de\/wordpress\/wp-content\/uploads\/2013\/07\/weihnachtsfeier-planer_karaoke_dj_12.jpg 350w\" sizes=\"(max-width: 300px) 100vw, 300px\" \/><br \/>\n<\/span><\/p>\n","protected":false},"excerpt":{"rendered":"<p>Ein guter DJ liest sein Publikum und kennt die \u201eFloorfiller\u201c einer jeden Generation.\u00a0 Er bewegt die G\u00e4ste auf die Tanzfl\u00e4che und bestimmt das Tempo des Abends.\u00a0 F\u00fcr Ihre Weihnachtsfeier haben wir DJs in unserer Datenbank die genau das Alles behe rrschen.\u00a0 Sie kennen die Musik der verschiedenen Generationen und die Musik die alle Generationen verbindet.\u00a0 Sie setzen die Musik in der richtigen Mischung ein.\u00a0 Selbstverst\u00e4ndlich verf\u00fcgen alle Techniker \u00fcber entsprechende Ton- und Lichttechnik f\u00fcr die R\u00e4umlichkeiten.\u00a0 Auch f\u00fcr etwaige Karaoke Einlagen kann jederzeit (nach vorheriger Absprache) gesorgt werden.\u00a0 Karaoke wird f\u00fcr S\u00e4ngerin und S\u00e4nger und die Zuh\u00f6rer immer ein H\u00f6hepunkte ihrer Betriebsweihnachtsfeier und ein unvergessliches Erlebnis.\u00a0 Gute Laune ist garantiert&#8230;<\/p>\n<p><a class=\"clear excerptmore button\" href=\"https:\/\/weihnachtsfeier-planer.de\/wordpress\/programm-ideen\/dj\/\">Weiterlesen&#8230; &raquo;<\/a><\/p>\n","protected":false},"author":1,"featured_media":0,"parent":77,"menu_order":0,"comment_status":"closed","ping_status":"closed","template":"tpl_fullwidth-page.php","meta":[],"yoast_head":"<!-- This site is optimized with the Yoast SEO plugin v19.8 - https:\/\/yoast.com\/wordpress\/plugins\/seo\/ -->\n<title>DJ - Weihnachtsfeier Planer Berlin<\/title>\n<meta name=\"robots\" content=\"index, follow, max-snippet:-1, max-image-preview:large, max-video-preview:-1\" \/>\n<link rel=\"canonical\" href=\"https:\/\/weihnachtsfeier-planer.de\/wordpress\/programm-ideen\/dj\/\" \/>\n<meta property=\"og:locale\" content=\"de_DE\" \/>\n<meta property=\"og:type\" content=\"article\" \/>\n<meta property=\"og:title\" content=\"DJ - Weihnachtsfeier Planer Berlin\" \/>\n<meta property=\"og:description\" content=\"Ein guter DJ liest sein Publikum und kennt die \u201eFloorfiller\u201c einer jeden Generation.\u00a0 Er bewegt die G\u00e4ste auf die Tanzfl\u00e4che und bestimmt das Tempo des Abends.\u00a0 F\u00fcr Ihre Weihnachtsfeier haben wir DJs in unserer Datenbank die genau das Alles behe rrschen.\u00a0 Sie kennen die Musik der verschiedenen Generationen und die Musik die alle Generationen verbindet.\u00a0 Sie setzen die Musik in der richtigen Mischung ein.\u00a0 Selbstverst\u00e4ndlich verf\u00fcgen alle Techniker \u00fcber entsprechende Ton- und Lichttechnik f\u00fcr die R\u00e4umlichkeiten.\u00a0 Auch f\u00fcr etwaige Karaoke Einlagen kann jederzeit (nach vorheriger Absprache) gesorgt werden.\u00a0 Karaoke wird f\u00fcr S\u00e4ngerin und S\u00e4nger und die Zuh\u00f6rer immer ein H\u00f6hepunkte ihrer Betriebsweihnachtsfeier und ein unvergessliches Erlebnis.\u00a0 Gute Laune ist garantiert...Weiterlesen... &raquo;\" \/>\n<meta property=\"og:url\" content=\"https:\/\/weihnachtsfeier-planer.de\/wordpress\/programm-ideen\/dj\/\" \/>\n<meta property=\"og:site_name\" content=\"Weihnachtsfeier Planer Berlin\" \/>\n<meta property=\"article:modified_time\" content=\"2016-10-26T09:49:12+00:00\" \/>\n<meta property=\"og:image\" content=\"http:\/\/weihnachtsfeier-planer.de\/wordpress\/wp-content\/uploads\/2013\/07\/weihnachtsfeier-planer_karaoke_dj_11-300x199.jpg\" \/>\n<meta name=\"twitter:label1\" content=\"Gesch\u00e4tzte Lesezeit\" \/>\n\t<meta name=\"twitter:data1\" content=\"1\u00a0Minute\" \/>\n<script type=\"application\/ld+json\" class=\"yoast-schema-graph\">{\"@context\":\"https:\/\/schema.org\",\"@graph\":[{\"@type\":\"WebPage\",\"@id\":\"https:\/\/weihnachtsfeier-planer.de\/wordpress\/programm-ideen\/dj\/\",\"url\":\"https:\/\/weihnachtsfeier-planer.de\/wordpress\/programm-ideen\/dj\/\",\"name\":\"DJ - Weihnachtsfeier Planer Berlin\",\"isPartOf\":{\"@id\":\"https:\/\/weihnachtsfeier-planer.de\/wordpress\/#website\"},\"datePublished\":\"2013-07-30T12:02:51+00:00\",\"dateModified\":\"2016-10-26T09:49:12+00:00\",\"breadcrumb\":{\"@id\":\"https:\/\/weihnachtsfeier-planer.de\/wordpress\/programm-ideen\/dj\/#breadcrumb\"},\"inLanguage\":\"de\",\"potentialAction\":[{\"@type\":\"ReadAction\",\"target\":[\"https:\/\/weihnachtsfeier-planer.de\/wordpress\/programm-ideen\/dj\/\"]}]},{\"@type\":\"BreadcrumbList\",\"@id\":\"https:\/\/weihnachtsfeier-planer.de\/wordpress\/programm-ideen\/dj\/#breadcrumb\",\"itemListElement\":[{\"@type\":\"ListItem\",\"position\":1,\"name\":\"Startseite\",\"item\":\"https:\/\/weihnachtsfeier-planer.de\/wordpress\/\"},{\"@type\":\"ListItem\",\"position\":2,\"name\":\"Programm \/ Ideen\",\"item\":\"https:\/\/weihnachtsfeier-planer.de\/wordpress\/programm-ideen\/\"},{\"@type\":\"ListItem\",\"position\":3,\"name\":\"DJ\"}]},{\"@type\":\"WebSite\",\"@id\":\"https:\/\/weihnachtsfeier-planer.de\/wordpress\/#website\",\"url\":\"https:\/\/weihnachtsfeier-planer.de\/wordpress\/\",\"name\":\"Weihnachtsfeier Planer Berlin\",\"description\":\"Auf eine wunderbare Weihnachtsfeier in Berlin\",\"potentialAction\":[{\"@type\":\"SearchAction\",\"target\":{\"@type\":\"EntryPoint\",\"urlTemplate\":\"https:\/\/weihnachtsfeier-planer.de\/wordpress\/?s={search_term_string}\"},\"query-input\":\"required name=search_term_string\"}],\"inLanguage\":\"de\"}]}<\/script>\n<!-- \/ Yoast SEO plugin. -->","yoast_head_json":{"title":"DJ - Weihnachtsfeier Planer Berlin","robots":{"index":"index","follow":"follow","max-snippet":"max-snippet:-1","max-image-preview":"max-image-preview:large","max-video-preview":"max-video-preview:-1"},"canonical":"https:\/\/weihnachtsfeier-planer.de\/wordpress\/programm-ideen\/dj\/","og_locale":"de_DE","og_type":"article","og_title":"DJ - Weihnachtsfeier Planer Berlin","og_description":"Ein guter DJ liest sein Publikum und kennt die \u201eFloorfiller\u201c einer jeden Generation.\u00a0 Er bewegt die G\u00e4ste auf die Tanzfl\u00e4che und bestimmt das Tempo des Abends.\u00a0 F\u00fcr Ihre Weihnachtsfeier haben wir DJs in unserer Datenbank die genau das Alles behe rrschen.\u00a0 Sie kennen die Musik der verschiedenen Generationen und die Musik die alle Generationen verbindet.\u00a0 Sie setzen die Musik in der richtigen Mischung ein.\u00a0 Selbstverst\u00e4ndlich verf\u00fcgen alle Techniker \u00fcber entsprechende Ton- und Lichttechnik f\u00fcr die R\u00e4umlichkeiten.\u00a0 Auch f\u00fcr etwaige Karaoke Einlagen kann jederzeit (nach vorheriger Absprache) gesorgt werden.\u00a0 Karaoke wird f\u00fcr S\u00e4ngerin und S\u00e4nger und die Zuh\u00f6rer immer ein H\u00f6hepunkte ihrer Betriebsweihnachtsfeier und ein unvergessliches Erlebnis.\u00a0 Gute Laune ist garantiert...Weiterlesen... &raquo;","og_url":"https:\/\/weihnachtsfeier-planer.de\/wordpress\/programm-ideen\/dj\/","og_site_name":"Weihnachtsfeier Planer Berlin","article_modified_time":"2016-10-26T09:49:12+00:00","og_image":[{"url":"http:\/\/weihnachtsfeier-planer.de\/wordpress\/wp-content\/uploads\/2013\/07\/weihnachtsfeier-planer_karaoke_dj_11-300x199.jpg"}],"twitter_misc":{"Gesch\u00e4tzte Lesezeit":"1\u00a0Minute"},"schema":{"@context":"https:\/\/schema.org","@graph":[{"@type":"WebPage","@id":"https:\/\/weihnachtsfeier-planer.de\/wordpress\/programm-ideen\/dj\/","url":"https:\/\/weihnachtsfeier-planer.de\/wordpress\/programm-ideen\/dj\/","name":"DJ - Weihnachtsfeier Planer Berlin","isPartOf":{"@id":"https:\/\/weihnachtsfeier-planer.de\/wordpress\/#website"},"datePublished":"2013-07-30T12:02:51+00:00","dateModified":"2016-10-26T09:49:12+00:00","breadcrumb":{"@id":"https:\/\/weihnachtsfeier-planer.de\/wordpress\/programm-ideen\/dj\/#breadcrumb"},"inLanguage":"de","potentialAction":[{"@type":"ReadAction","target":["https:\/\/weihnachtsfeier-planer.de\/wordpress\/programm-ideen\/dj\/"]}]},{"@type":"BreadcrumbList","@id":"https:\/\/weihnachtsfeier-planer.de\/wordpress\/programm-ideen\/dj\/#breadcrumb","itemListElement":[{"@type":"ListItem","position":1,"name":"Startseite","item":"https:\/\/weihnachtsfeier-planer.de\/wordpress\/"},{"@type":"ListItem","position":2,"name":"Programm \/ Ideen","item":"https:\/\/weihnachtsfeier-planer.de\/wordpress\/programm-ideen\/"},{"@type":"ListItem","position":3,"name":"DJ"}]},{"@type":"WebSite","@id":"https:\/\/weihnachtsfeier-planer.de\/wordpress\/#website","url":"https:\/\/weihnachtsfeier-planer.de\/wordpress\/","name":"Weihnachtsfeier Planer Berlin","description":"Auf eine wunderbare Weihnachtsfeier in Berlin","potentialAction":[{"@type":"SearchAction","target":{"@type":"EntryPoint","urlTemplate":"https:\/\/weihnachtsfeier-planer.de\/wordpress\/?s={search_term_string}"},"query-input":"required name=search_term_string"}],"inLanguage":"de"}]}},"_links":{"self":[{"href":"https:\/\/weihnachtsfeier-planer.de\/wordpress\/wp-json\/wp\/v2\/pages\/130"}],"collection":[{"href":"https:\/\/weihnachtsfeier-planer.de\/wordpress\/wp-json\/wp\/v2\/pages"}],"about":[{"href":"https:\/\/weihnachtsfeier-planer.de\/wordpress\/wp-json\/wp\/v2\/types\/page"}],"author":[{"embeddable":true,"href":"https:\/\/weihnachtsfeier-planer.de\/wordpress\/wp-json\/wp\/v2\/users\/1"}],"replies":[{"embeddable":true,"href":"https:\/\/weihnachtsfeier-planer.de\/wordpress\/wp-json\/wp\/v2\/comments?post=130"}],"version-history":[{"count":9,"href":"https:\/\/weihnachtsfeier-planer.de\/wordpress\/wp-json\/wp\/v2\/pages\/130\/revisions"}],"predecessor-version":[{"id":680,"href":"https:\/\/weihnachtsfeier-planer.de\/wordpress\/wp-json\/wp\/v2\/pages\/130\/revisions\/680"}],"up":[{"embeddable":true,"href":"https:\/\/weihnachtsfeier-planer.de\/wordpress\/wp-json\/wp\/v2\/pages\/77"}],"wp:attachment":[{"href":"https:\/\/weihnachtsfeier-planer.de\/wordpress\/wp-json\/wp\/v2\/media?parent=130"}],"curies":[{"name":"wp","href":"https:\/\/api.w.org\/{rel}","templated":true}]}}