{"id":136,"date":"2013-07-30T14:07:23","date_gmt":"2013-07-30T12:07:23","guid":{"rendered":"http:\/\/weihnachtsfeier-planer.de\/wordpress\/?page_id=136"},"modified":"2014-11-11T12:23:22","modified_gmt":"2014-11-11T11:23:22","slug":"pyrograf","status":"publish","type":"page","link":"https:\/\/weihnachtsfeier-planer.de\/wordpress\/programm-ideen\/pyrograf\/","title":{"rendered":"Pyrograf"},"content":{"rendered":"<p><span style=\"color: #888888;\"><img loading=\"lazy\" class=\"size-full wp-image-426 alignleft\" title=\"Ideen f\u00fcr die Weihnachtsfeier - der Weihnachtsfeier Planer aus Berlin\" alt=\"weihnachtsfeier-planer_berlin_programm_pyrograf_10\" src=\"https:\/\/weihnachtsfeier-planer.de\/wordpress\/wp-content\/uploads\/2013\/08\/weihnachtsfeier-planer_berlin_programm_pyrograf_10.jpg\" width=\"233\" height=\"233\" srcset=\"https:\/\/weihnachtsfeier-planer.de\/wordpress\/wp-content\/uploads\/2013\/08\/weihnachtsfeier-planer_berlin_programm_pyrograf_10.jpg 200w, https:\/\/weihnachtsfeier-planer.de\/wordpress\/wp-content\/uploads\/2013\/08\/weihnachtsfeier-planer_berlin_programm_pyrograf_10-150x150.jpg 150w, https:\/\/weihnachtsfeier-planer.de\/wordpress\/wp-content\/uploads\/2013\/08\/weihnachtsfeier-planer_berlin_programm_pyrograf_10-50x50.jpg 50w\" sizes=\"(max-width: 233px) 100vw, 233px\" \/>1999 brannten Zwei Zeichner zum ersten mal in der westlichen Kulturgeschichte das Portrait eines einfachen handels\u00fcblichen Menschen mit einer einfachen handels\u00fcblichen Wunderkerze auf ein einfaches handels\u00fcbliches Blatt Papier.\u00a0 Diesen Vorgang nannten Sie Pyrografie.\u00a0<\/span><\/p>\n<p><span style=\"color: #888888;\">Seitdem haben die beiden Zeichner auf \u00fcber 500 Veranstaltungen mehr als 10.000 Feuerportraits angefertigt.\u00a0 <img loading=\"lazy\" class=\"size-full wp-image-428 alignright\" title=\"Ideen f\u00fcr die Weihnachtsfeier - der Weihnachtsfeier Planer aus Berlin\" alt=\"weihnachtsfeier-planer_berlin_programm_pyrograf_12\" src=\"https:\/\/weihnachtsfeier-planer.de\/wordpress\/wp-content\/uploads\/2013\/08\/weihnachtsfeier-planer_berlin_programm_pyrograf_12.jpg\" width=\"209\" height=\"209\" srcset=\"https:\/\/weihnachtsfeier-planer.de\/wordpress\/wp-content\/uploads\/2013\/08\/weihnachtsfeier-planer_berlin_programm_pyrograf_12.jpg 200w, https:\/\/weihnachtsfeier-planer.de\/wordpress\/wp-content\/uploads\/2013\/08\/weihnachtsfeier-planer_berlin_programm_pyrograf_12-150x150.jpg 150w, https:\/\/weihnachtsfeier-planer.de\/wordpress\/wp-content\/uploads\/2013\/08\/weihnachtsfeier-planer_berlin_programm_pyrograf_12-50x50.jpg 50w\" sizes=\"(max-width: 209px) 100vw, 209px\" \/>Eine Pyrografie entsteht in durchschnittlich 84 Sekunden.\u00a0<\/span><\/p>\n<p><span style=\"color: #888888;\">Eine weltweit einmalige Aktion.<\/span><\/p>\n<p><span style=\"color: #888888;\">\u00a0 1000 Funken, ein Bild ein Fest.\u00a0<\/span><\/p>\n<p><span style=\"color: #888888;\">Lassen Sie auf Ihrem Event die Funken spr\u00fchen!\u2028Neu: Jetzt gibt es Pyrografie auch im XXL-Format. Gro\u00dfzeichnungen mit einem Wunschmotiv (Logo, <\/span><span style=\"color: #888888;\">F\u00fchrungsetage, Produkte, etc.) als spektakul\u00e4re Performance w\u00e4hrend der Veranstaltung. Auf Wunsch und gegen eine Pauschale kann das Werk anschlie\u00dfend erstanden werden und zum Beispiel als bleibende Erinnerung im Unternehmen aufgeh\u00e4ngt werden.\u2028 Eine Kombination aus Gro\u00df\u2013 und Portr\u00e4tzeichnung ist ebenfalls m\u00f6glich.<\/span><span style=\"color: #888888;\"><img loading=\"lazy\" class=\"size-full wp-image-429 alignright\" title=\"Ideen f\u00fcr die Weihnachtsfeier - der Weihnachtsfeier Planer aus Berlin\" alt=\"weihnachtsfeier-planer_berlin_programm_pyrograf_13\" src=\"https:\/\/weihnachtsfeier-planer.de\/wordpress\/wp-content\/uploads\/2013\/08\/weihnachtsfeier-planer_berlin_programm_pyrograf_13.jpg\" width=\"165\" height=\"165\" srcset=\"https:\/\/weihnachtsfeier-planer.de\/wordpress\/wp-content\/uploads\/2013\/08\/weihnachtsfeier-planer_berlin_programm_pyrograf_13.jpg 200w, https:\/\/weihnachtsfeier-planer.de\/wordpress\/wp-content\/uploads\/2013\/08\/weihnachtsfeier-planer_berlin_programm_pyrograf_13-150x150.jpg 150w, https:\/\/weihnachtsfeier-planer.de\/wordpress\/wp-content\/uploads\/2013\/08\/weihnachtsfeier-planer_berlin_programm_pyrograf_13-50x50.jpg 50w\" sizes=\"(max-width: 165px) 100vw, 165px\" \/><\/span><\/p>\n<p><img loading=\"lazy\" class=\"size-full wp-image-427 alignleft\" title=\"Ideen f\u00fcr die Weihnachtsfeier - der Weihnachtsfeier Planer aus Berlin\" alt=\"weihnachtsfeier-planer_berlin_programm_pyrograf_11\" src=\"https:\/\/weihnachtsfeier-planer.de\/wordpress\/wp-content\/uploads\/2013\/08\/weihnachtsfeier-planer_berlin_programm_pyrograf_11.jpg\" width=\"165\" height=\"165\" srcset=\"https:\/\/weihnachtsfeier-planer.de\/wordpress\/wp-content\/uploads\/2013\/08\/weihnachtsfeier-planer_berlin_programm_pyrograf_11.jpg 200w, https:\/\/weihnachtsfeier-planer.de\/wordpress\/wp-content\/uploads\/2013\/08\/weihnachtsfeier-planer_berlin_programm_pyrograf_11-150x150.jpg 150w, https:\/\/weihnachtsfeier-planer.de\/wordpress\/wp-content\/uploads\/2013\/08\/weihnachtsfeier-planer_berlin_programm_pyrograf_11-50x50.jpg 50w\" sizes=\"(max-width: 165px) 100vw, 165px\" \/><\/p>\n","protected":false},"excerpt":{"rendered":"<p>1999 brannten Zwei Zeichner zum ersten mal in der westlichen Kulturgeschichte das Portrait eines einfachen handels\u00fcblichen Menschen mit einer einfachen handels\u00fcblichen Wunderkerze auf ein einfaches handels\u00fcbliches Blatt Papier.\u00a0 Diesen Vorgang nannten Sie Pyrografie.\u00a0 Seitdem haben die beiden Zeichner auf \u00fcber 500 Veranstaltungen mehr als 10.000 Feuerportraits angefertigt.\u00a0 Eine Pyrografie entsteht in durchschnittlich 84 Sekunden.\u00a0 Eine weltweit einmalige Aktion. \u00a0 1000 Funken, ein Bild ein Fest.\u00a0 Lassen Sie auf Ihrem Event die Funken spr\u00fchen!\u2028Neu: Jetzt gibt es Pyrografie auch im XXL-Format. Gro\u00dfzeichnungen mit einem Wunschmotiv (Logo, F\u00fchrungsetage, Produkte, etc.) als spektakul\u00e4re Performance w\u00e4hrend der Veranstaltung. Auf Wunsch und gegen eine Pauschale kann das Werk anschlie\u00dfend erstanden werden und zum Beispiel als&#8230;<\/p>\n<p><a class=\"clear excerptmore button\" href=\"https:\/\/weihnachtsfeier-planer.de\/wordpress\/programm-ideen\/pyrograf\/\">Weiterlesen&#8230; &raquo;<\/a><\/p>\n","protected":false},"author":1,"featured_media":0,"parent":77,"menu_order":0,"comment_status":"open","ping_status":"closed","template":"tpl_fullwidth-page.php","meta":[],"yoast_head":"<!-- This site is optimized with the Yoast SEO plugin v19.8 - https:\/\/yoast.com\/wordpress\/plugins\/seo\/ -->\n<title>Pyrograf - Weihnachtsfeier Planer Berlin<\/title>\n<meta name=\"robots\" content=\"index, follow, max-snippet:-1, max-image-preview:large, max-video-preview:-1\" \/>\n<link rel=\"canonical\" href=\"https:\/\/weihnachtsfeier-planer.de\/wordpress\/programm-ideen\/pyrograf\/\" \/>\n<meta property=\"og:locale\" content=\"de_DE\" \/>\n<meta property=\"og:type\" content=\"article\" \/>\n<meta property=\"og:title\" content=\"Pyrograf - Weihnachtsfeier Planer Berlin\" \/>\n<meta property=\"og:description\" content=\"1999 brannten Zwei Zeichner zum ersten mal in der westlichen Kulturgeschichte das Portrait eines einfachen handels\u00fcblichen Menschen mit einer einfachen handels\u00fcblichen Wunderkerze auf ein einfaches handels\u00fcbliches Blatt Papier.\u00a0 Diesen Vorgang nannten Sie Pyrografie.\u00a0 Seitdem haben die beiden Zeichner auf \u00fcber 500 Veranstaltungen mehr als 10.000 Feuerportraits angefertigt.\u00a0 Eine Pyrografie entsteht in durchschnittlich 84 Sekunden.\u00a0 Eine weltweit einmalige Aktion. \u00a0 1000 Funken, ein Bild ein Fest.\u00a0 Lassen Sie auf Ihrem Event die Funken spr\u00fchen!\u2028Neu: Jetzt gibt es Pyrografie auch im XXL-Format. Gro\u00dfzeichnungen mit einem Wunschmotiv (Logo, F\u00fchrungsetage, Produkte, etc.) als spektakul\u00e4re Performance w\u00e4hrend der Veranstaltung. Auf Wunsch und gegen eine Pauschale kann das Werk anschlie\u00dfend erstanden werden und zum Beispiel als...Weiterlesen... &raquo;\" \/>\n<meta property=\"og:url\" content=\"https:\/\/weihnachtsfeier-planer.de\/wordpress\/programm-ideen\/pyrograf\/\" \/>\n<meta property=\"og:site_name\" content=\"Weihnachtsfeier Planer Berlin\" \/>\n<meta property=\"article:modified_time\" content=\"2014-11-11T11:23:22+00:00\" \/>\n<meta property=\"og:image\" content=\"http:\/\/weihnachtsfeier-planer.de\/wordpress\/wp-content\/uploads\/2013\/08\/weihnachtsfeier-planer_berlin_programm_pyrograf_10.jpg\" \/>\n<meta name=\"twitter:label1\" content=\"Gesch\u00e4tzte Lesezeit\" \/>\n\t<meta name=\"twitter:data1\" content=\"1\u00a0Minute\" \/>\n<script type=\"application\/ld+json\" class=\"yoast-schema-graph\">{\"@context\":\"https:\/\/schema.org\",\"@graph\":[{\"@type\":\"WebPage\",\"@id\":\"https:\/\/weihnachtsfeier-planer.de\/wordpress\/programm-ideen\/pyrograf\/\",\"url\":\"https:\/\/weihnachtsfeier-planer.de\/wordpress\/programm-ideen\/pyrograf\/\",\"name\":\"Pyrograf - Weihnachtsfeier Planer Berlin\",\"isPartOf\":{\"@id\":\"https:\/\/weihnachtsfeier-planer.de\/wordpress\/#website\"},\"datePublished\":\"2013-07-30T12:07:23+00:00\",\"dateModified\":\"2014-11-11T11:23:22+00:00\",\"breadcrumb\":{\"@id\":\"https:\/\/weihnachtsfeier-planer.de\/wordpress\/programm-ideen\/pyrograf\/#breadcrumb\"},\"inLanguage\":\"de\",\"potentialAction\":[{\"@type\":\"ReadAction\",\"target\":[\"https:\/\/weihnachtsfeier-planer.de\/wordpress\/programm-ideen\/pyrograf\/\"]}]},{\"@type\":\"BreadcrumbList\",\"@id\":\"https:\/\/weihnachtsfeier-planer.de\/wordpress\/programm-ideen\/pyrograf\/#breadcrumb\",\"itemListElement\":[{\"@type\":\"ListItem\",\"position\":1,\"name\":\"Startseite\",\"item\":\"https:\/\/weihnachtsfeier-planer.de\/wordpress\/\"},{\"@type\":\"ListItem\",\"position\":2,\"name\":\"Programm \/ Ideen\",\"item\":\"https:\/\/weihnachtsfeier-planer.de\/wordpress\/programm-ideen\/\"},{\"@type\":\"ListItem\",\"position\":3,\"name\":\"Pyrograf\"}]},{\"@type\":\"WebSite\",\"@id\":\"https:\/\/weihnachtsfeier-planer.de\/wordpress\/#website\",\"url\":\"https:\/\/weihnachtsfeier-planer.de\/wordpress\/\",\"name\":\"Weihnachtsfeier Planer Berlin\",\"description\":\"Auf eine wunderbare Weihnachtsfeier in Berlin\",\"potentialAction\":[{\"@type\":\"SearchAction\",\"target\":{\"@type\":\"EntryPoint\",\"urlTemplate\":\"https:\/\/weihnachtsfeier-planer.de\/wordpress\/?s={search_term_string}\"},\"query-input\":\"required name=search_term_string\"}],\"inLanguage\":\"de\"}]}<\/script>\n<!-- \/ Yoast SEO plugin. -->","yoast_head_json":{"title":"Pyrograf - Weihnachtsfeier Planer Berlin","robots":{"index":"index","follow":"follow","max-snippet":"max-snippet:-1","max-image-preview":"max-image-preview:large","max-video-preview":"max-video-preview:-1"},"canonical":"https:\/\/weihnachtsfeier-planer.de\/wordpress\/programm-ideen\/pyrograf\/","og_locale":"de_DE","og_type":"article","og_title":"Pyrograf - Weihnachtsfeier Planer Berlin","og_description":"1999 brannten Zwei Zeichner zum ersten mal in der westlichen Kulturgeschichte das Portrait eines einfachen handels\u00fcblichen Menschen mit einer einfachen handels\u00fcblichen Wunderkerze auf ein einfaches handels\u00fcbliches Blatt Papier.\u00a0 Diesen Vorgang nannten Sie Pyrografie.\u00a0 Seitdem haben die beiden Zeichner auf \u00fcber 500 Veranstaltungen mehr als 10.000 Feuerportraits angefertigt.\u00a0 Eine Pyrografie entsteht in durchschnittlich 84 Sekunden.\u00a0 Eine weltweit einmalige Aktion. \u00a0 1000 Funken, ein Bild ein Fest.\u00a0 Lassen Sie auf Ihrem Event die Funken spr\u00fchen!\u2028Neu: Jetzt gibt es Pyrografie auch im XXL-Format. Gro\u00dfzeichnungen mit einem Wunschmotiv (Logo, F\u00fchrungsetage, Produkte, etc.) als spektakul\u00e4re Performance w\u00e4hrend der Veranstaltung. Auf Wunsch und gegen eine Pauschale kann das Werk anschlie\u00dfend erstanden werden und zum Beispiel als...Weiterlesen... &raquo;","og_url":"https:\/\/weihnachtsfeier-planer.de\/wordpress\/programm-ideen\/pyrograf\/","og_site_name":"Weihnachtsfeier Planer Berlin","article_modified_time":"2014-11-11T11:23:22+00:00","og_image":[{"url":"http:\/\/weihnachtsfeier-planer.de\/wordpress\/wp-content\/uploads\/2013\/08\/weihnachtsfeier-planer_berlin_programm_pyrograf_10.jpg"}],"twitter_misc":{"Gesch\u00e4tzte Lesezeit":"1\u00a0Minute"},"schema":{"@context":"https:\/\/schema.org","@graph":[{"@type":"WebPage","@id":"https:\/\/weihnachtsfeier-planer.de\/wordpress\/programm-ideen\/pyrograf\/","url":"https:\/\/weihnachtsfeier-planer.de\/wordpress\/programm-ideen\/pyrograf\/","name":"Pyrograf - Weihnachtsfeier Planer Berlin","isPartOf":{"@id":"https:\/\/weihnachtsfeier-planer.de\/wordpress\/#website"},"datePublished":"2013-07-30T12:07:23+00:00","dateModified":"2014-11-11T11:23:22+00:00","breadcrumb":{"@id":"https:\/\/weihnachtsfeier-planer.de\/wordpress\/programm-ideen\/pyrograf\/#breadcrumb"},"inLanguage":"de","potentialAction":[{"@type":"ReadAction","target":["https:\/\/weihnachtsfeier-planer.de\/wordpress\/programm-ideen\/pyrograf\/"]}]},{"@type":"BreadcrumbList","@id":"https:\/\/weihnachtsfeier-planer.de\/wordpress\/programm-ideen\/pyrograf\/#breadcrumb","itemListElement":[{"@type":"ListItem","position":1,"name":"Startseite","item":"https:\/\/weihnachtsfeier-planer.de\/wordpress\/"},{"@type":"ListItem","position":2,"name":"Programm \/ Ideen","item":"https:\/\/weihnachtsfeier-planer.de\/wordpress\/programm-ideen\/"},{"@type":"ListItem","position":3,"name":"Pyrograf"}]},{"@type":"WebSite","@id":"https:\/\/weihnachtsfeier-planer.de\/wordpress\/#website","url":"https:\/\/weihnachtsfeier-planer.de\/wordpress\/","name":"Weihnachtsfeier Planer Berlin","description":"Auf eine wunderbare Weihnachtsfeier in Berlin","potentialAction":[{"@type":"SearchAction","target":{"@type":"EntryPoint","urlTemplate":"https:\/\/weihnachtsfeier-planer.de\/wordpress\/?s={search_term_string}"},"query-input":"required name=search_term_string"}],"inLanguage":"de"}]}},"_links":{"self":[{"href":"https:\/\/weihnachtsfeier-planer.de\/wordpress\/wp-json\/wp\/v2\/pages\/136"}],"collection":[{"href":"https:\/\/weihnachtsfeier-planer.de\/wordpress\/wp-json\/wp\/v2\/pages"}],"about":[{"href":"https:\/\/weihnachtsfeier-planer.de\/wordpress\/wp-json\/wp\/v2\/types\/page"}],"author":[{"embeddable":true,"href":"https:\/\/weihnachtsfeier-planer.de\/wordpress\/wp-json\/wp\/v2\/users\/1"}],"replies":[{"embeddable":true,"href":"https:\/\/weihnachtsfeier-planer.de\/wordpress\/wp-json\/wp\/v2\/comments?post=136"}],"version-history":[{"count":6,"href":"https:\/\/weihnachtsfeier-planer.de\/wordpress\/wp-json\/wp\/v2\/pages\/136\/revisions"}],"predecessor-version":[{"id":430,"href":"https:\/\/weihnachtsfeier-planer.de\/wordpress\/wp-json\/wp\/v2\/pages\/136\/revisions\/430"}],"up":[{"embeddable":true,"href":"https:\/\/weihnachtsfeier-planer.de\/wordpress\/wp-json\/wp\/v2\/pages\/77"}],"wp:attachment":[{"href":"https:\/\/weihnachtsfeier-planer.de\/wordpress\/wp-json\/wp\/v2\/media?parent=136"}],"curies":[{"name":"wp","href":"https:\/\/api.w.org\/{rel}","templated":true}]}}