{"id":179,"date":"2013-07-30T15:09:22","date_gmt":"2013-07-30T13:09:22","guid":{"rendered":"http:\/\/weihnachtsfeier-planer.de\/wordpress\/?page_id=179"},"modified":"2016-10-26T13:40:36","modified_gmt":"2016-10-26T12:40:36","slug":"moderation","status":"publish","type":"page","link":"https:\/\/weihnachtsfeier-planer.de\/wordpress\/programm-ideen\/moderation\/","title":{"rendered":"Moderation"},"content":{"rendered":"<p><span style=\"color: #888888;\"><img loading=\"lazy\" class=\"size-full wp-image-180 alignleft\" src=\"https:\/\/weihnachtsfeier-planer.de\/wordpress\/wp-content\/uploads\/2013\/07\/weihnachtsfeier-planer_berlin_moderation_1.jpg\" alt=\"weihnachtsfeier-planer_berlin_moderation_1\" width=\"167\" height=\"167\" srcset=\"https:\/\/weihnachtsfeier-planer.de\/wordpress\/wp-content\/uploads\/2013\/07\/weihnachtsfeier-planer_berlin_moderation_1.jpg 200w, https:\/\/weihnachtsfeier-planer.de\/wordpress\/wp-content\/uploads\/2013\/07\/weihnachtsfeier-planer_berlin_moderation_1-150x150.jpg 150w\" sizes=\"(max-width: 167px) 100vw, 167px\" \/> Der Moderator leitet durch den offiziellen Teil der Weihnachtsfeier. Er ist der Entertainer, der Interviewer und der Anekdotenerz\u00e4hler.\u00a0 Er wird ausf\u00fchr<img loading=\"lazy\" class=\"alignright wp-image-695\" src=\"https:\/\/weihnachtsfeier-planer.de\/wordpress\/wp-content\/uploads\/2013\/07\/weihnachtsfeier-planer_berlin_moderation_11-300x294.jpg\" alt=\"weihnachtsfeier-planer_berlin_moderation_11\" width=\"250\" height=\"245\" srcset=\"https:\/\/weihnachtsfeier-planer.de\/wordpress\/wp-content\/uploads\/2013\/07\/weihnachtsfeier-planer_berlin_moderation_11-300x294.jpg 300w, https:\/\/weihnachtsfeier-planer.de\/wordpress\/wp-content\/uploads\/2013\/07\/weihnachtsfeier-planer_berlin_moderation_11-50x50.jpg 50w, https:\/\/weihnachtsfeier-planer.de\/wordpress\/wp-content\/uploads\/2013\/07\/weihnachtsfeier-planer_berlin_moderation_11.jpg 350w\" sizes=\"(max-width: 250px) 100vw, 250px\" \/><br \/>\nlich und ausgiebig gebrieft.\u00a0 Durch seine Neutralit\u00e4t und Professionalit\u00e4t sind Peinlichkeiten nahezu ausgeschlossen.\u00a0<\/span><\/p>\n<p><span style=\"color: #888888;\">Die Vorteile eines Moderators sind<\/span><\/p>\n<ul>\n<li><span style=\"color: #888888;\">Er gibt dem Abend einen Rahmen<\/span><\/li>\n<li><span style=\"color: #888888;\">Alle Teilnehmer k\u00f6nnen sich auf Ihre eigentlichen Aufgaben konzentrieren<\/span><\/li>\n<li><span style=\"color: #888888;\">Alle Besucher k\u00f6nnen das Gast sein genie\u00dfen<\/span><\/li>\n<li><span style=\"color: #888888;\">Der Moderator ist eine neutrale Person ohne Vorurteile\u00a0\u00a0<\/span><\/li>\n<li><span style=\"color: #888888;\">Er verleiht der Weihnachtsfeier eine professionelle Note<\/span><\/li>\n<\/ul>\n<p><span style=\"color: #888888;\">Die Kunst in der Moderation ist, den roten Faden einer Veranstaltung in der Hand zu behalten, so dass aus einzelnen Abschnitten einer Show ein rundes Ganzes wird. Der Moderator kann die\u00a0 Aufmerksamkeit des Publikums zu fesseln. Das schafft der Moderator mit eine<\/span><span style=\"color: #888888;\">r guten und einmaligen Mischung aus<\/span><\/p>\n<ul>\n<li><span style=\"color: #888888;\">Charme,<\/span><span style=\"color: #888888;\"><img loading=\"lazy\" class=\"size-medium wp-image-181 alignright\" src=\"https:\/\/weihnachtsfeier-planer.de\/wordpress\/wp-content\/uploads\/2013\/07\/weihnachtsfeier-planer_berlin_moderation_2.jpg\" alt=\"weihnachtsfeier-planer_berlin_moderation_2\" width=\"100\" height=\"100\" srcset=\"https:\/\/weihnachtsfeier-planer.de\/wordpress\/wp-content\/uploads\/2013\/07\/weihnachtsfeier-planer_berlin_moderation_2.jpg 200w, https:\/\/weihnachtsfeier-planer.de\/wordpress\/wp-content\/uploads\/2013\/07\/weihnachtsfeier-planer_berlin_moderation_2-150x150.jpg 150w\" sizes=\"(max-width: 100px) 100vw, 100px\" \/><\/span><\/li>\n<li><span style=\"color: #888888;\">Humor,<\/span><\/li>\n<li><span style=\"color: #888888;\">Sympathie,<\/span><\/li>\n<li><span style=\"color: #888888;\">Frische und<\/span><\/li>\n<li><span style=\"color: #888888;\">Professionalit\u00e4t,<\/span><\/li>\n<\/ul>\n<p><span style=\"color: #888888;\">die bei allen G\u00e4sten sehr gut ankommt. Ziel ist es die G\u00e4ste und Besucher und beteiligten Menschen emotional zu verbinden \u2013 untereinander und mit dem Ziel der Veranstaltung. Jeder unserer Moderatoren arbeitet sich gr\u00fcndlich in die Themen und die Beteiligten ein.\u00a0<\/span><\/p>\n<p><span style=\"color: #888888;\">Wir haben stets gute Erfahrungen mit extern moderierten Veranstaltungen gemacht.\u00a0<\/span><\/p>\n<p><span style=\"color: #888888;\">Mit diesen Moderatoren haben wir bereits gut und sehr gern zusammengearbeitet.<\/span><\/p>\n<ul>\n<li><span style=\"color: #888888;\">Guido Vogt<\/span><\/li>\n<li><span style=\"color: #888888;\">Mario Schmidt<\/span><\/li>\n<li><span style=\"color: #888888;\">Ilka Groenewold<\/span><\/li>\n<li><span style=\"color: #888888;\">Daniela Grittner<\/span><\/li>\n<li><span style=\"color: #888888;\">Arne Welenz<\/span><\/li>\n<li><span style=\"color: #888888;\">und weitere<\/span><\/li>\n<\/ul>\n","protected":false},"excerpt":{"rendered":"<p>Der Moderator leitet durch den offiziellen Teil der Weihnachtsfeier. Er ist der Entertainer, der Interviewer und der Anekdotenerz\u00e4hler.\u00a0 Er wird ausf\u00fchr lich und ausgiebig gebrieft.\u00a0 Durch seine Neutralit\u00e4t und Professionalit\u00e4t sind Peinlichkeiten nahezu ausgeschlossen.\u00a0 Die Vorteile eines Moderators sind Er gibt dem Abend einen Rahmen Alle Teilnehmer k\u00f6nnen sich auf Ihre eigentlichen Aufgaben konzentrieren Alle Besucher k\u00f6nnen das Gast sein genie\u00dfen Der Moderator ist eine neutrale Person ohne Vorurteile\u00a0\u00a0 Er verleiht der Weihnachtsfeier eine professionelle Note Die Kunst in der Moderation ist, den roten Faden einer Veranstaltung in der Hand zu behalten, so dass aus einzelnen Abschnitten einer Show ein rundes Ganzes wird. Der Moderator kann die\u00a0 Aufmerksamkeit des Publikums&#8230;<\/p>\n<p><a class=\"clear excerptmore button\" href=\"https:\/\/weihnachtsfeier-planer.de\/wordpress\/programm-ideen\/moderation\/\">Weiterlesen&#8230; &raquo;<\/a><\/p>\n","protected":false},"author":1,"featured_media":0,"parent":77,"menu_order":0,"comment_status":"open","ping_status":"closed","template":"tpl_fullwidth-page.php","meta":[],"yoast_head":"<!-- This site is optimized with the Yoast SEO plugin v19.8 - https:\/\/yoast.com\/wordpress\/plugins\/seo\/ -->\n<title>Moderation - Weihnachtsfeier Planer Berlin<\/title>\n<meta name=\"robots\" content=\"index, follow, max-snippet:-1, max-image-preview:large, max-video-preview:-1\" \/>\n<link rel=\"canonical\" href=\"https:\/\/weihnachtsfeier-planer.de\/wordpress\/programm-ideen\/moderation\/\" \/>\n<meta property=\"og:locale\" content=\"de_DE\" \/>\n<meta property=\"og:type\" content=\"article\" \/>\n<meta property=\"og:title\" content=\"Moderation - Weihnachtsfeier Planer Berlin\" \/>\n<meta property=\"og:description\" content=\"Der Moderator leitet durch den offiziellen Teil der Weihnachtsfeier. Er ist der Entertainer, der Interviewer und der Anekdotenerz\u00e4hler.\u00a0 Er wird ausf\u00fchr lich und ausgiebig gebrieft.\u00a0 Durch seine Neutralit\u00e4t und Professionalit\u00e4t sind Peinlichkeiten nahezu ausgeschlossen.\u00a0 Die Vorteile eines Moderators sind Er gibt dem Abend einen Rahmen Alle Teilnehmer k\u00f6nnen sich auf Ihre eigentlichen Aufgaben konzentrieren Alle Besucher k\u00f6nnen das Gast sein genie\u00dfen Der Moderator ist eine neutrale Person ohne Vorurteile\u00a0\u00a0 Er verleiht der Weihnachtsfeier eine professionelle Note Die Kunst in der Moderation ist, den roten Faden einer Veranstaltung in der Hand zu behalten, so dass aus einzelnen Abschnitten einer Show ein rundes Ganzes wird. Der Moderator kann die\u00a0 Aufmerksamkeit des Publikums...Weiterlesen... &raquo;\" \/>\n<meta property=\"og:url\" content=\"https:\/\/weihnachtsfeier-planer.de\/wordpress\/programm-ideen\/moderation\/\" \/>\n<meta property=\"og:site_name\" content=\"Weihnachtsfeier Planer Berlin\" \/>\n<meta property=\"article:modified_time\" content=\"2016-10-26T12:40:36+00:00\" \/>\n<meta property=\"og:image\" content=\"http:\/\/weihnachtsfeier-planer.de\/wordpress\/wp-content\/uploads\/2013\/07\/weihnachtsfeier-planer_berlin_moderation_1.jpg\" \/>\n<meta name=\"twitter:label1\" content=\"Gesch\u00e4tzte Lesezeit\" \/>\n\t<meta name=\"twitter:data1\" content=\"1\u00a0Minute\" \/>\n<script type=\"application\/ld+json\" class=\"yoast-schema-graph\">{\"@context\":\"https:\/\/schema.org\",\"@graph\":[{\"@type\":\"WebPage\",\"@id\":\"https:\/\/weihnachtsfeier-planer.de\/wordpress\/programm-ideen\/moderation\/\",\"url\":\"https:\/\/weihnachtsfeier-planer.de\/wordpress\/programm-ideen\/moderation\/\",\"name\":\"Moderation - Weihnachtsfeier Planer Berlin\",\"isPartOf\":{\"@id\":\"https:\/\/weihnachtsfeier-planer.de\/wordpress\/#website\"},\"datePublished\":\"2013-07-30T13:09:22+00:00\",\"dateModified\":\"2016-10-26T12:40:36+00:00\",\"breadcrumb\":{\"@id\":\"https:\/\/weihnachtsfeier-planer.de\/wordpress\/programm-ideen\/moderation\/#breadcrumb\"},\"inLanguage\":\"de\",\"potentialAction\":[{\"@type\":\"ReadAction\",\"target\":[\"https:\/\/weihnachtsfeier-planer.de\/wordpress\/programm-ideen\/moderation\/\"]}]},{\"@type\":\"BreadcrumbList\",\"@id\":\"https:\/\/weihnachtsfeier-planer.de\/wordpress\/programm-ideen\/moderation\/#breadcrumb\",\"itemListElement\":[{\"@type\":\"ListItem\",\"position\":1,\"name\":\"Startseite\",\"item\":\"https:\/\/weihnachtsfeier-planer.de\/wordpress\/\"},{\"@type\":\"ListItem\",\"position\":2,\"name\":\"Programm \/ Ideen\",\"item\":\"https:\/\/weihnachtsfeier-planer.de\/wordpress\/programm-ideen\/\"},{\"@type\":\"ListItem\",\"position\":3,\"name\":\"Moderation\"}]},{\"@type\":\"WebSite\",\"@id\":\"https:\/\/weihnachtsfeier-planer.de\/wordpress\/#website\",\"url\":\"https:\/\/weihnachtsfeier-planer.de\/wordpress\/\",\"name\":\"Weihnachtsfeier Planer Berlin\",\"description\":\"Auf eine wunderbare Weihnachtsfeier in Berlin\",\"potentialAction\":[{\"@type\":\"SearchAction\",\"target\":{\"@type\":\"EntryPoint\",\"urlTemplate\":\"https:\/\/weihnachtsfeier-planer.de\/wordpress\/?s={search_term_string}\"},\"query-input\":\"required name=search_term_string\"}],\"inLanguage\":\"de\"}]}<\/script>\n<!-- \/ Yoast SEO plugin. -->","yoast_head_json":{"title":"Moderation - Weihnachtsfeier Planer Berlin","robots":{"index":"index","follow":"follow","max-snippet":"max-snippet:-1","max-image-preview":"max-image-preview:large","max-video-preview":"max-video-preview:-1"},"canonical":"https:\/\/weihnachtsfeier-planer.de\/wordpress\/programm-ideen\/moderation\/","og_locale":"de_DE","og_type":"article","og_title":"Moderation - Weihnachtsfeier Planer Berlin","og_description":"Der Moderator leitet durch den offiziellen Teil der Weihnachtsfeier. Er ist der Entertainer, der Interviewer und der Anekdotenerz\u00e4hler.\u00a0 Er wird ausf\u00fchr lich und ausgiebig gebrieft.\u00a0 Durch seine Neutralit\u00e4t und Professionalit\u00e4t sind Peinlichkeiten nahezu ausgeschlossen.\u00a0 Die Vorteile eines Moderators sind Er gibt dem Abend einen Rahmen Alle Teilnehmer k\u00f6nnen sich auf Ihre eigentlichen Aufgaben konzentrieren Alle Besucher k\u00f6nnen das Gast sein genie\u00dfen Der Moderator ist eine neutrale Person ohne Vorurteile\u00a0\u00a0 Er verleiht der Weihnachtsfeier eine professionelle Note Die Kunst in der Moderation ist, den roten Faden einer Veranstaltung in der Hand zu behalten, so dass aus einzelnen Abschnitten einer Show ein rundes Ganzes wird. Der Moderator kann die\u00a0 Aufmerksamkeit des Publikums...Weiterlesen... &raquo;","og_url":"https:\/\/weihnachtsfeier-planer.de\/wordpress\/programm-ideen\/moderation\/","og_site_name":"Weihnachtsfeier Planer Berlin","article_modified_time":"2016-10-26T12:40:36+00:00","og_image":[{"url":"http:\/\/weihnachtsfeier-planer.de\/wordpress\/wp-content\/uploads\/2013\/07\/weihnachtsfeier-planer_berlin_moderation_1.jpg"}],"twitter_misc":{"Gesch\u00e4tzte Lesezeit":"1\u00a0Minute"},"schema":{"@context":"https:\/\/schema.org","@graph":[{"@type":"WebPage","@id":"https:\/\/weihnachtsfeier-planer.de\/wordpress\/programm-ideen\/moderation\/","url":"https:\/\/weihnachtsfeier-planer.de\/wordpress\/programm-ideen\/moderation\/","name":"Moderation - Weihnachtsfeier Planer Berlin","isPartOf":{"@id":"https:\/\/weihnachtsfeier-planer.de\/wordpress\/#website"},"datePublished":"2013-07-30T13:09:22+00:00","dateModified":"2016-10-26T12:40:36+00:00","breadcrumb":{"@id":"https:\/\/weihnachtsfeier-planer.de\/wordpress\/programm-ideen\/moderation\/#breadcrumb"},"inLanguage":"de","potentialAction":[{"@type":"ReadAction","target":["https:\/\/weihnachtsfeier-planer.de\/wordpress\/programm-ideen\/moderation\/"]}]},{"@type":"BreadcrumbList","@id":"https:\/\/weihnachtsfeier-planer.de\/wordpress\/programm-ideen\/moderation\/#breadcrumb","itemListElement":[{"@type":"ListItem","position":1,"name":"Startseite","item":"https:\/\/weihnachtsfeier-planer.de\/wordpress\/"},{"@type":"ListItem","position":2,"name":"Programm \/ Ideen","item":"https:\/\/weihnachtsfeier-planer.de\/wordpress\/programm-ideen\/"},{"@type":"ListItem","position":3,"name":"Moderation"}]},{"@type":"WebSite","@id":"https:\/\/weihnachtsfeier-planer.de\/wordpress\/#website","url":"https:\/\/weihnachtsfeier-planer.de\/wordpress\/","name":"Weihnachtsfeier Planer Berlin","description":"Auf eine wunderbare Weihnachtsfeier in Berlin","potentialAction":[{"@type":"SearchAction","target":{"@type":"EntryPoint","urlTemplate":"https:\/\/weihnachtsfeier-planer.de\/wordpress\/?s={search_term_string}"},"query-input":"required name=search_term_string"}],"inLanguage":"de"}]}},"_links":{"self":[{"href":"https:\/\/weihnachtsfeier-planer.de\/wordpress\/wp-json\/wp\/v2\/pages\/179"}],"collection":[{"href":"https:\/\/weihnachtsfeier-planer.de\/wordpress\/wp-json\/wp\/v2\/pages"}],"about":[{"href":"https:\/\/weihnachtsfeier-planer.de\/wordpress\/wp-json\/wp\/v2\/types\/page"}],"author":[{"embeddable":true,"href":"https:\/\/weihnachtsfeier-planer.de\/wordpress\/wp-json\/wp\/v2\/users\/1"}],"replies":[{"embeddable":true,"href":"https:\/\/weihnachtsfeier-planer.de\/wordpress\/wp-json\/wp\/v2\/comments?post=179"}],"version-history":[{"count":12,"href":"https:\/\/weihnachtsfeier-planer.de\/wordpress\/wp-json\/wp\/v2\/pages\/179\/revisions"}],"predecessor-version":[{"id":697,"href":"https:\/\/weihnachtsfeier-planer.de\/wordpress\/wp-json\/wp\/v2\/pages\/179\/revisions\/697"}],"up":[{"embeddable":true,"href":"https:\/\/weihnachtsfeier-planer.de\/wordpress\/wp-json\/wp\/v2\/pages\/77"}],"wp:attachment":[{"href":"https:\/\/weihnachtsfeier-planer.de\/wordpress\/wp-json\/wp\/v2\/media?parent=179"}],"curies":[{"name":"wp","href":"https:\/\/api.w.org\/{rel}","templated":true}]}}