{"id":200,"date":"2013-07-30T15:27:12","date_gmt":"2013-07-30T13:27:12","guid":{"rendered":"http:\/\/weihnachtsfeier-planer.de\/wordpress\/?page_id=200"},"modified":"2013-07-31T11:02:04","modified_gmt":"2013-07-31T09:02:04","slug":"uber-uns-die-weihnachtsfeierplaner","status":"publish","type":"page","link":"https:\/\/weihnachtsfeier-planer.de\/wordpress\/uber-uns-die-weihnachtsfeierplaner\/","title":{"rendered":"\u00fcber uns &#8211; Die Weihnachtsfeierplaner"},"content":{"rendered":"<p><span style=\"color: #888888;\">Wir haben uns einen Traum erf\u00fcllt! Wir leben unseren Traum! Wir wollten immer Veranstaltungen \/ Events in unserem Leben planen und organisieren.\u00a0 Nicht mehr \u2013 nicht weniger!<\/span><\/p>\n<p><span style=\"color: #888888;\">Genau das!<\/span><\/p>\n<ul>\n<li><span style=\"color: #888888;\">Und genau das machen wir nun schon seit 1999.<\/span><\/li>\n<li><span style=\"color: #888888;\">Leidenschaft f\u00fcr das Event!<\/span><\/li>\n<li><span style=\"color: #888888;\">Liebe zum Detail!<\/span><\/li>\n<li><span style=\"color: #888888;\">Kreativit\u00e4t bei der Planung und Umsetzung!<\/span><span style=\"color: #888888;\"><img loading=\"lazy\" class=\"size-medium wp-image-204 alignright\" alt=\"LOGO_Weihnachtsfeier-Planer_5_kl\" src=\"https:\/\/weihnachtsfeier-planer.de\/wordpress\/wp-content\/uploads\/2013\/07\/LOGO_Weihnachtsfeier-Planer_5_kl-260x300.jpg\" width=\"372\" height=\"427\" srcset=\"https:\/\/weihnachtsfeier-planer.de\/wordpress\/wp-content\/uploads\/2013\/07\/LOGO_Weihnachtsfeier-Planer_5_kl-890x1024.jpg 890w, https:\/\/weihnachtsfeier-planer.de\/wordpress\/wp-content\/uploads\/2013\/07\/LOGO_Weihnachtsfeier-Planer_5_kl.jpg 1240w\" sizes=\"(max-width: 372px) 100vw, 372px\" \/><\/span><\/li>\n<li><span style=\"color: #888888;\">Akribisch bei der Organisation!<\/span><\/li>\n<\/ul>\n<p><span style=\"color: #888888;\">Wir sorgen daf\u00fcr, dass Ihr Event etwas ganz Besonderes wird und f\u00fcr alle unvergessen bleibt.<\/span><\/p>\n<p><span style=\"color: #888888;\">Zu unserem Portfolio geh\u00f6ren:<\/span><\/p>\n<ul>\n<li><span style=\"color: #888888;\">Weihnachtsfeiern<\/span><\/li>\n<li><span style=\"color: #888888;\">B\u00e4lle<\/span><\/li>\n<li><span style=\"color: #888888;\">Galas<\/span><\/li>\n<li><span style=\"color: #888888;\">Incentives<\/span><\/li>\n<li><span style=\"color: #888888;\">Sommerfeste etc.<\/span><\/li>\n<li><span style=\"color: #888888;\">Betriebsfeiern<\/span><\/li>\n<li><span style=\"color: #888888;\">Stadtfeste<\/span><\/li>\n<li><span style=\"color: #888888;\">Konzerte<\/span><\/li>\n<li><span style=\"color: #888888;\">Kongresse<\/span><\/li>\n<li><span style=\"color: #888888;\">Messen<\/span><\/li>\n<li><span style=\"color: #888888;\">VIP Veranstaltungen<\/span><\/li>\n<li><span style=\"color: #888888;\">K\u00fcnstlervermittlung<\/span><\/li>\n<li><span style=\"color: #888888;\">Guerilla Aktionen<\/span><\/li>\n<li><span style=\"color: #888888;\">Diverse Sportveranstaltungen (inkl. Laufveranstaltungen)<\/span><\/li>\n<\/ul>\n<p><span style=\"color: #888888;\">Zu unseren Kunden geh\u00f6ren, kleine Firmen und gro\u00dfe Konzerne, lokale und nationale Anbieter, globale Firmen, St\u00e4dte und Gemeinde.<\/span><\/p>\n<p><span style=\"color: #888888;\">Wir planen Ihre Veranstaltung bis in das letzte Detail.\u00a0 Wir \u00fcberlassen nichts dem Zufall und m\u00fcssen aufgrund unserer akribischen Planung auch nicht \u201eimprovisieren\u201c.<\/span><\/p>\n<p><span style=\"color: #888888;\">Wir planen die Veranstaltungen und Weihnachtsfeiern von \u201eder Idee bis zur Zugabe!\u201c.\u00a0 \u201eDie Weihnachtsfeier Planer\u201c ist eine Marke der V Event GmbH.\u00a0 V Event ist eine Full-Service Event-Agentur.\u00a0 Das bedeutet, dass Sie sich um nichts mehr k\u00fcmmern brauchen. K\u00fcnstler, Technik, Dekoration, Personal, Genehmigungen, Catering, Location&#8230; \u2013 alles wird von uns geliefert.<\/span><\/p>\n<p><span style=\"color: #888888;\">Selbstverst\u00e4ndlich bekommen Sie ein regelm\u00e4\u00dfiges Feedback, so dass Sie immer \u00fcber den aktuellen Stand der Dinge informiert sind.<\/span><\/p>\n<p><span style=\"color: #888888;\">Verschiedenste Ideen f\u00fcr Ihre Feste liefern wir Ihnen, schlagen Ihnen K\u00fcnstler und Programm vor und geben Vorschl\u00e4ge f\u00fcr Au\u00dfergew\u00f6hnliches.<\/span><\/p>\n<p><span style=\"color: #888888;\">Wenn Sie auf Ihrer Veranstaltung gl\u00fccklich sind \u2013 dann sind wir es auch! \u00a0Und wir lieben es wenn wir gl\u00fccklich sind.<\/span><\/p>\n<p><span style=\"color: #888888;\">Die Weihnachtsfeier Planer \u2013 zur Realisierung unbeschr\u00e4nkter Phantasien&#8230;<\/span><\/p>\n<p style=\"text-align: center;\"><img loading=\"lazy\" class=\"size-medium wp-image-203 aligncenter\" alt=\"LOGO_Weihnachtsfeier-Planer_4\" src=\"https:\/\/weihnachtsfeier-planer.de\/wordpress\/wp-content\/uploads\/2013\/07\/LOGO_Weihnachtsfeier-Planer_4-300x150.jpg\" width=\"419\" height=\"150\" \/><\/p>\n<p><span style=\"color: #888888;\">\u00a0<\/span><\/p>\n","protected":false},"excerpt":{"rendered":"<p>Wir haben uns einen Traum erf\u00fcllt! Wir leben unseren Traum! Wir wollten immer Veranstaltungen \/ Events in unserem Leben planen und organisieren.\u00a0 Nicht mehr \u2013 nicht weniger! Genau das! Und genau das machen wir nun schon seit 1999. Leidenschaft f\u00fcr das Event! Liebe zum Detail! Kreativit\u00e4t bei der Planung und Umsetzung! Akribisch bei der Organisation! Wir sorgen daf\u00fcr, dass Ihr Event etwas ganz Besonderes wird und f\u00fcr alle unvergessen bleibt. Zu unserem Portfolio geh\u00f6ren: Weihnachtsfeiern B\u00e4lle Galas Incentives Sommerfeste etc. Betriebsfeiern Stadtfeste Konzerte Kongresse Messen VIP Veranstaltungen K\u00fcnstlervermittlung Guerilla Aktionen Diverse Sportveranstaltungen (inkl. Laufveranstaltungen) Zu unseren Kunden geh\u00f6ren, kleine Firmen und gro\u00dfe Konzerne, lokale und nationale Anbieter, globale Firmen, St\u00e4dte&#8230;<\/p>\n<p><a class=\"clear excerptmore button\" href=\"https:\/\/weihnachtsfeier-planer.de\/wordpress\/uber-uns-die-weihnachtsfeierplaner\/\">Weiterlesen&#8230; &raquo;<\/a><\/p>\n","protected":false},"author":1,"featured_media":0,"parent":0,"menu_order":0,"comment_status":"closed","ping_status":"closed","template":"tpl_fullwidth-page.php","meta":[],"yoast_head":"<!-- This site is optimized with the Yoast SEO plugin v19.8 - https:\/\/yoast.com\/wordpress\/plugins\/seo\/ -->\n<title>\u00fcber uns - Die Weihnachtsfeierplaner - Weihnachtsfeier Planer Berlin<\/title>\n<meta name=\"robots\" content=\"index, follow, max-snippet:-1, max-image-preview:large, max-video-preview:-1\" \/>\n<link rel=\"canonical\" href=\"https:\/\/weihnachtsfeier-planer.de\/wordpress\/uber-uns-die-weihnachtsfeierplaner\/\" \/>\n<meta property=\"og:locale\" content=\"de_DE\" \/>\n<meta property=\"og:type\" content=\"article\" \/>\n<meta property=\"og:title\" content=\"\u00fcber uns - Die Weihnachtsfeierplaner - Weihnachtsfeier Planer Berlin\" \/>\n<meta property=\"og:description\" content=\"Wir haben uns einen Traum erf\u00fcllt! Wir leben unseren Traum! Wir wollten immer Veranstaltungen \/ Events in unserem Leben planen und organisieren.\u00a0 Nicht mehr \u2013 nicht weniger! Genau das! Und genau das machen wir nun schon seit 1999. Leidenschaft f\u00fcr das Event! Liebe zum Detail! Kreativit\u00e4t bei der Planung und Umsetzung! Akribisch bei der Organisation! Wir sorgen daf\u00fcr, dass Ihr Event etwas ganz Besonderes wird und f\u00fcr alle unvergessen bleibt. Zu unserem Portfolio geh\u00f6ren: Weihnachtsfeiern B\u00e4lle Galas Incentives Sommerfeste etc. Betriebsfeiern Stadtfeste Konzerte Kongresse Messen VIP Veranstaltungen K\u00fcnstlervermittlung Guerilla Aktionen Diverse Sportveranstaltungen (inkl. Laufveranstaltungen) Zu unseren Kunden geh\u00f6ren, kleine Firmen und gro\u00dfe Konzerne, lokale und nationale Anbieter, globale Firmen, St\u00e4dte...Weiterlesen... &raquo;\" \/>\n<meta property=\"og:url\" content=\"https:\/\/weihnachtsfeier-planer.de\/wordpress\/uber-uns-die-weihnachtsfeierplaner\/\" \/>\n<meta property=\"og:site_name\" content=\"Weihnachtsfeier Planer Berlin\" \/>\n<meta property=\"article:modified_time\" content=\"2013-07-31T09:02:04+00:00\" \/>\n<meta property=\"og:image\" content=\"http:\/\/weihnachtsfeier-planer.de\/wordpress\/wp-content\/uploads\/2013\/07\/LOGO_Weihnachtsfeier-Planer_5_kl-260x300.jpg\" \/>\n<meta name=\"twitter:label1\" content=\"Gesch\u00e4tzte Lesezeit\" \/>\n\t<meta name=\"twitter:data1\" content=\"1\u00a0Minute\" \/>\n<script type=\"application\/ld+json\" class=\"yoast-schema-graph\">{\"@context\":\"https:\/\/schema.org\",\"@graph\":[{\"@type\":\"WebPage\",\"@id\":\"https:\/\/weihnachtsfeier-planer.de\/wordpress\/uber-uns-die-weihnachtsfeierplaner\/\",\"url\":\"https:\/\/weihnachtsfeier-planer.de\/wordpress\/uber-uns-die-weihnachtsfeierplaner\/\",\"name\":\"\u00fcber uns - Die Weihnachtsfeierplaner - Weihnachtsfeier Planer Berlin\",\"isPartOf\":{\"@id\":\"https:\/\/weihnachtsfeier-planer.de\/wordpress\/#website\"},\"datePublished\":\"2013-07-30T13:27:12+00:00\",\"dateModified\":\"2013-07-31T09:02:04+00:00\",\"breadcrumb\":{\"@id\":\"https:\/\/weihnachtsfeier-planer.de\/wordpress\/uber-uns-die-weihnachtsfeierplaner\/#breadcrumb\"},\"inLanguage\":\"de\",\"potentialAction\":[{\"@type\":\"ReadAction\",\"target\":[\"https:\/\/weihnachtsfeier-planer.de\/wordpress\/uber-uns-die-weihnachtsfeierplaner\/\"]}]},{\"@type\":\"BreadcrumbList\",\"@id\":\"https:\/\/weihnachtsfeier-planer.de\/wordpress\/uber-uns-die-weihnachtsfeierplaner\/#breadcrumb\",\"itemListElement\":[{\"@type\":\"ListItem\",\"position\":1,\"name\":\"Startseite\",\"item\":\"https:\/\/weihnachtsfeier-planer.de\/wordpress\/\"},{\"@type\":\"ListItem\",\"position\":2,\"name\":\"\u00fcber uns &#8211; Die Weihnachtsfeierplaner\"}]},{\"@type\":\"WebSite\",\"@id\":\"https:\/\/weihnachtsfeier-planer.de\/wordpress\/#website\",\"url\":\"https:\/\/weihnachtsfeier-planer.de\/wordpress\/\",\"name\":\"Weihnachtsfeier Planer Berlin\",\"description\":\"Auf eine wunderbare Weihnachtsfeier in Berlin\",\"potentialAction\":[{\"@type\":\"SearchAction\",\"target\":{\"@type\":\"EntryPoint\",\"urlTemplate\":\"https:\/\/weihnachtsfeier-planer.de\/wordpress\/?s={search_term_string}\"},\"query-input\":\"required name=search_term_string\"}],\"inLanguage\":\"de\"}]}<\/script>\n<!-- \/ Yoast SEO plugin. -->","yoast_head_json":{"title":"\u00fcber uns - Die Weihnachtsfeierplaner - Weihnachtsfeier Planer Berlin","robots":{"index":"index","follow":"follow","max-snippet":"max-snippet:-1","max-image-preview":"max-image-preview:large","max-video-preview":"max-video-preview:-1"},"canonical":"https:\/\/weihnachtsfeier-planer.de\/wordpress\/uber-uns-die-weihnachtsfeierplaner\/","og_locale":"de_DE","og_type":"article","og_title":"\u00fcber uns - Die Weihnachtsfeierplaner - Weihnachtsfeier Planer Berlin","og_description":"Wir haben uns einen Traum erf\u00fcllt! Wir leben unseren Traum! Wir wollten immer Veranstaltungen \/ Events in unserem Leben planen und organisieren.\u00a0 Nicht mehr \u2013 nicht weniger! Genau das! Und genau das machen wir nun schon seit 1999. Leidenschaft f\u00fcr das Event! Liebe zum Detail! Kreativit\u00e4t bei der Planung und Umsetzung! Akribisch bei der Organisation! Wir sorgen daf\u00fcr, dass Ihr Event etwas ganz Besonderes wird und f\u00fcr alle unvergessen bleibt. Zu unserem Portfolio geh\u00f6ren: Weihnachtsfeiern B\u00e4lle Galas Incentives Sommerfeste etc. Betriebsfeiern Stadtfeste Konzerte Kongresse Messen VIP Veranstaltungen K\u00fcnstlervermittlung Guerilla Aktionen Diverse Sportveranstaltungen (inkl. Laufveranstaltungen) Zu unseren Kunden geh\u00f6ren, kleine Firmen und gro\u00dfe Konzerne, lokale und nationale Anbieter, globale Firmen, St\u00e4dte...Weiterlesen... &raquo;","og_url":"https:\/\/weihnachtsfeier-planer.de\/wordpress\/uber-uns-die-weihnachtsfeierplaner\/","og_site_name":"Weihnachtsfeier Planer Berlin","article_modified_time":"2013-07-31T09:02:04+00:00","og_image":[{"url":"http:\/\/weihnachtsfeier-planer.de\/wordpress\/wp-content\/uploads\/2013\/07\/LOGO_Weihnachtsfeier-Planer_5_kl-260x300.jpg"}],"twitter_misc":{"Gesch\u00e4tzte Lesezeit":"1\u00a0Minute"},"schema":{"@context":"https:\/\/schema.org","@graph":[{"@type":"WebPage","@id":"https:\/\/weihnachtsfeier-planer.de\/wordpress\/uber-uns-die-weihnachtsfeierplaner\/","url":"https:\/\/weihnachtsfeier-planer.de\/wordpress\/uber-uns-die-weihnachtsfeierplaner\/","name":"\u00fcber uns - Die Weihnachtsfeierplaner - Weihnachtsfeier Planer Berlin","isPartOf":{"@id":"https:\/\/weihnachtsfeier-planer.de\/wordpress\/#website"},"datePublished":"2013-07-30T13:27:12+00:00","dateModified":"2013-07-31T09:02:04+00:00","breadcrumb":{"@id":"https:\/\/weihnachtsfeier-planer.de\/wordpress\/uber-uns-die-weihnachtsfeierplaner\/#breadcrumb"},"inLanguage":"de","potentialAction":[{"@type":"ReadAction","target":["https:\/\/weihnachtsfeier-planer.de\/wordpress\/uber-uns-die-weihnachtsfeierplaner\/"]}]},{"@type":"BreadcrumbList","@id":"https:\/\/weihnachtsfeier-planer.de\/wordpress\/uber-uns-die-weihnachtsfeierplaner\/#breadcrumb","itemListElement":[{"@type":"ListItem","position":1,"name":"Startseite","item":"https:\/\/weihnachtsfeier-planer.de\/wordpress\/"},{"@type":"ListItem","position":2,"name":"\u00fcber uns &#8211; Die Weihnachtsfeierplaner"}]},{"@type":"WebSite","@id":"https:\/\/weihnachtsfeier-planer.de\/wordpress\/#website","url":"https:\/\/weihnachtsfeier-planer.de\/wordpress\/","name":"Weihnachtsfeier Planer Berlin","description":"Auf eine wunderbare Weihnachtsfeier in Berlin","potentialAction":[{"@type":"SearchAction","target":{"@type":"EntryPoint","urlTemplate":"https:\/\/weihnachtsfeier-planer.de\/wordpress\/?s={search_term_string}"},"query-input":"required name=search_term_string"}],"inLanguage":"de"}]}},"_links":{"self":[{"href":"https:\/\/weihnachtsfeier-planer.de\/wordpress\/wp-json\/wp\/v2\/pages\/200"}],"collection":[{"href":"https:\/\/weihnachtsfeier-planer.de\/wordpress\/wp-json\/wp\/v2\/pages"}],"about":[{"href":"https:\/\/weihnachtsfeier-planer.de\/wordpress\/wp-json\/wp\/v2\/types\/page"}],"author":[{"embeddable":true,"href":"https:\/\/weihnachtsfeier-planer.de\/wordpress\/wp-json\/wp\/v2\/users\/1"}],"replies":[{"embeddable":true,"href":"https:\/\/weihnachtsfeier-planer.de\/wordpress\/wp-json\/wp\/v2\/comments?post=200"}],"version-history":[{"count":6,"href":"https:\/\/weihnachtsfeier-planer.de\/wordpress\/wp-json\/wp\/v2\/pages\/200\/revisions"}],"predecessor-version":[{"id":328,"href":"https:\/\/weihnachtsfeier-planer.de\/wordpress\/wp-json\/wp\/v2\/pages\/200\/revisions\/328"}],"wp:attachment":[{"href":"https:\/\/weihnachtsfeier-planer.de\/wordpress\/wp-json\/wp\/v2\/media?parent=200"}],"curies":[{"name":"wp","href":"https:\/\/api.w.org\/{rel}","templated":true}]}}