{"id":208,"date":"2013-07-30T15:44:53","date_gmt":"2013-07-30T13:44:53","guid":{"rendered":"http:\/\/weihnachtsfeier-planer.de\/wordpress\/?page_id=208"},"modified":"2014-11-10T13:05:44","modified_gmt":"2014-11-10T12:05:44","slug":"tipps","status":"publish","type":"page","link":"https:\/\/weihnachtsfeier-planer.de\/wordpress\/tipps\/","title":{"rendered":"Tipps"},"content":{"rendered":"<p><span style=\"color: #888888;\"><img loading=\"lazy\" class=\"size-medium wp-image-490 alignleft\" alt=\"tipps_tricks-weihnachtsfeier-planer-berlin-agentur-event-1\" src=\"https:\/\/weihnachtsfeier-planer.de\/wordpress\/wp-content\/uploads\/2013\/07\/tipps_tricks-weihnachtsfeier-planer-berlin-agentur-event-1-300x200.jpg\" width=\"300\" height=\"200\" srcset=\"https:\/\/weihnachtsfeier-planer.de\/wordpress\/wp-content\/uploads\/2013\/07\/tipps_tricks-weihnachtsfeier-planer-berlin-agentur-event-1-300x200.jpg 300w, https:\/\/weihnachtsfeier-planer.de\/wordpress\/wp-content\/uploads\/2013\/07\/tipps_tricks-weihnachtsfeier-planer-berlin-agentur-event-1.jpg 333w\" sizes=\"(max-width: 300px) 100vw, 300px\" \/>Hier gibt es Top Tip<\/span><span style=\"color: #888888;\">ps von uns f\u00fcr Sie und Ihre Weihnachtsfeier.<\/span><br \/>\n<span style=\"color: #888888;\">Sie finden Downloads, Checklisten, Mottoideen, Dekotipps und weiteres<\/span><br \/>\n<span style=\"color: #888888;\"> was Ihre Weihnachtsfeier in ein unverge\u00dfliches rauschendes Fest verwandelt l\u00e4\u00dft.<\/span><br \/>\n<span style=\"color: #888888;\"> Ihnen fehlen Tipps und Hinweise? Sie haben Anregungen f\u00fcr uns?<\/span><\/p>\n<p style=\"text-align: left;\"><span style=\"color: #888888;\">Toll \u2013 bitte einfach <a title=\"Anfrage\" href=\"http:\/\/www.abiball-planer.de\/kontakt\/anfrage\/\"><span style=\"color: #888888;\">bei uns melden<\/span><\/a> \u2013 wir sind f\u00fcr alles offen!<\/span><\/p>\n","protected":false},"excerpt":{"rendered":"<p>Hier gibt es Top Tipps von uns f\u00fcr Sie und Ihre Weihnachtsfeier. Sie finden Downloads, Checklisten, Mottoideen, Dekotipps und weiteres was Ihre Weihnachtsfeier in ein unverge\u00dfliches rauschendes Fest verwandelt l\u00e4\u00dft. Ihnen fehlen Tipps und Hinweise? Sie haben Anregungen f\u00fcr uns? Toll \u2013 bitte einfach bei uns melden \u2013 wir sind f\u00fcr alles offen!<\/p>\n","protected":false},"author":1,"featured_media":0,"parent":0,"menu_order":0,"comment_status":"closed","ping_status":"closed","template":"tpl_fullwidth-page.php","meta":[],"yoast_head":"<!-- This site is optimized with the Yoast SEO plugin v19.8 - https:\/\/yoast.com\/wordpress\/plugins\/seo\/ -->\n<title>Tipps - Weihnachtsfeier Planer Berlin<\/title>\n<meta name=\"robots\" content=\"index, follow, max-snippet:-1, max-image-preview:large, max-video-preview:-1\" \/>\n<link rel=\"canonical\" href=\"https:\/\/weihnachtsfeier-planer.de\/wordpress\/tipps\/\" \/>\n<meta property=\"og:locale\" content=\"de_DE\" \/>\n<meta property=\"og:type\" content=\"article\" \/>\n<meta property=\"og:title\" content=\"Tipps - Weihnachtsfeier Planer Berlin\" \/>\n<meta property=\"og:description\" content=\"Hier gibt es Top Tipps von uns f\u00fcr Sie und Ihre Weihnachtsfeier. Sie finden Downloads, Checklisten, Mottoideen, Dekotipps und weiteres was Ihre Weihnachtsfeier in ein unverge\u00dfliches rauschendes Fest verwandelt l\u00e4\u00dft. Ihnen fehlen Tipps und Hinweise? Sie haben Anregungen f\u00fcr uns? Toll \u2013 bitte einfach bei uns melden \u2013 wir sind f\u00fcr alles offen!\" \/>\n<meta property=\"og:url\" content=\"https:\/\/weihnachtsfeier-planer.de\/wordpress\/tipps\/\" \/>\n<meta property=\"og:site_name\" content=\"Weihnachtsfeier Planer Berlin\" \/>\n<meta property=\"article:modified_time\" content=\"2014-11-10T12:05:44+00:00\" \/>\n<meta property=\"og:image\" content=\"http:\/\/weihnachtsfeier-planer.de\/wordpress\/wp-content\/uploads\/2013\/07\/tipps_tricks-weihnachtsfeier-planer-berlin-agentur-event-1-300x200.jpg\" \/>\n<script type=\"application\/ld+json\" class=\"yoast-schema-graph\">{\"@context\":\"https:\/\/schema.org\",\"@graph\":[{\"@type\":\"WebPage\",\"@id\":\"https:\/\/weihnachtsfeier-planer.de\/wordpress\/tipps\/\",\"url\":\"https:\/\/weihnachtsfeier-planer.de\/wordpress\/tipps\/\",\"name\":\"Tipps - Weihnachtsfeier Planer Berlin\",\"isPartOf\":{\"@id\":\"https:\/\/weihnachtsfeier-planer.de\/wordpress\/#website\"},\"datePublished\":\"2013-07-30T13:44:53+00:00\",\"dateModified\":\"2014-11-10T12:05:44+00:00\",\"breadcrumb\":{\"@id\":\"https:\/\/weihnachtsfeier-planer.de\/wordpress\/tipps\/#breadcrumb\"},\"inLanguage\":\"de\",\"potentialAction\":[{\"@type\":\"ReadAction\",\"target\":[\"https:\/\/weihnachtsfeier-planer.de\/wordpress\/tipps\/\"]}]},{\"@type\":\"BreadcrumbList\",\"@id\":\"https:\/\/weihnachtsfeier-planer.de\/wordpress\/tipps\/#breadcrumb\",\"itemListElement\":[{\"@type\":\"ListItem\",\"position\":1,\"name\":\"Startseite\",\"item\":\"https:\/\/weihnachtsfeier-planer.de\/wordpress\/\"},{\"@type\":\"ListItem\",\"position\":2,\"name\":\"Tipps\"}]},{\"@type\":\"WebSite\",\"@id\":\"https:\/\/weihnachtsfeier-planer.de\/wordpress\/#website\",\"url\":\"https:\/\/weihnachtsfeier-planer.de\/wordpress\/\",\"name\":\"Weihnachtsfeier Planer Berlin\",\"description\":\"Auf eine wunderbare Weihnachtsfeier in Berlin\",\"potentialAction\":[{\"@type\":\"SearchAction\",\"target\":{\"@type\":\"EntryPoint\",\"urlTemplate\":\"https:\/\/weihnachtsfeier-planer.de\/wordpress\/?s={search_term_string}\"},\"query-input\":\"required name=search_term_string\"}],\"inLanguage\":\"de\"}]}<\/script>\n<!-- \/ Yoast SEO plugin. -->","yoast_head_json":{"title":"Tipps - Weihnachtsfeier Planer Berlin","robots":{"index":"index","follow":"follow","max-snippet":"max-snippet:-1","max-image-preview":"max-image-preview:large","max-video-preview":"max-video-preview:-1"},"canonical":"https:\/\/weihnachtsfeier-planer.de\/wordpress\/tipps\/","og_locale":"de_DE","og_type":"article","og_title":"Tipps - Weihnachtsfeier Planer Berlin","og_description":"Hier gibt es Top Tipps von uns f\u00fcr Sie und Ihre Weihnachtsfeier. Sie finden Downloads, Checklisten, Mottoideen, Dekotipps und weiteres was Ihre Weihnachtsfeier in ein unverge\u00dfliches rauschendes Fest verwandelt l\u00e4\u00dft. Ihnen fehlen Tipps und Hinweise? Sie haben Anregungen f\u00fcr uns? Toll \u2013 bitte einfach bei uns melden \u2013 wir sind f\u00fcr alles offen!","og_url":"https:\/\/weihnachtsfeier-planer.de\/wordpress\/tipps\/","og_site_name":"Weihnachtsfeier Planer Berlin","article_modified_time":"2014-11-10T12:05:44+00:00","og_image":[{"url":"http:\/\/weihnachtsfeier-planer.de\/wordpress\/wp-content\/uploads\/2013\/07\/tipps_tricks-weihnachtsfeier-planer-berlin-agentur-event-1-300x200.jpg"}],"schema":{"@context":"https:\/\/schema.org","@graph":[{"@type":"WebPage","@id":"https:\/\/weihnachtsfeier-planer.de\/wordpress\/tipps\/","url":"https:\/\/weihnachtsfeier-planer.de\/wordpress\/tipps\/","name":"Tipps - Weihnachtsfeier Planer Berlin","isPartOf":{"@id":"https:\/\/weihnachtsfeier-planer.de\/wordpress\/#website"},"datePublished":"2013-07-30T13:44:53+00:00","dateModified":"2014-11-10T12:05:44+00:00","breadcrumb":{"@id":"https:\/\/weihnachtsfeier-planer.de\/wordpress\/tipps\/#breadcrumb"},"inLanguage":"de","potentialAction":[{"@type":"ReadAction","target":["https:\/\/weihnachtsfeier-planer.de\/wordpress\/tipps\/"]}]},{"@type":"BreadcrumbList","@id":"https:\/\/weihnachtsfeier-planer.de\/wordpress\/tipps\/#breadcrumb","itemListElement":[{"@type":"ListItem","position":1,"name":"Startseite","item":"https:\/\/weihnachtsfeier-planer.de\/wordpress\/"},{"@type":"ListItem","position":2,"name":"Tipps"}]},{"@type":"WebSite","@id":"https:\/\/weihnachtsfeier-planer.de\/wordpress\/#website","url":"https:\/\/weihnachtsfeier-planer.de\/wordpress\/","name":"Weihnachtsfeier Planer Berlin","description":"Auf eine wunderbare Weihnachtsfeier in Berlin","potentialAction":[{"@type":"SearchAction","target":{"@type":"EntryPoint","urlTemplate":"https:\/\/weihnachtsfeier-planer.de\/wordpress\/?s={search_term_string}"},"query-input":"required name=search_term_string"}],"inLanguage":"de"}]}},"_links":{"self":[{"href":"https:\/\/weihnachtsfeier-planer.de\/wordpress\/wp-json\/wp\/v2\/pages\/208"}],"collection":[{"href":"https:\/\/weihnachtsfeier-planer.de\/wordpress\/wp-json\/wp\/v2\/pages"}],"about":[{"href":"https:\/\/weihnachtsfeier-planer.de\/wordpress\/wp-json\/wp\/v2\/types\/page"}],"author":[{"embeddable":true,"href":"https:\/\/weihnachtsfeier-planer.de\/wordpress\/wp-json\/wp\/v2\/users\/1"}],"replies":[{"embeddable":true,"href":"https:\/\/weihnachtsfeier-planer.de\/wordpress\/wp-json\/wp\/v2\/comments?post=208"}],"version-history":[{"count":9,"href":"https:\/\/weihnachtsfeier-planer.de\/wordpress\/wp-json\/wp\/v2\/pages\/208\/revisions"}],"predecessor-version":[{"id":491,"href":"https:\/\/weihnachtsfeier-planer.de\/wordpress\/wp-json\/wp\/v2\/pages\/208\/revisions\/491"}],"wp:attachment":[{"href":"https:\/\/weihnachtsfeier-planer.de\/wordpress\/wp-json\/wp\/v2\/media?parent=208"}],"curies":[{"name":"wp","href":"https:\/\/api.w.org\/{rel}","templated":true}]}}