{"id":220,"date":"2013-07-30T16:03:05","date_gmt":"2013-07-30T14:03:05","guid":{"rendered":"http:\/\/weihnachtsfeier-planer.de\/wordpress\/?page_id=220"},"modified":"2024-09-19T11:37:42","modified_gmt":"2024-09-19T10:37:42","slug":"kontakt","status":"publish","type":"page","link":"https:\/\/weihnachtsfeier-planer.de\/wordpress\/kontakt\/","title":{"rendered":"Kontakt"},"content":{"rendered":"<p><span style=\"color: #888888;\">So k\u00f6nnen Sie mit uns in Kontakt treten und das sind wir!<\/span><\/p>\n<p><span style=\"color: #888888;\"><br \/>\n<strong>Weihnachtsfeier Planer <\/strong><\/span><br \/>\n<span style=\"color: #888888;\"> Storkower Stra\u00dfe 139b<\/span><br \/>\n<span style=\"color: #888888;\"> 10407 Berlin<\/span><br \/>\n<span style=\"color: #888888;\"> Tel: 030 802087080<img loading=\"lazy\" style=\"border: 0px none; cursor: pointer; vertical-align: top;\" src=\"chrome:\/\/sipgateffx\/skin\/icon_click2dial.gif\" alt=\"\" width=\"16\" height=\"16\" align=\"bottom\" \/><\/span><br \/>\n<span style=\"color: #888888;\"> Fax: 030 802087087<img loading=\"lazy\" style=\"border: 0px none; cursor: pointer; vertical-align: top;\" src=\"chrome:\/\/sipgateffx\/skin\/icon_click2dial.gif\" alt=\"\" width=\"16\" height=\"16\" align=\"bottom\" \/><\/span><br \/>\n<span style=\"color: #888888;\"> eMail: berlin@weihnachtsfeier-planer.de<\/span><\/p>\n<p><span style=\"color: #888888;\">Zum <a title=\"Anfrage\" href=\"http:\/\/www.abiball-planer.de\/kontakt\/anfrage\/\">Kontaktformular<\/a><\/span><\/p>\n<p><span style=\"color: #888888;\">Unser <img loading=\"lazy\" class=\"alignnone wp-image-708\" src=\"https:\/\/weihnachtsfeier-planer.de\/wordpress\/wp-content\/uploads\/2013\/07\/weihnachtsfeier-planer-berlin_team_101-300x297.jpg\" width=\"100\" height=\"99\" srcset=\"https:\/\/weihnachtsfeier-planer.de\/wordpress\/wp-content\/uploads\/2013\/07\/weihnachtsfeier-planer-berlin_team_101-300x297.jpg 300w, https:\/\/weihnachtsfeier-planer.de\/wordpress\/wp-content\/uploads\/2013\/07\/weihnachtsfeier-planer-berlin_team_101-150x150.jpg 150w, https:\/\/weihnachtsfeier-planer.de\/wordpress\/wp-content\/uploads\/2013\/07\/weihnachtsfeier-planer-berlin_team_101-50x50.jpg 50w, https:\/\/weihnachtsfeier-planer.de\/wordpress\/wp-content\/uploads\/2013\/07\/weihnachtsfeier-planer-berlin_team_101-144x144.jpg 144w, https:\/\/weihnachtsfeier-planer.de\/wordpress\/wp-content\/uploads\/2013\/07\/weihnachtsfeier-planer-berlin_team_101.jpg 350w\" sizes=\"(max-width: 100px) 100vw, 100px\" \/><\/span><\/p>\n<table style=\"width: 520px; height: 693px;\" border=\"0\" cellspacing=\"0\" cellpadding=\"0\">\n<colgroup>\n<col span=\"2\" width=\"213\" \/> <\/colgroup>\n<tbody>\n<tr>\n<td width=\"213\" height=\"14\"><span style=\"color: #888888;\"> <img loading=\"lazy\" class=\"size-full wp-image-225 alignleft\" src=\"https:\/\/weihnachtsfeier-planer.de\/wordpress\/wp-content\/uploads\/2013\/07\/weihnachtsfeier-planer-berlin_team_rap_2.jpg\" alt=\"weihnachtsfeier-planer-berlin_team_rap_2\" width=\"85\" height=\"85\" \/><\/span><\/td>\n<td width=\"213\"><span style=\"color: #888888;\"> <img loading=\"lazy\" class=\"size-full wp-image-222 alignleft\" src=\"https:\/\/weihnachtsfeier-planer.de\/wordpress\/wp-content\/uploads\/2013\/07\/weihnachtsfeier-planer-berlin_team_ch.jpg\" alt=\"weihnachtsfeier-planer-berlin_team_ch\" width=\"85\" height=\"85\" srcset=\"https:\/\/weihnachtsfeier-planer.de\/wordpress\/wp-content\/uploads\/2013\/07\/weihnachtsfeier-planer-berlin_team_ch.jpg 200w, https:\/\/weihnachtsfeier-planer.de\/wordpress\/wp-content\/uploads\/2013\/07\/weihnachtsfeier-planer-berlin_team_ch-150x150.jpg 150w\" sizes=\"(max-width: 85px) 100vw, 85px\" \/><\/span><\/td>\n<\/tr>\n<tr>\n<td height=\"14\"><span style=\"color: #888888;\">Robert A. Puppel <\/span><\/td>\n<td><span style=\"color: #888888;\">Karoline\u00a0Heintze<\/span><\/td>\n<\/tr>\n<tr>\n<td height=\"14\"><span style=\"color: #888888;\">Gesch\u00e4ftsf\u00fchrer<\/span><\/td>\n<td><span style=\"color: #888888;\">Projektplanung<\/span><\/td>\n<\/tr>\n<tr>\n<td height=\"14\"><span style=\"color: #888888;\">Kreativer &amp; organisatorischer Kopf<\/span><\/td>\n<td><span style=\"color: #888888;\">Das Hirn bei den Abiball Planern<\/span><\/td>\n<\/tr>\n<tr>\n<td height=\"14\"><span style=\"color: #888888;\">Ansprechpartner f\u00fcr alles<\/span><\/td>\n<td><span style=\"color: #888888;\">Ansprechpartner f\u00fcr Eure B\u00e4lle<\/span><\/td>\n<\/tr>\n<tr>\n<td height=\"14\"><span style=\"color: #888888;\">Tel.: 030 802087080<img loading=\"lazy\" style=\"border: 0px none; cursor: pointer; vertical-align: top;\" src=\"chrome:\/\/sipgateffx\/skin\/icon_click2dial.gif\" alt=\"\" width=\"16\" height=\"16\" align=\"bottom\" \/><\/span><\/td>\n<td><span style=\"color: #888888;\">Tel.: 030 802078085<img loading=\"lazy\" style=\"border: 0px none; cursor: pointer; vertical-align: top;\" src=\"chrome:\/\/sipgateffx\/skin\/icon_click2dial.gif\" alt=\"\" width=\"16\" height=\"16\" align=\"bottom\" \/><\/span><\/td>\n<\/tr>\n<tr>\n<td height=\"14\"><span style=\"color: #888888;\">eMail: rp@abiball-planer.de<\/span><\/td>\n<td><span style=\"color: #888888;\">eMail: ch@abiball-planer.de<\/span><\/td>\n<\/tr>\n<tr>\n<td height=\"14\"><\/td>\n<td><\/td>\n<\/tr>\n<tr>\n<td height=\"14\"><span style=\"color: #888888;\"> <img loading=\"lazy\" class=\"size-full wp-image-221 alignleft\" src=\"https:\/\/weihnachtsfeier-planer.de\/wordpress\/wp-content\/uploads\/2013\/07\/weihnachtsfeier-planer-berlin_team_ac.jpg\" alt=\"weihnachtsfeier-planer-berlin_team_ac\" width=\"85\" height=\"85\" srcset=\"https:\/\/weihnachtsfeier-planer.de\/wordpress\/wp-content\/uploads\/2013\/07\/weihnachtsfeier-planer-berlin_team_ac.jpg 200w, https:\/\/weihnachtsfeier-planer.de\/wordpress\/wp-content\/uploads\/2013\/07\/weihnachtsfeier-planer-berlin_team_ac-150x150.jpg 150w\" sizes=\"(max-width: 85px) 100vw, 85px\" \/><\/span><\/td>\n<td><span style=\"color: #888888;\"> <img loading=\"lazy\" class=\"size-full wp-image-223 alignleft\" src=\"https:\/\/weihnachtsfeier-planer.de\/wordpress\/wp-content\/uploads\/2013\/07\/weihnachtsfeier-planer-berlin_team_kh.jpg\" alt=\"weihnachtsfeier-planer-berlin_team_kh\" width=\"85\" height=\"85\" srcset=\"https:\/\/weihnachtsfeier-planer.de\/wordpress\/wp-content\/uploads\/2013\/07\/weihnachtsfeier-planer-berlin_team_kh.jpg 200w, https:\/\/weihnachtsfeier-planer.de\/wordpress\/wp-content\/uploads\/2013\/07\/weihnachtsfeier-planer-berlin_team_kh-150x150.jpg 150w\" sizes=\"(max-width: 85px) 100vw, 85px\" \/><\/span><\/td>\n<\/tr>\n<tr>\n<td height=\"14\"><span style=\"color: #888888;\">Anja W. Kiethan<\/span><\/td>\n<td><span style=\"color: #888888;\">Katrin Henschke<\/span><\/td>\n<\/tr>\n<tr>\n<td height=\"14\"><span style=\"color: #888888;\">Projektleitung<\/span><\/td>\n<td><span style=\"color: #888888;\">Buchhaltung<\/span><\/td>\n<\/tr>\n<tr>\n<td height=\"14\"><span style=\"color: #888888;\">Das Herz und der Verstand<\/span><\/td>\n<td><span style=\"color: #888888;\">Das gute Gewissen<\/span><\/td>\n<\/tr>\n<tr>\n<td height=\"14\"><span style=\"color: #888888;\">Ansprechparner f\u00fcr Eure B\u00e4lle<\/span><\/td>\n<td><span style=\"color: #888888;\">Ansprechpartner f\u00fcr alle Zahlen<\/span><\/td>\n<\/tr>\n<tr>\n<td height=\"14\"><span style=\"color: #888888;\">Tel.: 030 802087082<img loading=\"lazy\" style=\"border: 0px none; cursor: pointer; vertical-align: top;\" src=\"chrome:\/\/sipgateffx\/skin\/icon_click2dial.gif\" alt=\"\" width=\"16\" height=\"16\" align=\"bottom\" \/><\/span><\/td>\n<td><span style=\"color: #888888;\">Tel.: 030 802087086<img loading=\"lazy\" style=\"border: 0px none; cursor: pointer; vertical-align: top;\" src=\"chrome:\/\/sipgateffx\/skin\/icon_click2dial.gif\" alt=\"\" width=\"16\" height=\"16\" align=\"bottom\" \/><\/span><\/td>\n<\/tr>\n<tr>\n<td height=\"14\"><span style=\"color: #888888;\">eMail: ac@abiball-planer.de<\/span><\/td>\n<td><span style=\"color: #888888;\">eMail: kh@abiball-planer.de<\/span><\/td>\n<\/tr>\n<tr>\n<td height=\"14\"><\/td>\n<td><\/td>\n<\/tr>\n<tr>\n<td height=\"14\"><span style=\"color: #888888;\"> <img loading=\"lazy\" class=\"size-full wp-image-227 alignleft\" src=\"https:\/\/weihnachtsfeier-planer.de\/wordpress\/wp-content\/uploads\/2013\/07\/weihnachtsfeier-planer-berlin_team_rt.jpg\" alt=\"weihnachtsfeier-planer-berlin_team_rt\" width=\"85\" height=\"85\" srcset=\"https:\/\/weihnachtsfeier-planer.de\/wordpress\/wp-content\/uploads\/2013\/07\/weihnachtsfeier-planer-berlin_team_rt.jpg 200w, https:\/\/weihnachtsfeier-planer.de\/wordpress\/wp-content\/uploads\/2013\/07\/weihnachtsfeier-planer-berlin_team_rt-150x150.jpg 150w\" sizes=\"(max-width: 85px) 100vw, 85px\" \/><\/span><\/td>\n<td><span style=\"color: #888888;\"> <img loading=\"lazy\" class=\"size-full wp-image-224 alignleft\" src=\"https:\/\/weihnachtsfeier-planer.de\/wordpress\/wp-content\/uploads\/2013\/07\/weihnachtsfeier-planer-berlin_team_nn.jpg\" alt=\"weihnachtsfeier-planer-berlin_team_nn\" width=\"85\" height=\"85\" \/><\/span><\/td>\n<\/tr>\n<tr>\n<td height=\"14\"><span style=\"color: #888888;\">Ronald Treufeldt<\/span><\/td>\n<td><span style=\"color: #888888;\">N.N.<\/span><\/td>\n<\/tr>\n<tr>\n<td height=\"14\"><span style=\"color: #888888;\">Design<\/span><\/td>\n<td><span style=\"color: #888888;\">Unterst\u00fctzer in allen Lebenslagen<\/span><\/td>\n<\/tr>\n<tr>\n<td height=\"14\"><span style=\"color: #888888;\">Der &#8222;Zeichner&#8220;<\/span><\/td>\n<td><span style=\"color: #888888;\">Helferlein<\/span><\/td>\n<\/tr>\n<tr>\n<td height=\"14\"><span style=\"color: #888888;\">Ansprechpartner f\u00fcr alles was man sehen kann<\/span><\/td>\n<td><span style=\"color: #888888;\">Ansprechpartner f\u00fcr alle F\u00e4lle<\/span><\/td>\n<\/tr>\n<tr>\n<td height=\"14\"><span style=\"color: #888888;\">Tel.: 030 802087070<img loading=\"lazy\" style=\"border: 0px none; cursor: pointer; vertical-align: top;\" src=\"chrome:\/\/sipgateffx\/skin\/icon_click2dial.gif\" alt=\"\" width=\"16\" height=\"16\" align=\"bottom\" \/><\/span><\/td>\n<td><span style=\"color: #888888;\">Tel.: 030 802087080<img loading=\"lazy\" style=\"border: 0px none; cursor: pointer; vertical-align: top;\" src=\"chrome:\/\/sipgateffx\/skin\/icon_click2dial.gif\" alt=\"\" width=\"16\" height=\"16\" align=\"bottom\" \/><\/span><\/td>\n<\/tr>\n<tr>\n<td height=\"14\"><span style=\"color: #888888;\">eMail: rt@abiball-planer.de<\/span><\/td>\n<td><span style=\"color: #888888;\">eMail: nn@abiball-planer.de<\/span><\/td>\n<\/tr>\n<\/tbody>\n<\/table>\n<p><img loading=\"lazy\" class=\"size-medium wp-image-228 alignleft\" src=\"https:\/\/weihnachtsfeier-planer.de\/wordpress\/wp-content\/uploads\/2013\/07\/weihnachtsfeier-planer-das_team_ist-was-zaehlt-alleine-300x65.jpg\" alt=\"weihnachtsfeier-planer-das_team_ist-was-zaehlt-alleine\" width=\"516\" height=\"111\" \/><\/p>\n","protected":false},"excerpt":{"rendered":"<p>So k\u00f6nnen Sie mit uns in Kontakt treten und das sind wir! Weihnachtsfeier Planer Storkower Stra\u00dfe 139b 10407 Berlin Tel: 030 802087080 Fax: 030 802087087 eMail: berlin@weihnachtsfeier-planer.de Zum Kontaktformular Unser Robert A. Puppel Karoline\u00a0Heintze Gesch\u00e4ftsf\u00fchrer Projektplanung Kreativer &amp; organisatorischer Kopf Das Hirn bei den Abiball Planern Ansprechpartner f\u00fcr alles Ansprechpartner f\u00fcr Eure B\u00e4lle Tel.: 030 802087080 Tel.: 030 802078085 eMail: rp@abiball-planer.de eMail: ch@abiball-planer.de Anja W. Kiethan Katrin Henschke Projektleitung Buchhaltung Das Herz und der Verstand Das gute Gewissen Ansprechparner f\u00fcr Eure B\u00e4lle Ansprechpartner f\u00fcr alle Zahlen Tel.: 030 802087082 Tel.: 030 802087086 eMail: ac@abiball-planer.de eMail: kh@abiball-planer.de Ronald Treufeldt N.N. Design Unterst\u00fctzer in allen Lebenslagen Der &#8222;Zeichner&#8220; Helferlein Ansprechpartner f\u00fcr alles&#8230;<\/p>\n<p><a class=\"clear excerptmore button\" href=\"https:\/\/weihnachtsfeier-planer.de\/wordpress\/kontakt\/\">Weiterlesen&#8230; &raquo;<\/a><\/p>\n","protected":false},"author":1,"featured_media":0,"parent":0,"menu_order":0,"comment_status":"open","ping_status":"closed","template":"tpl_fullwidth-page.php","meta":[],"yoast_head":"<!-- This site is optimized with the Yoast SEO plugin v19.8 - https:\/\/yoast.com\/wordpress\/plugins\/seo\/ -->\n<title>Kontakt - Weihnachtsfeier Planer Berlin<\/title>\n<meta name=\"robots\" content=\"index, follow, max-snippet:-1, max-image-preview:large, max-video-preview:-1\" \/>\n<link rel=\"canonical\" href=\"https:\/\/weihnachtsfeier-planer.de\/wordpress\/kontakt\/\" \/>\n<meta property=\"og:locale\" content=\"de_DE\" \/>\n<meta property=\"og:type\" content=\"article\" \/>\n<meta property=\"og:title\" content=\"Kontakt - Weihnachtsfeier Planer Berlin\" \/>\n<meta property=\"og:description\" content=\"So k\u00f6nnen Sie mit uns in Kontakt treten und das sind wir! Weihnachtsfeier Planer Storkower Stra\u00dfe 139b 10407 Berlin Tel: 030 802087080 Fax: 030 802087087 eMail: berlin@weihnachtsfeier-planer.de Zum Kontaktformular Unser Robert A. Puppel Karoline\u00a0Heintze Gesch\u00e4ftsf\u00fchrer Projektplanung Kreativer &amp; organisatorischer Kopf Das Hirn bei den Abiball Planern Ansprechpartner f\u00fcr alles Ansprechpartner f\u00fcr Eure B\u00e4lle Tel.: 030 802087080 Tel.: 030 802078085 eMail: rp@abiball-planer.de eMail: ch@abiball-planer.de Anja W. Kiethan Katrin Henschke Projektleitung Buchhaltung Das Herz und der Verstand Das gute Gewissen Ansprechparner f\u00fcr Eure B\u00e4lle Ansprechpartner f\u00fcr alle Zahlen Tel.: 030 802087082 Tel.: 030 802087086 eMail: ac@abiball-planer.de eMail: kh@abiball-planer.de Ronald Treufeldt N.N. Design Unterst\u00fctzer in allen Lebenslagen Der &#8222;Zeichner&#8220; Helferlein Ansprechpartner f\u00fcr alles...Weiterlesen... &raquo;\" \/>\n<meta property=\"og:url\" content=\"https:\/\/weihnachtsfeier-planer.de\/wordpress\/kontakt\/\" \/>\n<meta property=\"og:site_name\" content=\"Weihnachtsfeier Planer Berlin\" \/>\n<meta property=\"article:modified_time\" content=\"2024-09-19T10:37:42+00:00\" \/>\n<meta property=\"og:image\" content=\"\" \/>\n<meta name=\"twitter:label1\" content=\"Gesch\u00e4tzte Lesezeit\" \/>\n\t<meta name=\"twitter:data1\" content=\"4\u00a0Minuten\" \/>\n<script type=\"application\/ld+json\" class=\"yoast-schema-graph\">{\"@context\":\"https:\/\/schema.org\",\"@graph\":[{\"@type\":\"WebPage\",\"@id\":\"https:\/\/weihnachtsfeier-planer.de\/wordpress\/kontakt\/\",\"url\":\"https:\/\/weihnachtsfeier-planer.de\/wordpress\/kontakt\/\",\"name\":\"Kontakt - Weihnachtsfeier Planer Berlin\",\"isPartOf\":{\"@id\":\"https:\/\/weihnachtsfeier-planer.de\/wordpress\/#website\"},\"datePublished\":\"2013-07-30T14:03:05+00:00\",\"dateModified\":\"2024-09-19T10:37:42+00:00\",\"breadcrumb\":{\"@id\":\"https:\/\/weihnachtsfeier-planer.de\/wordpress\/kontakt\/#breadcrumb\"},\"inLanguage\":\"de\",\"potentialAction\":[{\"@type\":\"ReadAction\",\"target\":[\"https:\/\/weihnachtsfeier-planer.de\/wordpress\/kontakt\/\"]}]},{\"@type\":\"BreadcrumbList\",\"@id\":\"https:\/\/weihnachtsfeier-planer.de\/wordpress\/kontakt\/#breadcrumb\",\"itemListElement\":[{\"@type\":\"ListItem\",\"position\":1,\"name\":\"Startseite\",\"item\":\"https:\/\/weihnachtsfeier-planer.de\/wordpress\/\"},{\"@type\":\"ListItem\",\"position\":2,\"name\":\"Kontakt\"}]},{\"@type\":\"WebSite\",\"@id\":\"https:\/\/weihnachtsfeier-planer.de\/wordpress\/#website\",\"url\":\"https:\/\/weihnachtsfeier-planer.de\/wordpress\/\",\"name\":\"Weihnachtsfeier Planer Berlin\",\"description\":\"Auf eine wunderbare Weihnachtsfeier in Berlin\",\"potentialAction\":[{\"@type\":\"SearchAction\",\"target\":{\"@type\":\"EntryPoint\",\"urlTemplate\":\"https:\/\/weihnachtsfeier-planer.de\/wordpress\/?s={search_term_string}\"},\"query-input\":\"required name=search_term_string\"}],\"inLanguage\":\"de\"}]}<\/script>\n<!-- \/ Yoast SEO plugin. -->","yoast_head_json":{"title":"Kontakt - Weihnachtsfeier Planer Berlin","robots":{"index":"index","follow":"follow","max-snippet":"max-snippet:-1","max-image-preview":"max-image-preview:large","max-video-preview":"max-video-preview:-1"},"canonical":"https:\/\/weihnachtsfeier-planer.de\/wordpress\/kontakt\/","og_locale":"de_DE","og_type":"article","og_title":"Kontakt - Weihnachtsfeier Planer Berlin","og_description":"So k\u00f6nnen Sie mit uns in Kontakt treten und das sind wir! Weihnachtsfeier Planer Storkower Stra\u00dfe 139b 10407 Berlin Tel: 030 802087080 Fax: 030 802087087 eMail: berlin@weihnachtsfeier-planer.de Zum Kontaktformular Unser Robert A. Puppel Karoline\u00a0Heintze Gesch\u00e4ftsf\u00fchrer Projektplanung Kreativer &amp; organisatorischer Kopf Das Hirn bei den Abiball Planern Ansprechpartner f\u00fcr alles Ansprechpartner f\u00fcr Eure B\u00e4lle Tel.: 030 802087080 Tel.: 030 802078085 eMail: rp@abiball-planer.de eMail: ch@abiball-planer.de Anja W. Kiethan Katrin Henschke Projektleitung Buchhaltung Das Herz und der Verstand Das gute Gewissen Ansprechparner f\u00fcr Eure B\u00e4lle Ansprechpartner f\u00fcr alle Zahlen Tel.: 030 802087082 Tel.: 030 802087086 eMail: ac@abiball-planer.de eMail: kh@abiball-planer.de Ronald Treufeldt N.N. Design Unterst\u00fctzer in allen Lebenslagen Der &#8222;Zeichner&#8220; Helferlein Ansprechpartner f\u00fcr alles...Weiterlesen... &raquo;","og_url":"https:\/\/weihnachtsfeier-planer.de\/wordpress\/kontakt\/","og_site_name":"Weihnachtsfeier Planer Berlin","article_modified_time":"2024-09-19T10:37:42+00:00","og_image":[{"url":"chrome:\/\/sipgateffx\/skin\/icon_click2dial.gif"}],"twitter_misc":{"Gesch\u00e4tzte Lesezeit":"4\u00a0Minuten"},"schema":{"@context":"https:\/\/schema.org","@graph":[{"@type":"WebPage","@id":"https:\/\/weihnachtsfeier-planer.de\/wordpress\/kontakt\/","url":"https:\/\/weihnachtsfeier-planer.de\/wordpress\/kontakt\/","name":"Kontakt - Weihnachtsfeier Planer Berlin","isPartOf":{"@id":"https:\/\/weihnachtsfeier-planer.de\/wordpress\/#website"},"datePublished":"2013-07-30T14:03:05+00:00","dateModified":"2024-09-19T10:37:42+00:00","breadcrumb":{"@id":"https:\/\/weihnachtsfeier-planer.de\/wordpress\/kontakt\/#breadcrumb"},"inLanguage":"de","potentialAction":[{"@type":"ReadAction","target":["https:\/\/weihnachtsfeier-planer.de\/wordpress\/kontakt\/"]}]},{"@type":"BreadcrumbList","@id":"https:\/\/weihnachtsfeier-planer.de\/wordpress\/kontakt\/#breadcrumb","itemListElement":[{"@type":"ListItem","position":1,"name":"Startseite","item":"https:\/\/weihnachtsfeier-planer.de\/wordpress\/"},{"@type":"ListItem","position":2,"name":"Kontakt"}]},{"@type":"WebSite","@id":"https:\/\/weihnachtsfeier-planer.de\/wordpress\/#website","url":"https:\/\/weihnachtsfeier-planer.de\/wordpress\/","name":"Weihnachtsfeier Planer Berlin","description":"Auf eine wunderbare Weihnachtsfeier in Berlin","potentialAction":[{"@type":"SearchAction","target":{"@type":"EntryPoint","urlTemplate":"https:\/\/weihnachtsfeier-planer.de\/wordpress\/?s={search_term_string}"},"query-input":"required name=search_term_string"}],"inLanguage":"de"}]}},"_links":{"self":[{"href":"https:\/\/weihnachtsfeier-planer.de\/wordpress\/wp-json\/wp\/v2\/pages\/220"}],"collection":[{"href":"https:\/\/weihnachtsfeier-planer.de\/wordpress\/wp-json\/wp\/v2\/pages"}],"about":[{"href":"https:\/\/weihnachtsfeier-planer.de\/wordpress\/wp-json\/wp\/v2\/types\/page"}],"author":[{"embeddable":true,"href":"https:\/\/weihnachtsfeier-planer.de\/wordpress\/wp-json\/wp\/v2\/users\/1"}],"replies":[{"embeddable":true,"href":"https:\/\/weihnachtsfeier-planer.de\/wordpress\/wp-json\/wp\/v2\/comments?post=220"}],"version-history":[{"count":15,"href":"https:\/\/weihnachtsfeier-planer.de\/wordpress\/wp-json\/wp\/v2\/pages\/220\/revisions"}],"predecessor-version":[{"id":731,"href":"https:\/\/weihnachtsfeier-planer.de\/wordpress\/wp-json\/wp\/v2\/pages\/220\/revisions\/731"}],"wp:attachment":[{"href":"https:\/\/weihnachtsfeier-planer.de\/wordpress\/wp-json\/wp\/v2\/media?parent=220"}],"curies":[{"name":"wp","href":"https:\/\/api.w.org\/{rel}","templated":true}]}}