{"id":250,"date":"2013-07-30T16:38:39","date_gmt":"2013-07-30T14:38:39","guid":{"rendered":"http:\/\/weihnachtsfeier-planer.de\/wordpress\/?page_id=250"},"modified":"2014-11-10T12:09:07","modified_gmt":"2014-11-10T11:09:07","slug":"agbs-der-weihnachtsfeier-planer","status":"publish","type":"page","link":"https:\/\/weihnachtsfeier-planer.de\/wordpress\/kontakt\/agbs-der-weihnachtsfeier-planer\/","title":{"rendered":"AGBs der Weihnachtsfeier Planer"},"content":{"rendered":"<div title=\"Page 1\">\n<div>\n<div>\n<div>\n<p><strong><span style=\"color: #888888;\"><a href=\"https:\/\/weihnachtsfeier-planer.de\/wordpress\/wp-content\/uploads\/2013\/07\/weihnachtsfeier-planer_berlin_agbs_2.jpg\"><img loading=\"lazy\" class=\"alignnone size-medium wp-image-454\" alt=\"weihnachtsfeier-planer_berlin_agbs_2\" src=\"https:\/\/weihnachtsfeier-planer.de\/wordpress\/wp-content\/uploads\/2013\/07\/weihnachtsfeier-planer_berlin_agbs_2-300x200.jpg\" width=\"300\" height=\"200\" srcset=\"https:\/\/weihnachtsfeier-planer.de\/wordpress\/wp-content\/uploads\/2013\/07\/weihnachtsfeier-planer_berlin_agbs_2-300x200.jpg 300w, https:\/\/weihnachtsfeier-planer.de\/wordpress\/wp-content\/uploads\/2013\/07\/weihnachtsfeier-planer_berlin_agbs_2.jpg 333w\" sizes=\"(max-width: 300px) 100vw, 300px\" \/><\/a><\/span><\/strong><\/p>\n<p><strong><span style=\"color: #888888;\">AGB der &#8222;Weihnachtsfeier Planer&#8220; &#8211;\u00a0 V Event GmbH (&#8222;Agentur&#8220;) f\u00fcr die Erbringung von Agenturleistungen<\/span><\/strong><\/p>\n<p><span style=\"color: #888888;\">I. BEGRIFFSBESTIMMUNG, GELTUNGSBEREICH<\/span><\/p>\n<ol>\n<li><span style=\"color: #888888;\">Diese Allgemeinen Gesch\u00e4ftsbedingungen gelten f\u00fcr alle Gesellschaften der V Event GmbH. Die Begriffe \u201eAuftrag, Agentur und Auftraggeber\u201c sind im kaufm\u00e4nnischen Sinn zu verstehen. \u201eAuftrag\u201c bezeichnet das Vertragsverh\u00e4ltnis ohne R\u00fccksicht auf den jeweiligen Vertragstyp, \u201eAgentur\u201c denjenigen, der die Hauptleistung schuldet, \u201eAuftraggeber\u201c denjenigen, der die Hauptleistung zu erhalten und die Verg\u00fctung zu zahlen hat.<\/span><\/li>\n<li><span style=\"color: #888888;\">Abweichende Gesch\u00e4ftsbedingungen des Auftraggebers haben nur G\u00fcltigkeit, soweit die Agentur sie schriftlich anerkannt hat.<\/span><\/li>\n<\/ol>\n<p><span style=\"color: #888888;\">II. TERMINE, LIEFERFRISTEN<\/span><\/p>\n<ol>\n<li><span style=\"color: #888888;\">Termine und Lieferfristen sind grunds\u00e4tzlich unverbindliche Orientierungshilfen. Dies gilt nicht, wenn Termine ausdr\u00fccklich schriftlich als fix vereinbart sind.<\/span><\/li>\n<li><span style=\"color: #888888;\">Die Agentur haftet nicht f\u00fcr Lieferverz\u00f6gerungen, die darauf beruhen, dass der Auftraggeber erforderliche Mitwirkungspflichten unterla\u0308sst.<\/span><\/li>\n<li><span style=\"color: #888888;\">Kommt der Auftraggeber in Annahmeverzug oder verletzt er schuldhaft sonstige Mitwirkungspflichten, so ist die Agentur berechtigt, den insoweit entstehenden Schaden, einschlie\u00dflich etwaiger Mehraufwendungen, ersetzt zu verlangen. Weitergehende Anspr\u00fcche bleiben vorbehalten.<\/span><\/li>\n<\/ol>\n<p><span style=\"color: #888888;\">III. LEISTUNGSUMFANG, VERG\u00dcTUNG<\/span><\/p>\n<ol>\n<li><span style=\"color: #888888;\">Der Umfang der einzelnen Leistungen sowie die geschuldete Verg\u00fctung ergeben sich aus der Leistungsbeschreibung der Agentur. Ist f\u00fcr eine Leistung keine Verg\u00fctung bestimmt, gelten die zum Zeitpunkt der Beauftragung g\u00fcltigen Preislisten der Agentur. Mehraufwand der Agentur, insbesondere wegen \u00c4nderungs- und Erg\u00e4nzungsw\u00fcnschen des Auftraggebers, wird als zus\u00e4tzlicher Aufwand gem\u00e4\u00df den vereinbarten Stundens\u00e4tzen, ersatzweise zu den zum Zeitpunkt der Beauftragung g\u00fcltigen Preislisten der Agentur berechnet.<\/span><\/li>\n<li><span style=\"color: #888888;\">Der Auftraggeber tr\u00e4gt den Schaden, der dadurch entsteht, dass Arbeiten infolge seiner unrichtigen, nachtr\u00e4glich berichtigten oder l\u00fcckenhaften Angaben von der Agentur ganz oder teilweise wiederholt werden m\u00fcssen oder verz\u00f6gert werden, sofern der Auftraggeber den Schaden zu vertreten hat.<\/span><\/li>\n<li><span style=\"color: #888888;\">Die Agentur darf die ihr obliegenden Leistungen auch von Dritten als Subunternehmer erbringen lassen. Der Auftraggeber kann einen solchen Dritten nur dann ablehnen, wenn in der Person des Dritten ein wichtiger Grund liegt.<\/span><\/li>\n<li><span style=\"color: #888888;\">K\u00fcndigt der Auftraggeber einen Auftrag, den er gegen\u00fcber der Agentur freigegeben hat, vorzeitig, gilt bez\u00fcglich des Honorars der Agentur zwischen den Vertragspartnern \u00a7 649 BGB.<\/span><\/li>\n<li><span style=\"color: #888888;\">Die \u00dcberpr\u00fcfung der rechtlichen Zula\u0308ssigkeit der Werbung (insbes. Wettbewerbs-, Kennzeichen-, Lebensmittel- u. Arzneimittelrecht) wird von der Agentur nur geschuldet, wenn diese ausdr\u00fccklich Gegenstand des Auftrags ist. Beauftragt der Auftraggeber die Agentur mit diesen Leistungen, tr\u00e4gt er die hierdurch entstehenden Geb\u00fchren und Kosten der Agentur und Dritter (Rechtsanwalt, Beh\u00f6rden u. a.) zu markt\u00fcblichen Konditionen, sofern nichts Abweichendes vereinbart wird.<\/span><\/li>\n<li><span style=\"color: #888888;\">Die Agentur ist nicht verpflichtet, die in der Werbung enthaltenen, vom Auftraggeber vor- oder freigegebenen Sachaussagen \u00fcber Produkte und Leistungen des Auftraggebers auf ihre Richtigkeit zu \u00fcberpr\u00fcfen.<\/span><\/li>\n<li><span style=\"color: #888888;\">Die Leistungen der Agentur sind auch dann vertragsgerecht erbracht, wenn sie nicht eintragungs- oder schutzf\u00e4hig sind (z. B. Patente, Marken, Urheberschutz), sofern nichts Abweichendes <\/span><span style=\"color: #888888;\">ausdr\u00fccklich vereinbart wurde. Die Agentur ist nicht verpflichtet, aber berechtigt, ihre Leistungen<\/span><span style=\"color: #888888;\">zum Gegenstand von Schutzrechtsanmeldungen zu machen.<br \/>\n<\/span><span style=\"color: #888888;\">8. Zwecks Pr\u00fcfung und Zustimmung legt die Agentur dem Kunden alle Entw\u00fcrfe vor der <\/span><span style=\"color: #888888;\">Ver\u00f6ffentlichung vor. Der Auftraggeber \u00fcbernimmt mit der Freigabe der Arbeiten die Verantwortung f\u00fcr die Richtigkeit von Inhalt, Bild, Ton und Text.<\/span><\/li>\n<\/ol>\n<\/div>\n<\/div>\n<\/div>\n<\/div>\n<div title=\"Page 2\">\n<div>\n<div>\n<div>\n<p><span style=\"color: #888888;\">IV. PRODUKTIONS\u00dcBERWACHUNG (VERGABE, KOORDINATION UND \u00dcBERWACHUNG DER WERBEMITTELHERSTELLUNG UND LIEFERANTEN JEDER ART)<\/span><\/p>\n<ol>\n<li><span style=\"color: #888888;\">Im Rahmen der Produktions\u00fcberwachung w\u00e4hlt die Agentur geeignete Werbemittelhersteller \/ Lieferanten aus und erteilt Produktionsauftr\u00e4ge nach Freigabe durch den Auftraggeber in Textform. Einzelauftr\u00e4ge bis zu max. Euro 2.000,\u2013 bed\u00fcrfen nicht der Freigabe durch den Auftraggeber. Die Auftragserteilung an Werbemittelhersteller \/ Lieferanten erfolgt im Namen und auf Rechnung des Auftraggebers, sofern nichts Abweichendes ausdr\u00fccklich in Textform vereinbart wurde.<\/span><\/li>\n<li><span style=\"color: #888888;\">Die Agentur koordiniert die Produktionsabwicklung und kontrolliert die Leistungen und Rechnungen der Hersteller.<\/span><\/li>\n<li><span style=\"color: #888888;\">F\u00fcr die Produktions\u00fcberwachung gema\u0308\u00df Ziffer IV.1 und 2 erh\u00e4lt die Agentur ein Agenturhonorar in H\u00f6he von 17 % auf den Nettowert der Rechnungen der Werbemittelhersteller\/ Lieferanten, mindestens jedoch Euro 110,\u2013. Das Agenturhonorar ist jeweils mit Abrechnung der Leistungen der Hersteller f\u00e4llig.<\/span><\/li>\n<li><span style=\"color: #888888;\">Soweit die Agentur Produktionsauftr\u00e4ge aufgrund ausdr\u00fccklicher Vereinbarung mit dem Auftraggeber ausnahmsweise im eigenen Namen und auf eigene Rechnung erteilt, werden s\u00e4mtliche anfallenden Fremdkosten von der Agentur an den Auftraggeber weiterberechnet. Die Agentur ist berechtigt, bei Produktionsauftr\u00e4gen ab einem voraussichtlichen Wert von Euro 5.000,\u2013 sofort f\u00e4llige Vorauszahlungen bis zur H\u00f6he des Brutto-Auftragswerts zu verlangen.<\/span><\/li>\n<\/ol>\n<p><span style=\"color: #888888;\">V. HAFTUNG, Gew\u00e4hrleistung<\/span><\/p>\n<ol>\n<li><span style=\"color: #888888;\">Die Agentur haftet bei Vorsatz und grober Fahrl\u00e4ssigkeit nach den gesetzlichen Vorschriften. Die Haftung f\u00fcr M\u00e4ngelgew\u00e4hrleistungsanspr\u00fcche ist jedoch auf 12 Monate ab Ablieferung begrenzt.<\/span><\/li>\n<li><span style=\"color: #888888;\">Bei leichter Fahrl\u00e4ssigkeit haften die Agentur sowie ihre Erf\u00fcllungs- und Verrichtungsgehilfen nur, wenn eine wesentliche Vertragspflicht (Kardinalspflicht) verletzt wird oder ein Fall des Verzugs oder der Unm\u00f6glichkeit vorliegt.<\/span><\/li>\n<li><span style=\"color: #888888;\">Im Fall einer Haftung aus leichter Fahrl\u00e4ssigkeit wird diese Haftung der Agentur sowie ihrer Erf\u00fcllungs- und Verrichtungsgehilfen wegen Pflichtverletzung und aus unerlaubter Handlung sowie f\u00fcr Anspr\u00fcche auf Ersatz vergeblicher Aufwendungen auf solche Sch\u00e4den begrenzt, die vorhersehbar bzw. typisch sind.<\/span><\/li>\n<li><span style=\"color: #888888;\">Die vorgenannten Haftungsbeschr\u00e4nkungen sowie die verk\u00fcrzte Gew\u00e4hrleistungspflicht gelten nicht f\u00fcr das Fehlen zugesicherter Eigenschaften, f\u00fcr F\u00e4lle von Arglist, f\u00fcr Verletzungen des Lebens, des K\u00f6rpers oder der Gesundheit, f\u00fcr Rechtsm\u00e4ngel sowie bei Haftung nach dem Produkthaftungsgesetz.<\/span><\/li>\n<li><span style=\"color: #888888;\">Wegen unverschuldeter Irrt\u00fcmer und Druck- oder \u00dcbermittlungsfehlern, welche die Agentur zur Anfechtung berechtigen, kann der Auftraggeber Schadensersatz als Folge der Anfechtung nicht geltend machen.<\/span><\/li>\n<\/ol>\n<\/div>\n<\/div>\n<\/div>\n<\/div>\n<div title=\"Page 3\">\n<div>\n<div>\n<div>\n<p><span style=\"color: #888888;\">VI. ABNAHME<\/span><\/p>\n<p><span style=\"color: #888888;\">Schuldet die Agentur einen bestimmten Arbeitserfolg, d. h. ein individualisierbares Werk (z. B. Entwurf), ist der Auftraggeber zur Abnahme verpflichtet. Die Abnahme gilt als erfolgt, wenn sie nicht innerhalb von sieben Tagen nach Ablieferung erkl\u00e4rt oder verweigert wird, vorausgesetzt, das Arbeitsergebnis entspricht im Wesentlichen den Vereinbarungen. Bestehen wesentliche Abweichungen, wird die Agentur diese Abweichungen in angemessener Frist beseitigen und das Arbeitsergebnis erneut zur Abnahme vorlegen. Die Abnahme gilt sp\u00e4testens mit der Zahlung oder Nutzung des Werks als erfolgt.<\/span><\/p>\n<p><span style=\"color: #888888;\">VII. RECHNUNG, PREIS, ZAHLUNG, ZAHLUNGSBEDINGUNGEN<\/span><\/p>\n<ol>\n<li><span style=\"color: #888888;\">Die Agentur stellt ihre Leistungen sofort nach Erbringung in Rechnung.<\/span><\/li>\n<li><span style=\"color: #888888;\">Soweit keine anderen Zahlungsbedingungen vereinbart sind, erfolgt die Zahlung innerhalb von 10 <\/span><span style=\"color: #888888;\">Tagen nach Rechnungsstellung ohne Abzug.<\/span><\/li>\n<li><span style=\"color: #888888;\">Alle Preise sind Nettopreise und verstehen sich zuz\u00fcglich der gesetzlichen Umsatzsteuer. Z\u00f6lle, <\/span><span style=\"color: #888888;\">Geb\u00fchren und sonstige Abgaben wie auch die K\u00fcnstlersozialversicherung tr\u00e4gt der Auftraggeber, <\/span><span style=\"color: #888888;\">und zwar auch dann, wenn sie nacherhoben werden.<\/span><\/li>\n<li><span style=\"color: #888888;\">Der Auftraggeber darf gegen Verg\u00fctungsforderungen der Agentur nur mit unbestrittenen oder <\/span><span style=\"color: #888888;\">rechtskr\u00e4ftig festgestellten Forderungen aufrechnen. Der Auftraggeber kann ein Zur\u00fcckbehaltungsrecht nur in den F\u00e4llen unbestrittener oder rechtskr\u00e4ftig festgestellter Anspr\u00fcche geltend machen.<\/span><\/li>\n<\/ol>\n<p><span style=\"color: #888888;\">VIII. AUFWENDUNGEN<\/span><\/p>\n<ol>\n<li><span style=\"color: #888888;\">Jede Partei tr\u00e4gt die Kosten f\u00fcr Porto, Telefon und Fax, die ihr aus dem Gesch\u00e4ftsverkehr mit der anderen Seite erwachsen.<\/span><\/li>\n<li><span style=\"color: #888888;\">Reisekosten werden dem Auftraggeber wie folgt berechnet: \u2013 Fremdkosten: nach Belegen,<\/span><span style=\"color: #888888;\">\u2013 Stundenaufwand: siehe aktuelle Standardpreisliste (Honorarliste),<\/span><span style=\"color: #888888;\">\u2013 Reisekosten im eigenen Pkw: 0,51 Euro\/km.<\/span><\/li>\n<li><span style=\"color: #888888;\">Alle sonstigen Kosten wie Anwaltskosten, Kurierkosten, Transportkosten zur Vorbereitung und<\/span><span style=\"color: #888888;\">\u00dcberwachung von Werbemittelproduktionen sowie Farbkopien und Farbausdrucke, die vom Auftraggeber bestellt werden, werden dem Auftraggeber nach Belegen berechnet.<\/span><\/li>\n<\/ol>\n<p><span style=\"color: #888888;\">IX. URHEBERRECHTLICHE NUTZUNGSRECHTE\/LEISTUNGSSCHUTZRECHTE<\/span><\/p>\n<ol>\n<li><span style=\"color: #888888;\">Sofern nicht abweichend in der Leistungsbeschreibung geregelt, erwirbt der Auftraggeber mit vollst\u00e4ndiger Bezahlung die nach dem Vertragszweck erforderlichen Nutzungsrechte an den von der Agentur gestalteten Werbemitteln f\u00fcr die Laufzeit des Agenturvertrags, mindestens jedoch f\u00fcr 6 Monate nach Abnahme. Die Nutzungsrechte sind auf das Gebiet der Bundesrepublik Deutschland beschr\u00e4nkt. Eine Bearbeitung oder inhaltliche \u00c4nderung der von der Agentur gestalteten Werbemittel ist nur mit vorheriger Zustimmung der Agentur zul\u00e4ssig. Die Weiter\u00fcbertragung oder Lizenzierung der Nutzungsrechte durch den Auftraggeber an Dritte bedarf zu ihrer Wirksamkeit der vorherigen schriftlichen Zustimmung durch die Agentur.<\/span><\/li>\n<li><span style=\"color: #888888;\">Sind zur Erstellung oder Umsetzung von Arbeitsergebnissen der Agentur Nutzungs- oder Verwertungsrechte (z. B. Foto-, Film-, Urheber-, GEMA-Rechte) oder Zustimmungen Dritter (z. B. Pers\u00f6nlichkeitsrechte) erforderlich, wird die Agentur die Rechte und Zustimmungen Dritter im Namen und f\u00fcr Rechnung des Auftraggebers einholen. Dies erfolgt grunds\u00e4tzlich nur in dem f\u00fcr die vorgesehene Werbema\u00dfnahme zeitlich, r\u00e4umlich und inhaltlich erforderlichen Umfang, sofern <\/span><span style=\"color: #888888;\">nichts Abweichendes ausdr\u00fccklich in Textform vereinbart wurde. Nachforderungen gem\u00e4\u00df \u00a7\u00a7 32, <\/span><span style=\"color: #888888;\">32 a UrhG gehen zu Lasten des Auftraggebers.<\/span><\/li>\n<\/ol>\n<\/div>\n<\/div>\n<\/div>\n<\/div>\n<div title=\"Page 4\">\n<div>\n<div>\n<div>\n<ol start=\"3\">\n<li><span style=\"color: #888888;\">Die Agentur \u00fcbernimmt keine Haftung daf\u00fcr, dass bez\u00fcglich der von ihr gelieferten Werbemittel<\/span><span style=\"color: #888888;\">und Arbeitsergebnisse keine Rechte Dritter bestehen.<\/span><\/li>\n<li><span style=\"color: #888888;\">Die Agentur darf die von ihr konzipierten Werbemittel zeitlich unbeschr\u00e4nkt zur Eigenwerbung in <\/span><span style=\"color: #888888;\">ihrer Internet-Website sowie auf der von ihr zu Zwecken der Eigenwerbung regelm\u00e4\u00dfig erstellten CD-ROM nutzen. Die Befugnis erstreckt sich auch auf die anderen Unternehmen der V Event GmbH.<br \/>\n<\/span><\/li>\n<li><span style=\"color: #888888;\">Nutzungsrechte f\u00fcr vom Auftraggeber abgelehnte oder nicht ausgef\u00fchrte Entw\u00fcrfe bleiben bei der Agentur. Dies gilt auch und gerade f\u00fcr Leistungen der Agentur, die nicht Gegenstand besonderer gesetzlicher Rechte, insbesondere des Urheberrechts, sind.<\/span><\/li>\n<\/ol>\n<p><span style=\"color: #888888;\">X. BESPRECHUNGSBERICHTE<\/span><\/p>\n<p><span style=\"color: #888888;\">Die Agentur \u00fcbergibt innerhalb von drei Arbeitstagen nach jeder Besprechung mit dem Auftraggeber Besprechungsberichte. Diese Besprechungsberichte sind als rechtsverbindliche Arbeitsgrundlage f\u00fcr die weitere Bearbeitung von Projekten bindend, soweit ihnen nicht innerhalb einer Frist von weiteren drei Arbeitstagen in Textform widersprochen wird.<\/span><\/p>\n<p><span style=\"color: #888888;\">XI. SCHLUSSBESTIMMUNGEN<\/span><\/p>\n<ol>\n<li><span style=\"color: #888888;\">Die Unwirksamkeit einzelner Bedingungen ber\u00fchrt die Wirksamkeit der u\u0308brigen nicht. Die beanstandete Bedingung ist durch eine solche zu ersetzen, die dem wirtschaftlichen Zweck der urspr\u00fcnglichen m\u00f6glichst nahe kommt.<\/span><\/li>\n<li><span style=\"color: #888888;\">Gerichtsstand f\u00fcr alle Streitigkeiten zwischen dem Auftraggeber, der Kaufmann ist, und der Agentur ist der Sitz der Agentur.<\/span><\/li>\n<li><span style=\"color: #888888;\">Anwendbar ist nur das Recht der Bundesrepublik Deutschland unter Ausschluss des deutschen Internationalen Privatrechts.<\/span><\/li>\n<\/ol>\n<\/div>\n<\/div>\n<\/div>\n<\/div>\n","protected":false},"excerpt":{"rendered":"<p>AGB der &#8222;Weihnachtsfeier Planer&#8220; &#8211;\u00a0 V Event GmbH (&#8222;Agentur&#8220;) f\u00fcr die Erbringung von Agenturleistungen I. BEGRIFFSBESTIMMUNG, GELTUNGSBEREICH Diese Allgemeinen Gesch\u00e4ftsbedingungen gelten f\u00fcr alle Gesellschaften der V Event GmbH. Die Begriffe \u201eAuftrag, Agentur und Auftraggeber\u201c sind im kaufm\u00e4nnischen Sinn zu verstehen. \u201eAuftrag\u201c bezeichnet das Vertragsverh\u00e4ltnis ohne R\u00fccksicht auf den jeweiligen Vertragstyp, \u201eAgentur\u201c denjenigen, der die Hauptleistung schuldet, \u201eAuftraggeber\u201c denjenigen, der die Hauptleistung zu erhalten und die Verg\u00fctung zu zahlen hat. Abweichende Gesch\u00e4ftsbedingungen des Auftraggebers haben nur G\u00fcltigkeit, soweit die Agentur sie schriftlich anerkannt hat. II. TERMINE, LIEFERFRISTEN Termine und Lieferfristen sind grunds\u00e4tzlich unverbindliche Orientierungshilfen. Dies gilt nicht, wenn Termine ausdr\u00fccklich schriftlich als fix vereinbart sind. Die Agentur haftet nicht f\u00fcr Lieferverz\u00f6gerungen,&#8230;<\/p>\n<p><a class=\"clear excerptmore button\" href=\"https:\/\/weihnachtsfeier-planer.de\/wordpress\/kontakt\/agbs-der-weihnachtsfeier-planer\/\">Weiterlesen&#8230; &raquo;<\/a><\/p>\n","protected":false},"author":1,"featured_media":0,"parent":220,"menu_order":0,"comment_status":"open","ping_status":"closed","template":"tpl_fullwidth-page.php","meta":[],"yoast_head":"<!-- This site is optimized with the Yoast SEO plugin v19.8 - https:\/\/yoast.com\/wordpress\/plugins\/seo\/ -->\n<title>AGBs der Weihnachtsfeier Planer - Weihnachtsfeier Planer Berlin<\/title>\n<meta name=\"description\" content=\"Weihnachtsfeier, Berlin, DJ, Catering, Getr\u00e4nkepauschale, Location\" \/>\n<meta name=\"robots\" content=\"index, follow, max-snippet:-1, max-image-preview:large, max-video-preview:-1\" \/>\n<link rel=\"canonical\" href=\"https:\/\/weihnachtsfeier-planer.de\/wordpress\/kontakt\/agbs-der-weihnachtsfeier-planer\/\" \/>\n<meta property=\"og:locale\" content=\"de_DE\" \/>\n<meta property=\"og:type\" content=\"article\" \/>\n<meta property=\"og:title\" content=\"AGBs der Weihnachtsfeier Planer - Weihnachtsfeier Planer Berlin\" \/>\n<meta property=\"og:description\" content=\"Weihnachtsfeier, Berlin, DJ, Catering, Getr\u00e4nkepauschale, Location\" \/>\n<meta property=\"og:url\" content=\"https:\/\/weihnachtsfeier-planer.de\/wordpress\/kontakt\/agbs-der-weihnachtsfeier-planer\/\" \/>\n<meta property=\"og:site_name\" content=\"Weihnachtsfeier Planer Berlin\" \/>\n<meta property=\"article:modified_time\" content=\"2014-11-10T11:09:07+00:00\" \/>\n<meta property=\"og:image\" content=\"http:\/\/weihnachtsfeier-planer.de\/wordpress\/wp-content\/uploads\/2013\/07\/weihnachtsfeier-planer_berlin_agbs_2-300x200.jpg\" \/>\n<meta name=\"twitter:label1\" content=\"Gesch\u00e4tzte Lesezeit\" \/>\n\t<meta name=\"twitter:data1\" content=\"8\u00a0Minuten\" \/>\n<script type=\"application\/ld+json\" class=\"yoast-schema-graph\">{\"@context\":\"https:\/\/schema.org\",\"@graph\":[{\"@type\":\"WebPage\",\"@id\":\"https:\/\/weihnachtsfeier-planer.de\/wordpress\/kontakt\/agbs-der-weihnachtsfeier-planer\/\",\"url\":\"https:\/\/weihnachtsfeier-planer.de\/wordpress\/kontakt\/agbs-der-weihnachtsfeier-planer\/\",\"name\":\"AGBs der Weihnachtsfeier Planer - Weihnachtsfeier Planer Berlin\",\"isPartOf\":{\"@id\":\"https:\/\/weihnachtsfeier-planer.de\/wordpress\/#website\"},\"datePublished\":\"2013-07-30T14:38:39+00:00\",\"dateModified\":\"2014-11-10T11:09:07+00:00\",\"description\":\"Weihnachtsfeier, Berlin, DJ, Catering, Getr\u00e4nkepauschale, Location\",\"breadcrumb\":{\"@id\":\"https:\/\/weihnachtsfeier-planer.de\/wordpress\/kontakt\/agbs-der-weihnachtsfeier-planer\/#breadcrumb\"},\"inLanguage\":\"de\",\"potentialAction\":[{\"@type\":\"ReadAction\",\"target\":[\"https:\/\/weihnachtsfeier-planer.de\/wordpress\/kontakt\/agbs-der-weihnachtsfeier-planer\/\"]}]},{\"@type\":\"BreadcrumbList\",\"@id\":\"https:\/\/weihnachtsfeier-planer.de\/wordpress\/kontakt\/agbs-der-weihnachtsfeier-planer\/#breadcrumb\",\"itemListElement\":[{\"@type\":\"ListItem\",\"position\":1,\"name\":\"Startseite\",\"item\":\"https:\/\/weihnachtsfeier-planer.de\/wordpress\/\"},{\"@type\":\"ListItem\",\"position\":2,\"name\":\"Kontakt\",\"item\":\"https:\/\/weihnachtsfeier-planer.de\/wordpress\/kontakt\/\"},{\"@type\":\"ListItem\",\"position\":3,\"name\":\"AGBs der Weihnachtsfeier Planer\"}]},{\"@type\":\"WebSite\",\"@id\":\"https:\/\/weihnachtsfeier-planer.de\/wordpress\/#website\",\"url\":\"https:\/\/weihnachtsfeier-planer.de\/wordpress\/\",\"name\":\"Weihnachtsfeier Planer Berlin\",\"description\":\"Auf eine wunderbare Weihnachtsfeier in Berlin\",\"potentialAction\":[{\"@type\":\"SearchAction\",\"target\":{\"@type\":\"EntryPoint\",\"urlTemplate\":\"https:\/\/weihnachtsfeier-planer.de\/wordpress\/?s={search_term_string}\"},\"query-input\":\"required name=search_term_string\"}],\"inLanguage\":\"de\"}]}<\/script>\n<!-- \/ Yoast SEO plugin. -->","yoast_head_json":{"title":"AGBs der Weihnachtsfeier Planer - Weihnachtsfeier Planer Berlin","description":"Weihnachtsfeier, Berlin, DJ, Catering, Getr\u00e4nkepauschale, Location","robots":{"index":"index","follow":"follow","max-snippet":"max-snippet:-1","max-image-preview":"max-image-preview:large","max-video-preview":"max-video-preview:-1"},"canonical":"https:\/\/weihnachtsfeier-planer.de\/wordpress\/kontakt\/agbs-der-weihnachtsfeier-planer\/","og_locale":"de_DE","og_type":"article","og_title":"AGBs der Weihnachtsfeier Planer - Weihnachtsfeier Planer Berlin","og_description":"Weihnachtsfeier, Berlin, DJ, Catering, Getr\u00e4nkepauschale, Location","og_url":"https:\/\/weihnachtsfeier-planer.de\/wordpress\/kontakt\/agbs-der-weihnachtsfeier-planer\/","og_site_name":"Weihnachtsfeier Planer Berlin","article_modified_time":"2014-11-10T11:09:07+00:00","og_image":[{"url":"http:\/\/weihnachtsfeier-planer.de\/wordpress\/wp-content\/uploads\/2013\/07\/weihnachtsfeier-planer_berlin_agbs_2-300x200.jpg"}],"twitter_misc":{"Gesch\u00e4tzte Lesezeit":"8\u00a0Minuten"},"schema":{"@context":"https:\/\/schema.org","@graph":[{"@type":"WebPage","@id":"https:\/\/weihnachtsfeier-planer.de\/wordpress\/kontakt\/agbs-der-weihnachtsfeier-planer\/","url":"https:\/\/weihnachtsfeier-planer.de\/wordpress\/kontakt\/agbs-der-weihnachtsfeier-planer\/","name":"AGBs der Weihnachtsfeier Planer - Weihnachtsfeier Planer Berlin","isPartOf":{"@id":"https:\/\/weihnachtsfeier-planer.de\/wordpress\/#website"},"datePublished":"2013-07-30T14:38:39+00:00","dateModified":"2014-11-10T11:09:07+00:00","description":"Weihnachtsfeier, Berlin, DJ, Catering, Getr\u00e4nkepauschale, Location","breadcrumb":{"@id":"https:\/\/weihnachtsfeier-planer.de\/wordpress\/kontakt\/agbs-der-weihnachtsfeier-planer\/#breadcrumb"},"inLanguage":"de","potentialAction":[{"@type":"ReadAction","target":["https:\/\/weihnachtsfeier-planer.de\/wordpress\/kontakt\/agbs-der-weihnachtsfeier-planer\/"]}]},{"@type":"BreadcrumbList","@id":"https:\/\/weihnachtsfeier-planer.de\/wordpress\/kontakt\/agbs-der-weihnachtsfeier-planer\/#breadcrumb","itemListElement":[{"@type":"ListItem","position":1,"name":"Startseite","item":"https:\/\/weihnachtsfeier-planer.de\/wordpress\/"},{"@type":"ListItem","position":2,"name":"Kontakt","item":"https:\/\/weihnachtsfeier-planer.de\/wordpress\/kontakt\/"},{"@type":"ListItem","position":3,"name":"AGBs der Weihnachtsfeier Planer"}]},{"@type":"WebSite","@id":"https:\/\/weihnachtsfeier-planer.de\/wordpress\/#website","url":"https:\/\/weihnachtsfeier-planer.de\/wordpress\/","name":"Weihnachtsfeier Planer Berlin","description":"Auf eine wunderbare Weihnachtsfeier in Berlin","potentialAction":[{"@type":"SearchAction","target":{"@type":"EntryPoint","urlTemplate":"https:\/\/weihnachtsfeier-planer.de\/wordpress\/?s={search_term_string}"},"query-input":"required name=search_term_string"}],"inLanguage":"de"}]}},"_links":{"self":[{"href":"https:\/\/weihnachtsfeier-planer.de\/wordpress\/wp-json\/wp\/v2\/pages\/250"}],"collection":[{"href":"https:\/\/weihnachtsfeier-planer.de\/wordpress\/wp-json\/wp\/v2\/pages"}],"about":[{"href":"https:\/\/weihnachtsfeier-planer.de\/wordpress\/wp-json\/wp\/v2\/types\/page"}],"author":[{"embeddable":true,"href":"https:\/\/weihnachtsfeier-planer.de\/wordpress\/wp-json\/wp\/v2\/users\/1"}],"replies":[{"embeddable":true,"href":"https:\/\/weihnachtsfeier-planer.de\/wordpress\/wp-json\/wp\/v2\/comments?post=250"}],"version-history":[{"count":7,"href":"https:\/\/weihnachtsfeier-planer.de\/wordpress\/wp-json\/wp\/v2\/pages\/250\/revisions"}],"predecessor-version":[{"id":457,"href":"https:\/\/weihnachtsfeier-planer.de\/wordpress\/wp-json\/wp\/v2\/pages\/250\/revisions\/457"}],"up":[{"embeddable":true,"href":"https:\/\/weihnachtsfeier-planer.de\/wordpress\/wp-json\/wp\/v2\/pages\/220"}],"wp:attachment":[{"href":"https:\/\/weihnachtsfeier-planer.de\/wordpress\/wp-json\/wp\/v2\/media?parent=250"}],"curies":[{"name":"wp","href":"https:\/\/api.w.org\/{rel}","templated":true}]}}