{"id":55,"date":"2013-07-30T11:50:29","date_gmt":"2013-07-30T09:50:29","guid":{"rendered":"http:\/\/weihnachtsfeier-planer.de\/wordpress\/?page_id=55"},"modified":"2016-10-26T09:06:26","modified_gmt":"2016-10-26T08:06:26","slug":"locations","status":"publish","type":"page","link":"https:\/\/weihnachtsfeier-planer.de\/wordpress\/locations\/","title":{"rendered":"Locations"},"content":{"rendered":"<p><span style=\"color: #888888;\"><img loading=\"lazy\" class=\"size-medium wp-image-318 alignleft\" src=\"https:\/\/weihnachtsfeier-planer.de\/wordpress\/wp-content\/uploads\/2013\/07\/weihnachtsfeier-locations-berlin-suche-300x224.jpg\" alt=\"weihnachtsfeier-locations-berlin-suche\" width=\"147\" height=\"107\" \/><\/span><span style=\"color: #888888;\">Um sich geb\u00fchrend und ordentlich vom laufenden Jahr zu verabschieden, ben\u00f6tigen Sie eine gute und geeignete Location!\u00a0 Das startet bei der Lage, \u00fcber die Aufteilung der R\u00e4ume und geht nat\u00fcrlich bis zum Preis.\u00a0 <img loading=\"lazy\" class=\"size-medium wp-image-511 alignright\" src=\"https:\/\/weihnachtsfeier-planer.de\/wordpress\/wp-content\/uploads\/2013\/07\/weihnachtsfeier-planer_agentur-berlin-location-1-300x200.jpg\" alt=\"weihnachtsfeier-planer_agentur-berlin-location-1\" width=\"231\" height=\"154\" srcset=\"https:\/\/weihnachtsfeier-planer.de\/wordpress\/wp-content\/uploads\/2013\/07\/weihnachtsfeier-planer_agentur-berlin-location-1-300x200.jpg 300w, https:\/\/weihnachtsfeier-planer.de\/wordpress\/wp-content\/uploads\/2013\/07\/weihnachtsfeier-planer_agentur-berlin-location-1.jpg 333w\" sizes=\"(max-width: 231px) 100vw, 231px\" \/>Wir setzen uns mit Ihnen zusammen und besprechen Ihre Bed\u00fcrfnisse und W\u00fcnsche f\u00fcr Ihre Weihnachtsfeier.\u00a0<\/span><\/p>\n<p>&nbsp;<\/p>\n<p><span style=\"color: #888888;\">Wollen Sie<\/span><\/p>\n<ul>\n<li><span style=\"color: #888888;\">einen Raum oder mehrere,<br \/>\n<\/span><\/li>\n<li><span style=\"color: #888888;\">ben\u00f6tigen Sie eine B\u00fchne,<\/span><\/li>\n<li><span style=\"color: #888888;\">wollen Sie etwas exotisches,<\/span><\/li>\n<li><span style=\"color: #888888;\">zentrumsnah oder ist die Lage egal\u00a0<\/span><\/li>\n<li><span style=\"color: #888888;\">exklusiv oder normal?<\/span><\/li>\n<\/ul>\n<p><span style=\"color: #888888;\"><img loading=\"lazy\" class=\"alignleft wp-image-637 size-medium\" src=\"https:\/\/weihnachtsfeier-planer.de\/wordpress\/wp-content\/uploads\/2016\/10\/weihnachtsfeier-planer_agentur-berlin-location-12-300x225.jpg\" alt=\"weihnachtsfeier-planer_agentur-berlin-location-12\" width=\"300\" height=\"225\" srcset=\"https:\/\/weihnachtsfeier-planer.de\/wordpress\/wp-content\/uploads\/2016\/10\/weihnachtsfeier-planer_agentur-berlin-location-12-300x225.jpg 300w, https:\/\/weihnachtsfeier-planer.de\/wordpress\/wp-content\/uploads\/2016\/10\/weihnachtsfeier-planer_agentur-berlin-location-12.jpg 333w\" sizes=\"(max-width: 300px) 100vw, 300px\" \/>Auf jeden Fall aber m\u00fcssen sie rechtzeitig buchen.\u00a0 Leider feiern alle Unternehmen ihre Weihnachtsfeier zum gleichen Zeitraum.\u00a0 Da sind schnell viele Locations schon fr\u00fch ausgebucht.\u00a0<\/span><\/p>\n<p><span style=\"color: #888888;\">Wichtig bei der Auswahl der Location ist auch die M\u00f6glichkeit der individuellen Gestaltung und Dekoration.<\/span><span style=\"color: #888888;\"><img loading=\"lazy\" class=\"size-medium wp-image-512 alignright\" src=\"https:\/\/weihnachtsfeier-planer.de\/wordpress\/wp-content\/uploads\/2013\/07\/weihnachtsfeier-planer_agentur-berlin-location-2-300x232.jpg\" alt=\"weihnachtsfeier-planer_agentur-berlin-location-2\" width=\"228\" height=\"176\" srcset=\"https:\/\/weihnachtsfeier-planer.de\/wordpress\/wp-content\/uploads\/2013\/07\/weihnachtsfeier-planer_agentur-berlin-location-2-300x232.jpg 300w, https:\/\/weihnachtsfeier-planer.de\/wordpress\/wp-content\/uploads\/2013\/07\/weihnachtsfeier-planer_agentur-berlin-location-2.jpg 333w\" sizes=\"(max-width: 228px) 100vw, 228px\" \/><\/span><\/p>\n<p><span style=\"color: #888888;\">\u00a0<img loading=\"lazy\" class=\"alignleft wp-image-636 size-medium\" src=\"https:\/\/weihnachtsfeier-planer.de\/wordpress\/wp-content\/uploads\/2016\/10\/weihnachtsfeier-planer_agentur-berlin-location-11-300x225.jpg\" alt=\"weihnachtsfeier-planer_agentur-berlin-location-11\" width=\"300\" height=\"225\" srcset=\"https:\/\/weihnachtsfeier-planer.de\/wordpress\/wp-content\/uploads\/2016\/10\/weihnachtsfeier-planer_agentur-berlin-location-11-300x225.jpg 300w, https:\/\/weihnachtsfeier-planer.de\/wordpress\/wp-content\/uploads\/2016\/10\/weihnachtsfeier-planer_agentur-berlin-location-11.jpg 333w\" sizes=\"(max-width: 300px) 100vw, 300px\" \/><\/span><\/p>\n","protected":false},"excerpt":{"rendered":"<p>Um sich geb\u00fchrend und ordentlich vom laufenden Jahr zu verabschieden, ben\u00f6tigen Sie eine gute und geeignete Location!\u00a0 Das startet bei der Lage, \u00fcber die Aufteilung der R\u00e4ume und geht nat\u00fcrlich bis zum Preis.\u00a0 Wir setzen uns mit Ihnen zusammen und besprechen Ihre Bed\u00fcrfnisse und W\u00fcnsche f\u00fcr Ihre Weihnachtsfeier.\u00a0 &nbsp; Wollen Sie einen Raum oder mehrere, ben\u00f6tigen Sie eine B\u00fchne, wollen Sie etwas exotisches, zentrumsnah oder ist die Lage egal\u00a0 exklusiv oder normal? Auf jeden Fall aber m\u00fcssen sie rechtzeitig buchen.\u00a0 Leider feiern alle Unternehmen ihre Weihnachtsfeier zum gleichen Zeitraum.\u00a0 Da sind schnell viele Locations schon fr\u00fch ausgebucht.\u00a0 Wichtig bei der Auswahl der Location ist auch die M\u00f6glichkeit der individuellen Gestaltung&#8230;<\/p>\n<p><a class=\"clear excerptmore button\" href=\"https:\/\/weihnachtsfeier-planer.de\/wordpress\/locations\/\">Weiterlesen&#8230; &raquo;<\/a><\/p>\n","protected":false},"author":1,"featured_media":0,"parent":0,"menu_order":0,"comment_status":"closed","ping_status":"closed","template":"tpl_fullwidth-page.php","meta":[],"yoast_head":"<!-- This site is optimized with the Yoast SEO plugin v19.8 - https:\/\/yoast.com\/wordpress\/plugins\/seo\/ -->\n<title>Weihnachtsfeier Location Berlin, coole, location guide, scout,<\/title>\n<meta name=\"description\" content=\"Sie suchen eine Location f\u00fcr Ihre Weihnachtsfeier in Berlin. Wir haben sie passende Location f\u00fcr Ihre Weihnachtsfeier. Location Scout Berlin. 030 802087080\" \/>\n<meta name=\"robots\" content=\"index, follow, max-snippet:-1, max-image-preview:large, max-video-preview:-1\" \/>\n<link rel=\"canonical\" href=\"https:\/\/weihnachtsfeier-planer.de\/wordpress\/locations\/\" \/>\n<meta property=\"og:locale\" content=\"de_DE\" \/>\n<meta property=\"og:type\" content=\"article\" \/>\n<meta property=\"og:title\" content=\"Weihnachtsfeier Location Berlin, coole, location guide, scout,\" \/>\n<meta property=\"og:description\" content=\"Sie suchen eine Location f\u00fcr Ihre Weihnachtsfeier in Berlin. Wir haben sie passende Location f\u00fcr Ihre Weihnachtsfeier. Location Scout Berlin. 030 802087080\" \/>\n<meta property=\"og:url\" content=\"https:\/\/weihnachtsfeier-planer.de\/wordpress\/locations\/\" \/>\n<meta property=\"og:site_name\" content=\"Weihnachtsfeier Planer Berlin\" \/>\n<meta property=\"article:modified_time\" content=\"2016-10-26T08:06:26+00:00\" \/>\n<meta property=\"og:image\" content=\"http:\/\/weihnachtsfeier-planer.de\/wordpress\/wp-content\/uploads\/2013\/07\/weihnachtsfeier-locations-berlin-suche-300x224.jpg\" \/>\n<meta name=\"twitter:label1\" content=\"Gesch\u00e4tzte Lesezeit\" \/>\n\t<meta name=\"twitter:data1\" content=\"1\u00a0Minute\" \/>\n<script type=\"application\/ld+json\" class=\"yoast-schema-graph\">{\"@context\":\"https:\/\/schema.org\",\"@graph\":[{\"@type\":\"WebPage\",\"@id\":\"https:\/\/weihnachtsfeier-planer.de\/wordpress\/locations\/\",\"url\":\"https:\/\/weihnachtsfeier-planer.de\/wordpress\/locations\/\",\"name\":\"Weihnachtsfeier Location Berlin, coole, location guide, scout,\",\"isPartOf\":{\"@id\":\"https:\/\/weihnachtsfeier-planer.de\/wordpress\/#website\"},\"datePublished\":\"2013-07-30T09:50:29+00:00\",\"dateModified\":\"2016-10-26T08:06:26+00:00\",\"description\":\"Sie suchen eine Location f\u00fcr Ihre Weihnachtsfeier in Berlin. Wir haben sie passende Location f\u00fcr Ihre Weihnachtsfeier. Location Scout Berlin. 030 802087080\",\"breadcrumb\":{\"@id\":\"https:\/\/weihnachtsfeier-planer.de\/wordpress\/locations\/#breadcrumb\"},\"inLanguage\":\"de\",\"potentialAction\":[{\"@type\":\"ReadAction\",\"target\":[\"https:\/\/weihnachtsfeier-planer.de\/wordpress\/locations\/\"]}]},{\"@type\":\"BreadcrumbList\",\"@id\":\"https:\/\/weihnachtsfeier-planer.de\/wordpress\/locations\/#breadcrumb\",\"itemListElement\":[{\"@type\":\"ListItem\",\"position\":1,\"name\":\"Startseite\",\"item\":\"https:\/\/weihnachtsfeier-planer.de\/wordpress\/\"},{\"@type\":\"ListItem\",\"position\":2,\"name\":\"Locations\"}]},{\"@type\":\"WebSite\",\"@id\":\"https:\/\/weihnachtsfeier-planer.de\/wordpress\/#website\",\"url\":\"https:\/\/weihnachtsfeier-planer.de\/wordpress\/\",\"name\":\"Weihnachtsfeier Planer Berlin\",\"description\":\"Auf eine wunderbare Weihnachtsfeier in Berlin\",\"potentialAction\":[{\"@type\":\"SearchAction\",\"target\":{\"@type\":\"EntryPoint\",\"urlTemplate\":\"https:\/\/weihnachtsfeier-planer.de\/wordpress\/?s={search_term_string}\"},\"query-input\":\"required name=search_term_string\"}],\"inLanguage\":\"de\"}]}<\/script>\n<!-- \/ Yoast SEO plugin. -->","yoast_head_json":{"title":"Weihnachtsfeier Location Berlin, coole, location guide, scout,","description":"Sie suchen eine Location f\u00fcr Ihre Weihnachtsfeier in Berlin. Wir haben sie passende Location f\u00fcr Ihre Weihnachtsfeier. Location Scout Berlin. 030 802087080","robots":{"index":"index","follow":"follow","max-snippet":"max-snippet:-1","max-image-preview":"max-image-preview:large","max-video-preview":"max-video-preview:-1"},"canonical":"https:\/\/weihnachtsfeier-planer.de\/wordpress\/locations\/","og_locale":"de_DE","og_type":"article","og_title":"Weihnachtsfeier Location Berlin, coole, location guide, scout,","og_description":"Sie suchen eine Location f\u00fcr Ihre Weihnachtsfeier in Berlin. Wir haben sie passende Location f\u00fcr Ihre Weihnachtsfeier. Location Scout Berlin. 030 802087080","og_url":"https:\/\/weihnachtsfeier-planer.de\/wordpress\/locations\/","og_site_name":"Weihnachtsfeier Planer Berlin","article_modified_time":"2016-10-26T08:06:26+00:00","og_image":[{"url":"http:\/\/weihnachtsfeier-planer.de\/wordpress\/wp-content\/uploads\/2013\/07\/weihnachtsfeier-locations-berlin-suche-300x224.jpg"}],"twitter_misc":{"Gesch\u00e4tzte Lesezeit":"1\u00a0Minute"},"schema":{"@context":"https:\/\/schema.org","@graph":[{"@type":"WebPage","@id":"https:\/\/weihnachtsfeier-planer.de\/wordpress\/locations\/","url":"https:\/\/weihnachtsfeier-planer.de\/wordpress\/locations\/","name":"Weihnachtsfeier Location Berlin, coole, location guide, scout,","isPartOf":{"@id":"https:\/\/weihnachtsfeier-planer.de\/wordpress\/#website"},"datePublished":"2013-07-30T09:50:29+00:00","dateModified":"2016-10-26T08:06:26+00:00","description":"Sie suchen eine Location f\u00fcr Ihre Weihnachtsfeier in Berlin. Wir haben sie passende Location f\u00fcr Ihre Weihnachtsfeier. Location Scout Berlin. 030 802087080","breadcrumb":{"@id":"https:\/\/weihnachtsfeier-planer.de\/wordpress\/locations\/#breadcrumb"},"inLanguage":"de","potentialAction":[{"@type":"ReadAction","target":["https:\/\/weihnachtsfeier-planer.de\/wordpress\/locations\/"]}]},{"@type":"BreadcrumbList","@id":"https:\/\/weihnachtsfeier-planer.de\/wordpress\/locations\/#breadcrumb","itemListElement":[{"@type":"ListItem","position":1,"name":"Startseite","item":"https:\/\/weihnachtsfeier-planer.de\/wordpress\/"},{"@type":"ListItem","position":2,"name":"Locations"}]},{"@type":"WebSite","@id":"https:\/\/weihnachtsfeier-planer.de\/wordpress\/#website","url":"https:\/\/weihnachtsfeier-planer.de\/wordpress\/","name":"Weihnachtsfeier Planer Berlin","description":"Auf eine wunderbare Weihnachtsfeier in Berlin","potentialAction":[{"@type":"SearchAction","target":{"@type":"EntryPoint","urlTemplate":"https:\/\/weihnachtsfeier-planer.de\/wordpress\/?s={search_term_string}"},"query-input":"required name=search_term_string"}],"inLanguage":"de"}]}},"_links":{"self":[{"href":"https:\/\/weihnachtsfeier-planer.de\/wordpress\/wp-json\/wp\/v2\/pages\/55"}],"collection":[{"href":"https:\/\/weihnachtsfeier-planer.de\/wordpress\/wp-json\/wp\/v2\/pages"}],"about":[{"href":"https:\/\/weihnachtsfeier-planer.de\/wordpress\/wp-json\/wp\/v2\/types\/page"}],"author":[{"embeddable":true,"href":"https:\/\/weihnachtsfeier-planer.de\/wordpress\/wp-json\/wp\/v2\/users\/1"}],"replies":[{"embeddable":true,"href":"https:\/\/weihnachtsfeier-planer.de\/wordpress\/wp-json\/wp\/v2\/comments?post=55"}],"version-history":[{"count":17,"href":"https:\/\/weihnachtsfeier-planer.de\/wordpress\/wp-json\/wp\/v2\/pages\/55\/revisions"}],"predecessor-version":[{"id":638,"href":"https:\/\/weihnachtsfeier-planer.de\/wordpress\/wp-json\/wp\/v2\/pages\/55\/revisions\/638"}],"wp:attachment":[{"href":"https:\/\/weihnachtsfeier-planer.de\/wordpress\/wp-json\/wp\/v2\/media?parent=55"}],"curies":[{"name":"wp","href":"https:\/\/api.w.org\/{rel}","templated":true}]}}