{"id":610,"date":"2016-07-19T13:06:30","date_gmt":"2016-07-19T12:06:30","guid":{"rendered":"http:\/\/weihnachtsfeier-planer.de\/wordpress\/?page_id=610"},"modified":"2016-07-25T14:01:46","modified_gmt":"2016-07-25T13:01:46","slug":"green-event","status":"publish","type":"page","link":"https:\/\/weihnachtsfeier-planer.de\/wordpress\/green-event\/","title":{"rendered":"gr\u00fcne Weihnachten &#8211; green events"},"content":{"rendered":"<h3><span style=\"color: #808080;\">Green Event = Wertewandel und Zeitgeist<a href=\"https:\/\/weihnachtsfeier-planer.de\/wordpress\/wp-content\/uploads\/2016\/07\/v-event-agentur-berlin_green-event_33-300x167.jpg\"><img loading=\"lazy\" class=\"alignright wp-image-619 size-medium\" src=\"https:\/\/weihnachtsfeier-planer.de\/wordpress\/wp-content\/uploads\/2016\/07\/v-event-agentur-berlin_green-event_33-300x167-300x167.jpg\" alt=\"v-event-agentur-berlin_green-event_33-300x167\" width=\"300\" height=\"167\" \/><\/a><\/span><br \/>\n<span style=\"color: #808080;\">Nachhaltig und Fortschrittlich<\/span><br \/>\n<span style=\"color: #808080;\">Modern und &#8222;&#8230;der Zukunft zugewandt.&#8220;<\/span><\/h3>\n<p><span style=\"color: #808080;\">\u00d6kologie, Nachhaltigkeit und Bio ist kein Thema mehr f\u00fcr Randgruppen, sondern ist im Fokus der breiten \u00d6ffentlichkeit angekommen \u2013 genauso wie ein green event.\u00a0 Und es ist kein Thema mehr f\u00fcr Privathaushalte \u2013 sondern alle ziehen an einen Strang.\u00a0 Ob es nun CSR (Corporate Social Responsibility) genannt wird, oder einfach nur \u201egutes Gewissen\u201c ist egal.\u00a0 Wichtig ist, dass es gemacht wird oder zumindest in Betracht gezogen wird und (einige) Teile der Veranstaltung unter diesem Aspekt beleuchtet werden. <\/span><\/p>\n<p><span style=\"color: #808080;\">Wichtig zu wissen \u2013 Green Event und eine glanzvolle Veranstaltung schlie\u00dfen sich nicht aus.\u00a0 Weder an der Qualit\u00e4t der Druckerzeugnisse, noch am Catering, noch an irgendwelchen anderen Stellen werden Sie eine Qualit\u00e4tseinbu\u00dfe merken oder haben.\u00a0 Aber Sie k\u00f6nnen ein Gutes Gewissen haben.\u00a0 Nat\u00fcrlich auch einen weiteren Punkt den Sie pr\u00e4sentieren k\u00f6nnen und als modernes und zeitgem\u00e4\u00dfes Unternehmen darstellen. <\/span><\/p>\n<p><span style=\"color: #808080;\"><a href=\"https:\/\/weihnachtsfeier-planer.de\/wordpress\/wp-content\/uploads\/2016\/07\/v-event-agentur-berlin_green-event_eco-event_uebersicht_100_2-1024x482.jpg\"><img loading=\"lazy\" class=\"alignnone wp-image-620\" src=\"https:\/\/weihnachtsfeier-planer.de\/wordpress\/wp-content\/uploads\/2016\/07\/v-event-agentur-berlin_green-event_eco-event_uebersicht_100_2-1024x482-300x141.jpg\" alt=\"v-event-agentur-berlin_green-event_eco-event_uebersicht_100_2-1024x482\" width=\"646\" height=\"301\" srcset=\"https:\/\/weihnachtsfeier-planer.de\/wordpress\/wp-content\/uploads\/2016\/07\/v-event-agentur-berlin_green-event_eco-event_uebersicht_100_2-1024x482-300x141.jpg 300w, https:\/\/weihnachtsfeier-planer.de\/wordpress\/wp-content\/uploads\/2016\/07\/v-event-agentur-berlin_green-event_eco-event_uebersicht_100_2-1024x482-282x130.jpg 282w\" sizes=\"(max-width: 646px) 100vw, 646px\" \/><\/a><\/span><\/p>\n<p><span style=\"color: #808080;\">Wichtige Punkte f\u00fcr ein green event:<\/span><\/p>\n<p><span style=\"text-decoration: underline;\"><span style=\"color: #808080; text-decoration: underline;\">Abfallmanagement<\/span><\/span><\/p>\n<ul>\n<li><span style=\"color: #808080;\">Mehrwegverpackungen<a href=\"https:\/\/weihnachtsfeier-planer.de\/wordpress\/wp-content\/uploads\/2016\/07\/v-event-agentur-berlin_green-event_1-150x150.jpg\"><img loading=\"lazy\" class=\"alignright wp-image-615 size-full\" src=\"https:\/\/weihnachtsfeier-planer.de\/wordpress\/wp-content\/uploads\/2016\/07\/v-event-agentur-berlin_green-event_1-150x150.jpg\" alt=\"v-event-agentur-berlin_green-event_1-150x150\" width=\"150\" height=\"150\" srcset=\"https:\/\/weihnachtsfeier-planer.de\/wordpress\/wp-content\/uploads\/2016\/07\/v-event-agentur-berlin_green-event_1-150x150.jpg 150w, https:\/\/weihnachtsfeier-planer.de\/wordpress\/wp-content\/uploads\/2016\/07\/v-event-agentur-berlin_green-event_1-150x150-50x50.jpg 50w, https:\/\/weihnachtsfeier-planer.de\/wordpress\/wp-content\/uploads\/2016\/07\/v-event-agentur-berlin_green-event_1-150x150-144x144.jpg 144w\" sizes=\"(max-width: 150px) 100vw, 150px\" \/><\/a><\/span><\/li>\n<li><span style=\"color: #808080;\">Gro\u00dfgebinde,<\/span><\/li>\n<li><span style=\"color: #808080;\">papierlose Kommunikation,<\/span><\/li>\n<li><span style=\"color: #808080;\">intelligente Beschaffung &amp; Planung<\/span><\/li>\n<li><span style=\"color: #808080;\">M\u00fclltrennung<\/span><\/li>\n<\/ul>\n<p><span style=\"text-decoration: underline;\"><span style=\"color: #808080; text-decoration: underline;\">Beschaffung<\/span><\/span><\/p>\n<ul>\n<li><span style=\"color: #808080;\"><a href=\"https:\/\/weihnachtsfeier-planer.de\/wordpress\/wp-content\/uploads\/2016\/07\/v-event-agentur-berlin_green-event_15-150x150.jpg\"><img loading=\"lazy\" class=\"alignnone size-full wp-image-618\" src=\"https:\/\/weihnachtsfeier-planer.de\/wordpress\/wp-content\/uploads\/2016\/07\/v-event-agentur-berlin_green-event_15-150x150.jpg\" alt=\"v-event-agentur-berlin_green-event_15-150x150\" width=\"150\" height=\"150\" srcset=\"https:\/\/weihnachtsfeier-planer.de\/wordpress\/wp-content\/uploads\/2016\/07\/v-event-agentur-berlin_green-event_15-150x150.jpg 150w, https:\/\/weihnachtsfeier-planer.de\/wordpress\/wp-content\/uploads\/2016\/07\/v-event-agentur-berlin_green-event_15-150x150-50x50.jpg 50w, https:\/\/weihnachtsfeier-planer.de\/wordpress\/wp-content\/uploads\/2016\/07\/v-event-agentur-berlin_green-event_15-150x150-144x144.jpg 144w\" sizes=\"(max-width: 150px) 100vw, 150px\" \/><\/a>umweltschonende Herstellung<\/span><\/li>\n<li><span style=\"color: #808080;\">umweltschonender Transport<\/span><\/li>\n<li><span style=\"color: #808080;\">Produkte aus der Region<\/span><\/li>\n<li><span style=\"color: #808080;\">Bio-, \u00d6koprodukte<\/span><\/li>\n<li><span style=\"color: #808080;\">Umweltsiegel, Qualit\u00e4tssiegel<\/span><\/li>\n<\/ul>\n<p><span style=\"text-decoration: underline;\"><span style=\"color: #808080; text-decoration: underline;\">Catering<\/span><\/span><\/p>\n<ul>\n<li><span style=\"color: #808080;\">regionaler Caterer<\/span><\/li>\n<li><span style=\"color: #808080;\">regionale Produkte<\/span><\/li>\n<li><span style=\"color: #808080;\">saisonale Produkte<\/span><\/li>\n<li><span style=\"color: #808080;\">Mehrweggeschirr<\/span><\/li>\n<li><span style=\"color: #808080;\">Pfandsystem<\/span><\/li>\n<\/ul>\n<p><span style=\"color: #808080;\"><span style=\"text-decoration: underline;\">Energie &amp; nat\u00fcrliche Ressourcen<\/span>\u00a0\u00a0 \u00a0<\/span><\/p>\n<ul>\n<li><span style=\"color: #808080;\">\u00d6kostrom<a href=\"https:\/\/weihnachtsfeier-planer.de\/wordpress\/wp-content\/uploads\/2016\/07\/v-event-agentur-berlin_gute-gruende_12_green-event_2-1024x427.jpg\"><img loading=\"lazy\" class=\"alignright wp-image-621 size-medium\" src=\"https:\/\/weihnachtsfeier-planer.de\/wordpress\/wp-content\/uploads\/2016\/07\/v-event-agentur-berlin_gute-gruende_12_green-event_2-1024x427-300x125.jpg\" alt=\"v-event-agentur-berlin_gute-gruende_12_green-event_2-1024x427\" width=\"300\" height=\"125\" srcset=\"https:\/\/weihnachtsfeier-planer.de\/wordpress\/wp-content\/uploads\/2016\/07\/v-event-agentur-berlin_gute-gruende_12_green-event_2-1024x427-300x125.jpg 300w, https:\/\/weihnachtsfeier-planer.de\/wordpress\/wp-content\/uploads\/2016\/07\/v-event-agentur-berlin_gute-gruende_12_green-event_2-1024x427-768x320.jpg 768w, https:\/\/weihnachtsfeier-planer.de\/wordpress\/wp-content\/uploads\/2016\/07\/v-event-agentur-berlin_gute-gruende_12_green-event_2-1024x427.jpg 1024w\" sizes=\"(max-width: 300px) 100vw, 300px\" \/><\/a><\/span><\/li>\n<li><span style=\"color: #808080;\">LEDs, Energiesparlampen<\/span><\/li>\n<li><span style=\"color: #808080;\">Tageslicht Ausnutzung<\/span><\/li>\n<li><span style=\"color: #808080;\">Location mit G\u00fctesiegel<\/span><\/li>\n<li><span style=\"color: #808080;\">Vermeidung von Klimaanlagen<\/span><\/li>\n<li><span style=\"color: #808080;\">sparsame Wassernutzung<\/span><\/li>\n<li><span style=\"color: #808080;\">Automatischer Wasserstop an Waschbecken<\/span><\/li>\n<li><span style=\"color: #808080;\">Nutzung biologisch abbaubarer Putzmittel<\/span><\/li>\n<\/ul>\n<p><span style=\"text-decoration: underline;\"><span style=\"color: #808080; text-decoration: underline;\">Kommunikation<\/span><\/span><\/p>\n<ul>\n<li><span style=\"color: #808080;\">papierlose Kommunikation<\/span><\/li>\n<li><span style=\"color: #808080;\">Teilnehmer, Presse, Share- und Steakholder, Anreiner, Anwohner informieren<\/span><\/li>\n<\/ul>\n<p><span style=\"text-decoration: underline;\"><span style=\"color: #808080; text-decoration: underline;\">Kultur<\/span><\/span><\/p>\n<ul>\n<li><span style=\"color: #808080;\">regionale Kunst und Kultur<\/span><\/li>\n<\/ul>\n<p><span style=\"text-decoration: underline;\"><span style=\"color: #808080; text-decoration: underline;\">Mobilit\u00e4t<\/span><\/span><\/p>\n<ul>\n<li><span style=\"color: #808080;\">Anreise \/ Abreise der Teilnehmer<\/span><\/li>\n<li><span style=\"color: #808080;\">Auswahl einer verkehrsg\u00fcnstigen Location<a href=\"https:\/\/weihnachtsfeier-planer.de\/wordpress\/wp-content\/uploads\/2016\/07\/v-event-agentur-berlin_green-event_14.jpg\"><img loading=\"lazy\" class=\"alignright wp-image-617 size-full\" src=\"https:\/\/weihnachtsfeier-planer.de\/wordpress\/wp-content\/uploads\/2016\/07\/v-event-agentur-berlin_green-event_14.jpg\" alt=\"v-event-agentur-berlin_green-event_14\" width=\"200\" height=\"200\" srcset=\"https:\/\/weihnachtsfeier-planer.de\/wordpress\/wp-content\/uploads\/2016\/07\/v-event-agentur-berlin_green-event_14.jpg 200w, https:\/\/weihnachtsfeier-planer.de\/wordpress\/wp-content\/uploads\/2016\/07\/v-event-agentur-berlin_green-event_14-150x150.jpg 150w, https:\/\/weihnachtsfeier-planer.de\/wordpress\/wp-content\/uploads\/2016\/07\/v-event-agentur-berlin_green-event_14-50x50.jpg 50w, https:\/\/weihnachtsfeier-planer.de\/wordpress\/wp-content\/uploads\/2016\/07\/v-event-agentur-berlin_green-event_14-144x144.jpg 144w\" sizes=\"(max-width: 200px) 100vw, 200px\" \/><\/a><\/span><\/li>\n<li><span style=\"color: #808080;\">M\u00f6glichkeiten der Anreise mit der Bahn<\/span><\/li>\n<li><span style=\"color: #808080;\">Kooperation mit der Bahn<\/span><\/li>\n<li><span style=\"color: #808080;\">M\u00f6glichkeit der Anreise mit \u00d6PNV<\/span><\/li>\n<li><span style=\"color: #808080;\">Shuttle Services<\/span><\/li>\n<li><span style=\"color: #808080;\">Fahrgemeinschaften<\/span><\/li>\n<\/ul>\n<p><span style=\"text-decoration: underline;\"><span style=\"color: #808080; text-decoration: underline;\">Soziale Verantwortung<\/span><\/span><\/p>\n<ul>\n<li><span style=\"color: #808080;\"><a href=\"https:\/\/weihnachtsfeier-planer.de\/wordpress\/wp-content\/uploads\/2016\/07\/v-event-agentur-berlin_green-event_13-150x150.jpg\"><img loading=\"lazy\" class=\"alignleft wp-image-616 size-full\" src=\"https:\/\/weihnachtsfeier-planer.de\/wordpress\/wp-content\/uploads\/2016\/07\/v-event-agentur-berlin_green-event_13-150x150.jpg\" alt=\"v-event-agentur-berlin_green-event_13-150x150\" width=\"150\" height=\"150\" srcset=\"https:\/\/weihnachtsfeier-planer.de\/wordpress\/wp-content\/uploads\/2016\/07\/v-event-agentur-berlin_green-event_13-150x150.jpg 150w, https:\/\/weihnachtsfeier-planer.de\/wordpress\/wp-content\/uploads\/2016\/07\/v-event-agentur-berlin_green-event_13-150x150-50x50.jpg 50w, https:\/\/weihnachtsfeier-planer.de\/wordpress\/wp-content\/uploads\/2016\/07\/v-event-agentur-berlin_green-event_13-150x150-144x144.jpg 144w\" sizes=\"(max-width: 150px) 100vw, 150px\" \/><\/a>L\u00e4rmschutz<\/span><\/li>\n<li><span style=\"color: #808080;\">Umweltschutz<\/span><\/li>\n<li><span style=\"color: #808080;\">Jugendschutz<\/span><\/li>\n<li><span style=\"color: #808080;\">Gleichstellung (keine Geschlechter-, Rassen-, o.\u00e4. Diskriminierung)<\/span><\/li>\n<li><span style=\"color: #808080;\">Behindertenzug\u00e4nge<\/span><\/li>\n<li><span style=\"color: #808080;\">Fair Trade Beschaffung<\/span><\/li>\n<\/ul>\n<p>&nbsp;<\/p>\n<p><span style=\"color: #808080;\">\u00a0Gr\u00fcne Infos und Ideen unter 030 802087080 oder \u00fcber unser Kontaktformular \u2013 wir organisieren ihr green event in Berlin und deutschlandweit<\/span><\/p>\n<p><span style=\"color: #808080;\"><a href=\"https:\/\/weihnachtsfeier-planer.de\/wordpress\/wp-content\/uploads\/2016\/07\/V-event_green_www-300x68.jpg\"><img loading=\"lazy\" class=\"alignnone size-medium wp-image-614\" src=\"https:\/\/weihnachtsfeier-planer.de\/wordpress\/wp-content\/uploads\/2016\/07\/V-event_green_www-300x68-300x68.jpg\" alt=\"V-event_green_www-300x68\" width=\"300\" height=\"68\" \/><\/a><\/span><\/p>\n<p><span style=\"color: #808080;\">Weiterf\u00fchrende Links:<\/span><\/p>\n<p><a href=\"http:\/\/en.wikipedia.org\/wiki\/Green_conventions\" target=\"_blank\"><span style=\"color: #808080;\">Wikipedia \u2013 green conventions (nachhaltige Kongresse \/ Tagungen)<\/span><\/a><\/p>\n<p><a href=\"http:\/\/en.wikipedia.org\/wiki\/Green_sport_event\" target=\"_blank\"><span style=\"color: #808080;\">Wikipedia \u2013 green sport event (nachhaltige Sportevents)<\/span><\/a><\/p>\n<p><a href=\"http:\/\/en.wikipedia.org\/wiki\/Sustainable_event_management\" target=\"_blank\"><span style=\"color: #808080;\">Wikipedia \u2013 Sustainable event management \u2013 nachhaltiges Event Management<\/span><\/a><\/p>\n","protected":false},"excerpt":{"rendered":"<p>Green Event = Wertewandel und Zeitgeist Nachhaltig und Fortschrittlich Modern und &#8222;&#8230;der Zukunft zugewandt.&#8220; \u00d6kologie, Nachhaltigkeit und Bio ist kein Thema mehr f\u00fcr Randgruppen, sondern ist im Fokus der breiten \u00d6ffentlichkeit angekommen \u2013 genauso wie ein green event.\u00a0 Und es ist kein Thema mehr f\u00fcr Privathaushalte \u2013 sondern alle ziehen an einen Strang.\u00a0 Ob es nun CSR (Corporate Social Responsibility) genannt wird, oder einfach nur \u201egutes Gewissen\u201c ist egal.\u00a0 Wichtig ist, dass es gemacht wird oder zumindest in Betracht gezogen wird und (einige) Teile der Veranstaltung unter diesem Aspekt beleuchtet werden. Wichtig zu wissen \u2013 Green Event und eine glanzvolle Veranstaltung schlie\u00dfen sich nicht aus.\u00a0 Weder an der Qualit\u00e4t der&#8230;<\/p>\n<p><a class=\"clear excerptmore button\" href=\"https:\/\/weihnachtsfeier-planer.de\/wordpress\/green-event\/\">Weiterlesen&#8230; &raquo;<\/a><\/p>\n","protected":false},"author":1,"featured_media":0,"parent":0,"menu_order":0,"comment_status":"closed","ping_status":"closed","template":"tpl_fullwidth-page.php","meta":[],"yoast_head":"<!-- This site is optimized with the Yoast SEO plugin v19.8 - https:\/\/yoast.com\/wordpress\/plugins\/seo\/ -->\n<title>gr\u00fcne Weihnachten - green events - Weihnachtsfeier Planer Berlin<\/title>\n<meta name=\"robots\" content=\"index, follow, max-snippet:-1, max-image-preview:large, max-video-preview:-1\" \/>\n<link rel=\"canonical\" href=\"https:\/\/weihnachtsfeier-planer.de\/wordpress\/green-event\/\" \/>\n<meta property=\"og:locale\" content=\"de_DE\" \/>\n<meta property=\"og:type\" content=\"article\" \/>\n<meta property=\"og:title\" content=\"gr\u00fcne Weihnachten - green events - Weihnachtsfeier Planer Berlin\" \/>\n<meta property=\"og:description\" content=\"Green Event = Wertewandel und Zeitgeist Nachhaltig und Fortschrittlich Modern und &#8222;&#8230;der Zukunft zugewandt.&#8220; \u00d6kologie, Nachhaltigkeit und Bio ist kein Thema mehr f\u00fcr Randgruppen, sondern ist im Fokus der breiten \u00d6ffentlichkeit angekommen \u2013 genauso wie ein green event.\u00a0 Und es ist kein Thema mehr f\u00fcr Privathaushalte \u2013 sondern alle ziehen an einen Strang.\u00a0 Ob es nun CSR (Corporate Social Responsibility) genannt wird, oder einfach nur \u201egutes Gewissen\u201c ist egal.\u00a0 Wichtig ist, dass es gemacht wird oder zumindest in Betracht gezogen wird und (einige) Teile der Veranstaltung unter diesem Aspekt beleuchtet werden. Wichtig zu wissen \u2013 Green Event und eine glanzvolle Veranstaltung schlie\u00dfen sich nicht aus.\u00a0 Weder an der Qualit\u00e4t der...Weiterlesen... &raquo;\" \/>\n<meta property=\"og:url\" content=\"https:\/\/weihnachtsfeier-planer.de\/wordpress\/green-event\/\" \/>\n<meta property=\"og:site_name\" content=\"Weihnachtsfeier Planer Berlin\" \/>\n<meta property=\"article:modified_time\" content=\"2016-07-25T13:01:46+00:00\" \/>\n<meta property=\"og:image\" content=\"http:\/\/weihnachtsfeier-planer.de\/wordpress\/wp-content\/uploads\/2016\/07\/v-event-agentur-berlin_green-event_33-300x167-300x167.jpg\" \/>\n<meta name=\"twitter:label1\" content=\"Gesch\u00e4tzte Lesezeit\" \/>\n\t<meta name=\"twitter:data1\" content=\"2\u00a0Minuten\" \/>\n<script type=\"application\/ld+json\" class=\"yoast-schema-graph\">{\"@context\":\"https:\/\/schema.org\",\"@graph\":[{\"@type\":\"WebPage\",\"@id\":\"https:\/\/weihnachtsfeier-planer.de\/wordpress\/green-event\/\",\"url\":\"https:\/\/weihnachtsfeier-planer.de\/wordpress\/green-event\/\",\"name\":\"gr\u00fcne Weihnachten - green events - Weihnachtsfeier Planer Berlin\",\"isPartOf\":{\"@id\":\"https:\/\/weihnachtsfeier-planer.de\/wordpress\/#website\"},\"datePublished\":\"2016-07-19T12:06:30+00:00\",\"dateModified\":\"2016-07-25T13:01:46+00:00\",\"breadcrumb\":{\"@id\":\"https:\/\/weihnachtsfeier-planer.de\/wordpress\/green-event\/#breadcrumb\"},\"inLanguage\":\"de\",\"potentialAction\":[{\"@type\":\"ReadAction\",\"target\":[\"https:\/\/weihnachtsfeier-planer.de\/wordpress\/green-event\/\"]}]},{\"@type\":\"BreadcrumbList\",\"@id\":\"https:\/\/weihnachtsfeier-planer.de\/wordpress\/green-event\/#breadcrumb\",\"itemListElement\":[{\"@type\":\"ListItem\",\"position\":1,\"name\":\"Startseite\",\"item\":\"https:\/\/weihnachtsfeier-planer.de\/wordpress\/\"},{\"@type\":\"ListItem\",\"position\":2,\"name\":\"gr\u00fcne Weihnachten &#8211; green events\"}]},{\"@type\":\"WebSite\",\"@id\":\"https:\/\/weihnachtsfeier-planer.de\/wordpress\/#website\",\"url\":\"https:\/\/weihnachtsfeier-planer.de\/wordpress\/\",\"name\":\"Weihnachtsfeier Planer Berlin\",\"description\":\"Auf eine wunderbare Weihnachtsfeier in Berlin\",\"potentialAction\":[{\"@type\":\"SearchAction\",\"target\":{\"@type\":\"EntryPoint\",\"urlTemplate\":\"https:\/\/weihnachtsfeier-planer.de\/wordpress\/?s={search_term_string}\"},\"query-input\":\"required name=search_term_string\"}],\"inLanguage\":\"de\"}]}<\/script>\n<!-- \/ Yoast SEO plugin. -->","yoast_head_json":{"title":"gr\u00fcne Weihnachten - green events - Weihnachtsfeier Planer Berlin","robots":{"index":"index","follow":"follow","max-snippet":"max-snippet:-1","max-image-preview":"max-image-preview:large","max-video-preview":"max-video-preview:-1"},"canonical":"https:\/\/weihnachtsfeier-planer.de\/wordpress\/green-event\/","og_locale":"de_DE","og_type":"article","og_title":"gr\u00fcne Weihnachten - green events - Weihnachtsfeier Planer Berlin","og_description":"Green Event = Wertewandel und Zeitgeist Nachhaltig und Fortschrittlich Modern und &#8222;&#8230;der Zukunft zugewandt.&#8220; \u00d6kologie, Nachhaltigkeit und Bio ist kein Thema mehr f\u00fcr Randgruppen, sondern ist im Fokus der breiten \u00d6ffentlichkeit angekommen \u2013 genauso wie ein green event.\u00a0 Und es ist kein Thema mehr f\u00fcr Privathaushalte \u2013 sondern alle ziehen an einen Strang.\u00a0 Ob es nun CSR (Corporate Social Responsibility) genannt wird, oder einfach nur \u201egutes Gewissen\u201c ist egal.\u00a0 Wichtig ist, dass es gemacht wird oder zumindest in Betracht gezogen wird und (einige) Teile der Veranstaltung unter diesem Aspekt beleuchtet werden. Wichtig zu wissen \u2013 Green Event und eine glanzvolle Veranstaltung schlie\u00dfen sich nicht aus.\u00a0 Weder an der Qualit\u00e4t der...Weiterlesen... &raquo;","og_url":"https:\/\/weihnachtsfeier-planer.de\/wordpress\/green-event\/","og_site_name":"Weihnachtsfeier Planer Berlin","article_modified_time":"2016-07-25T13:01:46+00:00","og_image":[{"url":"http:\/\/weihnachtsfeier-planer.de\/wordpress\/wp-content\/uploads\/2016\/07\/v-event-agentur-berlin_green-event_33-300x167-300x167.jpg"}],"twitter_misc":{"Gesch\u00e4tzte Lesezeit":"2\u00a0Minuten"},"schema":{"@context":"https:\/\/schema.org","@graph":[{"@type":"WebPage","@id":"https:\/\/weihnachtsfeier-planer.de\/wordpress\/green-event\/","url":"https:\/\/weihnachtsfeier-planer.de\/wordpress\/green-event\/","name":"gr\u00fcne Weihnachten - green events - Weihnachtsfeier Planer Berlin","isPartOf":{"@id":"https:\/\/weihnachtsfeier-planer.de\/wordpress\/#website"},"datePublished":"2016-07-19T12:06:30+00:00","dateModified":"2016-07-25T13:01:46+00:00","breadcrumb":{"@id":"https:\/\/weihnachtsfeier-planer.de\/wordpress\/green-event\/#breadcrumb"},"inLanguage":"de","potentialAction":[{"@type":"ReadAction","target":["https:\/\/weihnachtsfeier-planer.de\/wordpress\/green-event\/"]}]},{"@type":"BreadcrumbList","@id":"https:\/\/weihnachtsfeier-planer.de\/wordpress\/green-event\/#breadcrumb","itemListElement":[{"@type":"ListItem","position":1,"name":"Startseite","item":"https:\/\/weihnachtsfeier-planer.de\/wordpress\/"},{"@type":"ListItem","position":2,"name":"gr\u00fcne Weihnachten &#8211; green events"}]},{"@type":"WebSite","@id":"https:\/\/weihnachtsfeier-planer.de\/wordpress\/#website","url":"https:\/\/weihnachtsfeier-planer.de\/wordpress\/","name":"Weihnachtsfeier Planer Berlin","description":"Auf eine wunderbare Weihnachtsfeier in Berlin","potentialAction":[{"@type":"SearchAction","target":{"@type":"EntryPoint","urlTemplate":"https:\/\/weihnachtsfeier-planer.de\/wordpress\/?s={search_term_string}"},"query-input":"required name=search_term_string"}],"inLanguage":"de"}]}},"_links":{"self":[{"href":"https:\/\/weihnachtsfeier-planer.de\/wordpress\/wp-json\/wp\/v2\/pages\/610"}],"collection":[{"href":"https:\/\/weihnachtsfeier-planer.de\/wordpress\/wp-json\/wp\/v2\/pages"}],"about":[{"href":"https:\/\/weihnachtsfeier-planer.de\/wordpress\/wp-json\/wp\/v2\/types\/page"}],"author":[{"embeddable":true,"href":"https:\/\/weihnachtsfeier-planer.de\/wordpress\/wp-json\/wp\/v2\/users\/1"}],"replies":[{"embeddable":true,"href":"https:\/\/weihnachtsfeier-planer.de\/wordpress\/wp-json\/wp\/v2\/comments?post=610"}],"version-history":[{"count":4,"href":"https:\/\/weihnachtsfeier-planer.de\/wordpress\/wp-json\/wp\/v2\/pages\/610\/revisions"}],"predecessor-version":[{"id":622,"href":"https:\/\/weihnachtsfeier-planer.de\/wordpress\/wp-json\/wp\/v2\/pages\/610\/revisions\/622"}],"wp:attachment":[{"href":"https:\/\/weihnachtsfeier-planer.de\/wordpress\/wp-json\/wp\/v2\/media?parent=610"}],"curies":[{"name":"wp","href":"https:\/\/api.w.org\/{rel}","templated":true}]}}