{"id":67,"date":"2013-07-30T12:01:09","date_gmt":"2013-07-30T10:01:09","guid":{"rendered":"http:\/\/weihnachtsfeier-planer.de\/wordpress\/?page_id=67"},"modified":"2016-10-25T14:16:32","modified_gmt":"2016-10-25T13:16:32","slug":"weihnachtsfeier-catering","status":"publish","type":"page","link":"https:\/\/weihnachtsfeier-planer.de\/wordpress\/weihnachtsfeier-catering\/","title":{"rendered":"Weihnachtsfeier Planer Catering planen und organisieren"},"content":{"rendered":"<p><span style=\"color: #888888;\">Bei einer Weihnachtsfeier m\u00f6chten Sie ausgelassen feiern und auf das vergangene und das k\u00fcnftige Jahr ansto\u00dfen.\u00a0 Damit alle gest\u00e4rkt durch den Abend kommen, braucht es eine gute Grundlage &#8211; ein unverge\u00dfliches Catering.<\/span><\/p>\n<p><span style=\"color: #888888;\"><code><div id=\"metaslider-id-330\" style=\"max-width: 955px;\" class=\"ml-slider-3-27-13 metaslider metaslider-flex metaslider-330 ml-slider nav-hidden\">\n    <div id=\"metaslider_container_330\">\n        <div id=\"metaslider_330\">\n            <ul aria-live=\"polite\" class=\"slides\">\n                <li style=\"display: block; width: 100%;\" class=\"slide-631 ms-image\"><img src=\"https:\/\/weihnachtsfeier-planer.de\/wordpress\/wp-content\/uploads\/2016\/10\/weihnachtsfeier-planer_catering_berlin-slider_2-938x280.jpg\" height=\"286\" width=\"955\" alt=\"\" class=\"slider-330 slide-631\" \/><\/li>\n                <li style=\"display: none; width: 100%;\" class=\"slide-633 ms-image\"><img src=\"https:\/\/weihnachtsfeier-planer.de\/wordpress\/wp-content\/uploads\/2016\/10\/weihnachtsfeier-planer_catering_berlin-slider_4-938x280.jpg\" height=\"286\" width=\"955\" alt=\"\" class=\"slider-330 slide-633\" \/><\/li>\n                <li style=\"display: none; width: 100%;\" class=\"slide-59 ms-image\"><img src=\"https:\/\/weihnachtsfeier-planer.de\/wordpress\/wp-content\/uploads\/2013\/07\/\/weihnachtsfeier-planer_catering_slider_1.jpg\" height=\"286\" width=\"955\" alt=\"\" class=\"slider-330 slide-59\" \/><\/li>\n                <li style=\"display: none; width: 100%;\" class=\"slide-632 ms-image\"><img src=\"https:\/\/weihnachtsfeier-planer.de\/wordpress\/wp-content\/uploads\/2016\/10\/weihnachtsfeier-planer_catering_berlin-slider_3-938x280.jpg\" height=\"286\" width=\"955\" alt=\"\" class=\"slider-330 slide-632\" \/><\/li>\n                <li style=\"display: none; width: 100%;\" class=\"slide-634 ms-image\"><img src=\"https:\/\/weihnachtsfeier-planer.de\/wordpress\/wp-content\/uploads\/2016\/10\/weihnachtsfeier-planer_catering_berlin-slider_5-938x280.jpg\" height=\"286\" width=\"955\" alt=\"\" class=\"slider-330 slide-634\" \/><\/li>\n                <li style=\"display: none; width: 100%;\" class=\"slide-635 ms-image\"><img src=\"https:\/\/weihnachtsfeier-planer.de\/wordpress\/wp-content\/uploads\/2016\/10\/weihnachtsfeier-planer_catering_berlin-slider_6-938x280.jpg\" height=\"286\" width=\"955\" alt=\"\" class=\"slider-330 slide-635\" \/><\/li>\n            <\/ul>\n        <\/div>\n        \n    <\/div>\n<\/div><\/code><\/span><\/p>\n<p><span style=\"color: #888888;\">Das Catering ist extrem wichtig \u2013 wenn nicht sogar der wichtigste Punkt bei Ihrer Weihnachtsfeier.\u00a0 Aus diesem Grund arbeiten wir seit langen mit verschiedenen Cateringpartnern zusammen.\u00a0 Unsere Cateringpartner f\u00fcr Ihre Weihnachtsfeier sind sehr gut und zuverl\u00e4ssig.\u00a0 Durch die verschiedenen Partner k\u00f6nnen wir Ihnen eine gro\u00dfe Bandbreite von Cateringvorschl\u00e4gen und \u2013l\u00f6sungen f\u00fcr Ihre Weihnachtsfeier liefern.<\/span><\/p>\n<p><span style=\"color: #888888;\"><img loading=\"lazy\" class=\" wp-image-534 alignleft\" src=\"https:\/\/weihnachtsfeier-planer.de\/wordpress\/wp-content\/uploads\/2013\/07\/weihnachtsfeier-planer-berlin-agentur-catering_101-300x200.jpg\" alt=\"weihnachtsfeier-planer-berlin-agentur-catering_101\" width=\"210\" height=\"140\" srcset=\"https:\/\/weihnachtsfeier-planer.de\/wordpress\/wp-content\/uploads\/2013\/07\/weihnachtsfeier-planer-berlin-agentur-catering_101-300x200.jpg 300w, https:\/\/weihnachtsfeier-planer.de\/wordpress\/wp-content\/uploads\/2013\/07\/weihnachtsfeier-planer-berlin-agentur-catering_101.jpg 333w\" sizes=\"(max-width: 210px) 100vw, 210px\" \/>Ob Berliner B\u00fcffet, klassisch mediterran oder au\u00dfergew\u00f6hnlich in Geschmack und Pr\u00e4sentation \u2013 wir liefern Ihnen das passende Catering f\u00fcr Ihre W\u00fcnsche Ihrer Weihnachtsfeier.<\/span><\/p>\n<p><span style=\"color: #888888;\">W\u00fcnschen Sie ein B\u00fcffet oder ein X-G\u00e4nge Men\u00fc mit Tischservice.\u00a0 Die Empfehlungen von uns sind f\u00fcr Weihnachtsfeiern ein B\u00fcffet, denn so kann jeder dass Essen was er m\u00f6chte und kann die Mengen selbst bestimmen.\u00a0<\/span><\/p>\n<p><span style=\"color: #888888;\">\u00a0Bzgl. der Getr\u00e4nke arbeiten wir seit langen erfolgreich mit Getr\u00e4nkepauschalen, die je nach Wunsch und Durst u<\/span><span style=\"color: #888888;\">nterschiedlich individuell definiert werden k\u00f6nnen.<\/span><\/p>\n<p><span style=\"color: #888888;\">Nat\u00fcrlich k\u00f6nnen wir auch das Personal \u2013 wenn Sie es w\u00fcnschen als Weihnachtsm\u00e4nner und Engel einkleiden.\u00a0<\/span><\/p>\n<p><span style=\"color: #888888;\">Auch beim Personal arbeiten wir mit festen Partnern zus<\/span><span style=\"color: #888888;\">ammen.\u00a0 Gemeinsam mit unseren Partner suchen wir das Personal aus.\u00a0 Wir garantieren Ihnen motiviertes und geschultes Personal \u2013 vom Start bis zum letzten Gast.\u00a0<\/span><\/p>\n<p><span style=\"color: #888888;\"><a title=\"Catering Impressionen der Weihnachtsfeier Planer aus Berlin\" href=\"https:\/\/weihnachtsfeier-planer.de\/wordpress\/wp-content\/uploads\/2016\/10\/v-event_agentur-berlin_catering_impressionen_.pdf\" target=\"_blank\">Hier<\/a> k\u00f6nnen Sie einige besondere <a title=\"Catering Impressionen der Weihnachtsfeier Planer aus Berlin\" href=\"https:\/\/weihnachtsfeier-planer.de\/wordpress\/wp-content\/uploads\/2016\/10\/v-event_agentur-berlin_catering_impressionen_.pdf\" target=\"_blank\">Impressionen<\/a> von ausgew\u00e4hlten <a title=\"Catering Impressionen der Weihnachtsfeier Planer aus Berlin\" href=\"https:\/\/weihnachtsfeier-planer.de\/wordpress\/wp-content\/uploads\/2016\/10\/v-event_agentur-berlin_catering_impressionen_.pdf\" target=\"_blank\">Caterings<\/a> anschauen! <\/span><\/p>\n","protected":false},"excerpt":{"rendered":"<p>Bei einer Weihnachtsfeier m\u00f6chten Sie ausgelassen feiern und auf das vergangene und das k\u00fcnftige Jahr ansto\u00dfen.\u00a0 Damit alle gest\u00e4rkt durch den Abend kommen, braucht es eine gute Grundlage &#8211; ein unverge\u00dfliches Catering. Das Catering ist extrem wichtig \u2013 wenn nicht sogar der wichtigste Punkt bei Ihrer Weihnachtsfeier.\u00a0 Aus diesem Grund arbeiten wir seit langen mit verschiedenen Cateringpartnern zusammen.\u00a0 Unsere Cateringpartner f\u00fcr Ihre Weihnachtsfeier sind sehr gut und zuverl\u00e4ssig.\u00a0 Durch die verschiedenen Partner k\u00f6nnen wir Ihnen eine gro\u00dfe Bandbreite von Cateringvorschl\u00e4gen und \u2013l\u00f6sungen f\u00fcr Ihre Weihnachtsfeier liefern. Ob Berliner B\u00fcffet, klassisch mediterran oder au\u00dfergew\u00f6hnlich in Geschmack und Pr\u00e4sentation \u2013 wir liefern Ihnen das passende Catering f\u00fcr Ihre W\u00fcnsche Ihrer Weihnachtsfeier. W\u00fcnschen&#8230;<\/p>\n<p><a class=\"clear excerptmore button\" href=\"https:\/\/weihnachtsfeier-planer.de\/wordpress\/weihnachtsfeier-catering\/\">Weiterlesen&#8230; &raquo;<\/a><\/p>\n","protected":false},"author":1,"featured_media":0,"parent":0,"menu_order":0,"comment_status":"open","ping_status":"closed","template":"tpl_fullwidth-page.php","meta":[],"yoast_head":"<!-- This site is optimized with the Yoast SEO plugin v19.8 - https:\/\/yoast.com\/wordpress\/plugins\/seo\/ -->\n<title>Weihnachtsfeier Catering Berlin, planen,organisieren, Buffet, pauschal<\/title>\n<meta name=\"description\" content=\"Sie planen Ihre Weihnachtsfeier in Berlin?Hier Tipps! Der Caterer hat Sie versetzt ist zu teuer?Sie brauchen einen Caterer? Rufen Sie an 030 802087080.\" \/>\n<meta name=\"robots\" content=\"index, follow, max-snippet:-1, max-image-preview:large, max-video-preview:-1\" \/>\n<link rel=\"canonical\" href=\"https:\/\/weihnachtsfeier-planer.de\/wordpress\/weihnachtsfeier-catering\/\" \/>\n<meta property=\"og:locale\" content=\"de_DE\" \/>\n<meta property=\"og:type\" content=\"article\" \/>\n<meta property=\"og:title\" content=\"Weihnachtsfeier Catering Berlin, planen,organisieren, Buffet, pauschal\" \/>\n<meta property=\"og:description\" content=\"Sie planen Ihre Weihnachtsfeier in Berlin?Hier Tipps! Der Caterer hat Sie versetzt ist zu teuer?Sie brauchen einen Caterer? Rufen Sie an 030 802087080.\" \/>\n<meta property=\"og:url\" content=\"https:\/\/weihnachtsfeier-planer.de\/wordpress\/weihnachtsfeier-catering\/\" \/>\n<meta property=\"og:site_name\" content=\"Weihnachtsfeier Planer Berlin\" \/>\n<meta property=\"article:modified_time\" content=\"2016-10-25T13:16:32+00:00\" \/>\n<meta property=\"og:image\" content=\"http:\/\/weihnachtsfeier-planer.de\/wordpress\/wp-content\/uploads\/2013\/07\/weihnachtsfeier-planer-berlin-agentur-catering_101-300x200.jpg\" \/>\n<meta name=\"twitter:label1\" content=\"Gesch\u00e4tzte Lesezeit\" \/>\n\t<meta name=\"twitter:data1\" content=\"1\u00a0Minute\" \/>\n<script type=\"application\/ld+json\" class=\"yoast-schema-graph\">{\"@context\":\"https:\/\/schema.org\",\"@graph\":[{\"@type\":\"WebPage\",\"@id\":\"https:\/\/weihnachtsfeier-planer.de\/wordpress\/weihnachtsfeier-catering\/\",\"url\":\"https:\/\/weihnachtsfeier-planer.de\/wordpress\/weihnachtsfeier-catering\/\",\"name\":\"Weihnachtsfeier Catering Berlin, planen,organisieren, Buffet, pauschal\",\"isPartOf\":{\"@id\":\"https:\/\/weihnachtsfeier-planer.de\/wordpress\/#website\"},\"datePublished\":\"2013-07-30T10:01:09+00:00\",\"dateModified\":\"2016-10-25T13:16:32+00:00\",\"description\":\"Sie planen Ihre Weihnachtsfeier in Berlin?Hier Tipps! Der Caterer hat Sie versetzt ist zu teuer?Sie brauchen einen Caterer? Rufen Sie an 030 802087080.\",\"breadcrumb\":{\"@id\":\"https:\/\/weihnachtsfeier-planer.de\/wordpress\/weihnachtsfeier-catering\/#breadcrumb\"},\"inLanguage\":\"de\",\"potentialAction\":[{\"@type\":\"ReadAction\",\"target\":[\"https:\/\/weihnachtsfeier-planer.de\/wordpress\/weihnachtsfeier-catering\/\"]}]},{\"@type\":\"BreadcrumbList\",\"@id\":\"https:\/\/weihnachtsfeier-planer.de\/wordpress\/weihnachtsfeier-catering\/#breadcrumb\",\"itemListElement\":[{\"@type\":\"ListItem\",\"position\":1,\"name\":\"Startseite\",\"item\":\"https:\/\/weihnachtsfeier-planer.de\/wordpress\/\"},{\"@type\":\"ListItem\",\"position\":2,\"name\":\"Weihnachtsfeier Planer Catering planen und organisieren\"}]},{\"@type\":\"WebSite\",\"@id\":\"https:\/\/weihnachtsfeier-planer.de\/wordpress\/#website\",\"url\":\"https:\/\/weihnachtsfeier-planer.de\/wordpress\/\",\"name\":\"Weihnachtsfeier Planer Berlin\",\"description\":\"Auf eine wunderbare Weihnachtsfeier in Berlin\",\"potentialAction\":[{\"@type\":\"SearchAction\",\"target\":{\"@type\":\"EntryPoint\",\"urlTemplate\":\"https:\/\/weihnachtsfeier-planer.de\/wordpress\/?s={search_term_string}\"},\"query-input\":\"required name=search_term_string\"}],\"inLanguage\":\"de\"}]}<\/script>\n<!-- \/ Yoast SEO plugin. -->","yoast_head_json":{"title":"Weihnachtsfeier Catering Berlin, planen,organisieren, Buffet, pauschal","description":"Sie planen Ihre Weihnachtsfeier in Berlin?Hier Tipps! Der Caterer hat Sie versetzt ist zu teuer?Sie brauchen einen Caterer? Rufen Sie an 030 802087080.","robots":{"index":"index","follow":"follow","max-snippet":"max-snippet:-1","max-image-preview":"max-image-preview:large","max-video-preview":"max-video-preview:-1"},"canonical":"https:\/\/weihnachtsfeier-planer.de\/wordpress\/weihnachtsfeier-catering\/","og_locale":"de_DE","og_type":"article","og_title":"Weihnachtsfeier Catering Berlin, planen,organisieren, Buffet, pauschal","og_description":"Sie planen Ihre Weihnachtsfeier in Berlin?Hier Tipps! Der Caterer hat Sie versetzt ist zu teuer?Sie brauchen einen Caterer? Rufen Sie an 030 802087080.","og_url":"https:\/\/weihnachtsfeier-planer.de\/wordpress\/weihnachtsfeier-catering\/","og_site_name":"Weihnachtsfeier Planer Berlin","article_modified_time":"2016-10-25T13:16:32+00:00","og_image":[{"url":"http:\/\/weihnachtsfeier-planer.de\/wordpress\/wp-content\/uploads\/2013\/07\/weihnachtsfeier-planer-berlin-agentur-catering_101-300x200.jpg"}],"twitter_misc":{"Gesch\u00e4tzte Lesezeit":"1\u00a0Minute"},"schema":{"@context":"https:\/\/schema.org","@graph":[{"@type":"WebPage","@id":"https:\/\/weihnachtsfeier-planer.de\/wordpress\/weihnachtsfeier-catering\/","url":"https:\/\/weihnachtsfeier-planer.de\/wordpress\/weihnachtsfeier-catering\/","name":"Weihnachtsfeier Catering Berlin, planen,organisieren, Buffet, pauschal","isPartOf":{"@id":"https:\/\/weihnachtsfeier-planer.de\/wordpress\/#website"},"datePublished":"2013-07-30T10:01:09+00:00","dateModified":"2016-10-25T13:16:32+00:00","description":"Sie planen Ihre Weihnachtsfeier in Berlin?Hier Tipps! Der Caterer hat Sie versetzt ist zu teuer?Sie brauchen einen Caterer? Rufen Sie an 030 802087080.","breadcrumb":{"@id":"https:\/\/weihnachtsfeier-planer.de\/wordpress\/weihnachtsfeier-catering\/#breadcrumb"},"inLanguage":"de","potentialAction":[{"@type":"ReadAction","target":["https:\/\/weihnachtsfeier-planer.de\/wordpress\/weihnachtsfeier-catering\/"]}]},{"@type":"BreadcrumbList","@id":"https:\/\/weihnachtsfeier-planer.de\/wordpress\/weihnachtsfeier-catering\/#breadcrumb","itemListElement":[{"@type":"ListItem","position":1,"name":"Startseite","item":"https:\/\/weihnachtsfeier-planer.de\/wordpress\/"},{"@type":"ListItem","position":2,"name":"Weihnachtsfeier Planer Catering planen und organisieren"}]},{"@type":"WebSite","@id":"https:\/\/weihnachtsfeier-planer.de\/wordpress\/#website","url":"https:\/\/weihnachtsfeier-planer.de\/wordpress\/","name":"Weihnachtsfeier Planer Berlin","description":"Auf eine wunderbare Weihnachtsfeier in Berlin","potentialAction":[{"@type":"SearchAction","target":{"@type":"EntryPoint","urlTemplate":"https:\/\/weihnachtsfeier-planer.de\/wordpress\/?s={search_term_string}"},"query-input":"required name=search_term_string"}],"inLanguage":"de"}]}},"_links":{"self":[{"href":"https:\/\/weihnachtsfeier-planer.de\/wordpress\/wp-json\/wp\/v2\/pages\/67"}],"collection":[{"href":"https:\/\/weihnachtsfeier-planer.de\/wordpress\/wp-json\/wp\/v2\/pages"}],"about":[{"href":"https:\/\/weihnachtsfeier-planer.de\/wordpress\/wp-json\/wp\/v2\/types\/page"}],"author":[{"embeddable":true,"href":"https:\/\/weihnachtsfeier-planer.de\/wordpress\/wp-json\/wp\/v2\/users\/1"}],"replies":[{"embeddable":true,"href":"https:\/\/weihnachtsfeier-planer.de\/wordpress\/wp-json\/wp\/v2\/comments?post=67"}],"version-history":[{"count":21,"href":"https:\/\/weihnachtsfeier-planer.de\/wordpress\/wp-json\/wp\/v2\/pages\/67\/revisions"}],"predecessor-version":[{"id":628,"href":"https:\/\/weihnachtsfeier-planer.de\/wordpress\/wp-json\/wp\/v2\/pages\/67\/revisions\/628"}],"wp:attachment":[{"href":"https:\/\/weihnachtsfeier-planer.de\/wordpress\/wp-json\/wp\/v2\/media?parent=67"}],"curies":[{"name":"wp","href":"https:\/\/api.w.org\/{rel}","templated":true}]}}