{"id":77,"date":"2013-07-30T12:22:49","date_gmt":"2013-07-30T10:22:49","guid":{"rendered":"http:\/\/weihnachtsfeier-planer.de\/wordpress\/?page_id=77"},"modified":"2013-08-05T11:51:39","modified_gmt":"2013-08-05T09:51:39","slug":"programm-ideen","status":"publish","type":"page","link":"https:\/\/weihnachtsfeier-planer.de\/wordpress\/programm-ideen\/","title":{"rendered":"Programm \/ Ideen"},"content":{"rendered":"<p><span style=\"color: #888888;\"><img loading=\"lazy\" class=\"size-full wp-image-79 alignleft\" alt=\"Ideen f\u00fcr die Weihnachtsfeier - Programm, Show etc\" src=\"https:\/\/weihnachtsfeier-planer.de\/wordpress\/wp-content\/uploads\/2013\/07\/Weihnachtsfeier-planer-berlin-programm-ideen.jpg\" width=\"111\" height=\"99\" \/>Sie suchen das Besondere f\u00fcr Ihre Betriebs-Weihnachtsfeier? Sie suchen einen DJ, eine Tanz-Musik-Kapelle-Band, oder oder oder f\u00fcr Ihre Weihnachtsfeier? Die Weihnachtsfeier Planer schlagen Ihnen auf diesen Seiten einige Ideen, H\u00f6hepunkte und besondere K\u00fcnstler f\u00fcr Ihr Weihnachtsfeier Programm vor.<\/span><\/p>\n<p><span style=\"color: #888888;\">Gern vermitteln wir Ihnen auch eine Tanzband, einen DJ oder andere K\u00fcnstler.\u00a0 In unserer Datenbank befindet sich ein gro\u00dfes Potpourri an verschiedensten K\u00fcnstlern.<\/span><\/p>\n<p><span style=\"color: #888888;\">Die Weihnachtsfeier Planer haben einen unersch\u00f6pflichen Pool an Ideen und Kontakten, die Ihre Weihnachtsfeier zu einem unvergesslichen H\u00f6hepunkt zu machen.\u00a0<\/span><\/p>\n<p><span style=\"color: #888888;\">Auf den folgenden Seiten sehen Sie Beispiele zu<\/span><\/p>\n<ul>\n<li><span style=\"color: #888888;\">DJ<\/span><\/li>\n<li><span style=\"color: #888888;\">Tanz-Musik-Band (Kapelle)<\/span><\/li>\n<li><span style=\"color: #888888;\">Fotobox<img loading=\"lazy\" class=\"size-medium wp-image-204 alignright\" title=\"Ideen f\u00fcr die Weihnachtsfeier - der Weihnachtsfeier Planer aus Berlin\" alt=\"LOGO_Weihnachtsfeier-Planer_5_kl\" src=\"https:\/\/weihnachtsfeier-planer.de\/wordpress\/wp-content\/uploads\/2013\/07\/LOGO_Weihnachtsfeier-Planer_5_kl-260x300.jpg\" width=\"260\" height=\"300\" srcset=\"https:\/\/weihnachtsfeier-planer.de\/wordpress\/wp-content\/uploads\/2013\/07\/LOGO_Weihnachtsfeier-Planer_5_kl-260x300.jpg 260w, https:\/\/weihnachtsfeier-planer.de\/wordpress\/wp-content\/uploads\/2013\/07\/LOGO_Weihnachtsfeier-Planer_5_kl-890x1024.jpg 890w, https:\/\/weihnachtsfeier-planer.de\/wordpress\/wp-content\/uploads\/2013\/07\/LOGO_Weihnachtsfeier-Planer_5_kl.jpg 1240w\" sizes=\"(max-width: 260px) 100vw, 260px\" \/><\/span><\/li>\n<li><span style=\"color: #888888;\">Weihnachtsmann<\/span><\/li>\n<li><span style=\"color: #888888;\">Weihnachtsbaum<\/span><\/li>\n<li><span style=\"color: #888888;\">Pyrografie<\/span><\/li>\n<li><span style=\"color: #888888;\">Dekoration<\/span><\/li>\n<li><span style=\"color: #888888;\">Julklapp \/ Wichteln<\/span><\/li>\n<li><span style=\"color: #888888;\">Spiele<\/span><\/li>\n<li><span style=\"color: #888888;\">Fotograf<\/span><\/li>\n<li><span style=\"color: #888888;\">Moderation<\/span><\/li>\n<li><span style=\"color: #888888;\">Motto<\/span><\/li>\n<li><span style=\"color: #888888;\">Hypnose-Show<\/span><\/li>\n<li><span style=\"color: #888888;\">Magie-Show<\/span><\/li>\n<\/ul>\n<p><span style=\"color: #888888;\">\u00a0<\/span><\/p>\n<p><span style=\"color: #888888;\">\u00a0<\/span><\/p>\n<p><span style=\"color: #888888;\">\u00a0<\/span><\/p>\n","protected":false},"excerpt":{"rendered":"<p>Sie suchen das Besondere f\u00fcr Ihre Betriebs-Weihnachtsfeier? Sie suchen einen DJ, eine Tanz-Musik-Kapelle-Band, oder oder oder f\u00fcr Ihre Weihnachtsfeier? Die Weihnachtsfeier Planer schlagen Ihnen auf diesen Seiten einige Ideen, H\u00f6hepunkte und besondere K\u00fcnstler f\u00fcr Ihr Weihnachtsfeier Programm vor. Gern vermitteln wir Ihnen auch eine Tanzband, einen DJ oder andere K\u00fcnstler.\u00a0 In unserer Datenbank befindet sich ein gro\u00dfes Potpourri an verschiedensten K\u00fcnstlern. Die Weihnachtsfeier Planer haben einen unersch\u00f6pflichen Pool an Ideen und Kontakten, die Ihre Weihnachtsfeier zu einem unvergesslichen H\u00f6hepunkt zu machen.\u00a0 Auf den folgenden Seiten sehen Sie Beispiele zu DJ Tanz-Musik-Band (Kapelle) Fotobox Weihnachtsmann Weihnachtsbaum Pyrografie Dekoration Julklapp \/ Wichteln Spiele Fotograf Moderation Motto Hypnose-Show Magie-Show \u00a0 \u00a0 \u00a0<\/p>\n","protected":false},"author":1,"featured_media":0,"parent":0,"menu_order":0,"comment_status":"open","ping_status":"closed","template":"tpl_fullwidth-page.php","meta":[],"yoast_head":"<!-- This site is optimized with the Yoast SEO plugin v19.8 - https:\/\/yoast.com\/wordpress\/plugins\/seo\/ -->\n<title>Programm \/ Ideen - Weihnachtsfeier Planer Berlin<\/title>\n<meta name=\"robots\" content=\"index, follow, max-snippet:-1, max-image-preview:large, max-video-preview:-1\" \/>\n<link rel=\"canonical\" href=\"https:\/\/weihnachtsfeier-planer.de\/wordpress\/programm-ideen\/\" \/>\n<meta property=\"og:locale\" content=\"de_DE\" \/>\n<meta property=\"og:type\" content=\"article\" \/>\n<meta property=\"og:title\" content=\"Programm \/ Ideen - Weihnachtsfeier Planer Berlin\" \/>\n<meta property=\"og:description\" content=\"Sie suchen das Besondere f\u00fcr Ihre Betriebs-Weihnachtsfeier? Sie suchen einen DJ, eine Tanz-Musik-Kapelle-Band, oder oder oder f\u00fcr Ihre Weihnachtsfeier? Die Weihnachtsfeier Planer schlagen Ihnen auf diesen Seiten einige Ideen, H\u00f6hepunkte und besondere K\u00fcnstler f\u00fcr Ihr Weihnachtsfeier Programm vor. Gern vermitteln wir Ihnen auch eine Tanzband, einen DJ oder andere K\u00fcnstler.\u00a0 In unserer Datenbank befindet sich ein gro\u00dfes Potpourri an verschiedensten K\u00fcnstlern. Die Weihnachtsfeier Planer haben einen unersch\u00f6pflichen Pool an Ideen und Kontakten, die Ihre Weihnachtsfeier zu einem unvergesslichen H\u00f6hepunkt zu machen.\u00a0 Auf den folgenden Seiten sehen Sie Beispiele zu DJ Tanz-Musik-Band (Kapelle) Fotobox Weihnachtsmann Weihnachtsbaum Pyrografie Dekoration Julklapp \/ Wichteln Spiele Fotograf Moderation Motto Hypnose-Show Magie-Show \u00a0 \u00a0 \u00a0\" \/>\n<meta property=\"og:url\" content=\"https:\/\/weihnachtsfeier-planer.de\/wordpress\/programm-ideen\/\" \/>\n<meta property=\"og:site_name\" content=\"Weihnachtsfeier Planer Berlin\" \/>\n<meta property=\"article:modified_time\" content=\"2013-08-05T09:51:39+00:00\" \/>\n<meta property=\"og:image\" content=\"http:\/\/weihnachtsfeier-planer.de\/wordpress\/wp-content\/uploads\/2013\/07\/Weihnachtsfeier-planer-berlin-programm-ideen.jpg\" \/>\n<meta name=\"twitter:label1\" content=\"Gesch\u00e4tzte Lesezeit\" \/>\n\t<meta name=\"twitter:data1\" content=\"1\u00a0Minute\" \/>\n<script type=\"application\/ld+json\" class=\"yoast-schema-graph\">{\"@context\":\"https:\/\/schema.org\",\"@graph\":[{\"@type\":\"WebPage\",\"@id\":\"https:\/\/weihnachtsfeier-planer.de\/wordpress\/programm-ideen\/\",\"url\":\"https:\/\/weihnachtsfeier-planer.de\/wordpress\/programm-ideen\/\",\"name\":\"Programm \/ Ideen - Weihnachtsfeier Planer Berlin\",\"isPartOf\":{\"@id\":\"https:\/\/weihnachtsfeier-planer.de\/wordpress\/#website\"},\"datePublished\":\"2013-07-30T10:22:49+00:00\",\"dateModified\":\"2013-08-05T09:51:39+00:00\",\"breadcrumb\":{\"@id\":\"https:\/\/weihnachtsfeier-planer.de\/wordpress\/programm-ideen\/#breadcrumb\"},\"inLanguage\":\"de\",\"potentialAction\":[{\"@type\":\"ReadAction\",\"target\":[\"https:\/\/weihnachtsfeier-planer.de\/wordpress\/programm-ideen\/\"]}]},{\"@type\":\"BreadcrumbList\",\"@id\":\"https:\/\/weihnachtsfeier-planer.de\/wordpress\/programm-ideen\/#breadcrumb\",\"itemListElement\":[{\"@type\":\"ListItem\",\"position\":1,\"name\":\"Startseite\",\"item\":\"https:\/\/weihnachtsfeier-planer.de\/wordpress\/\"},{\"@type\":\"ListItem\",\"position\":2,\"name\":\"Programm \/ Ideen\"}]},{\"@type\":\"WebSite\",\"@id\":\"https:\/\/weihnachtsfeier-planer.de\/wordpress\/#website\",\"url\":\"https:\/\/weihnachtsfeier-planer.de\/wordpress\/\",\"name\":\"Weihnachtsfeier Planer Berlin\",\"description\":\"Auf eine wunderbare Weihnachtsfeier in Berlin\",\"potentialAction\":[{\"@type\":\"SearchAction\",\"target\":{\"@type\":\"EntryPoint\",\"urlTemplate\":\"https:\/\/weihnachtsfeier-planer.de\/wordpress\/?s={search_term_string}\"},\"query-input\":\"required name=search_term_string\"}],\"inLanguage\":\"de\"}]}<\/script>\n<!-- \/ Yoast SEO plugin. -->","yoast_head_json":{"title":"Programm \/ Ideen - Weihnachtsfeier Planer Berlin","robots":{"index":"index","follow":"follow","max-snippet":"max-snippet:-1","max-image-preview":"max-image-preview:large","max-video-preview":"max-video-preview:-1"},"canonical":"https:\/\/weihnachtsfeier-planer.de\/wordpress\/programm-ideen\/","og_locale":"de_DE","og_type":"article","og_title":"Programm \/ Ideen - Weihnachtsfeier Planer Berlin","og_description":"Sie suchen das Besondere f\u00fcr Ihre Betriebs-Weihnachtsfeier? Sie suchen einen DJ, eine Tanz-Musik-Kapelle-Band, oder oder oder f\u00fcr Ihre Weihnachtsfeier? Die Weihnachtsfeier Planer schlagen Ihnen auf diesen Seiten einige Ideen, H\u00f6hepunkte und besondere K\u00fcnstler f\u00fcr Ihr Weihnachtsfeier Programm vor. Gern vermitteln wir Ihnen auch eine Tanzband, einen DJ oder andere K\u00fcnstler.\u00a0 In unserer Datenbank befindet sich ein gro\u00dfes Potpourri an verschiedensten K\u00fcnstlern. Die Weihnachtsfeier Planer haben einen unersch\u00f6pflichen Pool an Ideen und Kontakten, die Ihre Weihnachtsfeier zu einem unvergesslichen H\u00f6hepunkt zu machen.\u00a0 Auf den folgenden Seiten sehen Sie Beispiele zu DJ Tanz-Musik-Band (Kapelle) Fotobox Weihnachtsmann Weihnachtsbaum Pyrografie Dekoration Julklapp \/ Wichteln Spiele Fotograf Moderation Motto Hypnose-Show Magie-Show \u00a0 \u00a0 \u00a0","og_url":"https:\/\/weihnachtsfeier-planer.de\/wordpress\/programm-ideen\/","og_site_name":"Weihnachtsfeier Planer Berlin","article_modified_time":"2013-08-05T09:51:39+00:00","og_image":[{"url":"http:\/\/weihnachtsfeier-planer.de\/wordpress\/wp-content\/uploads\/2013\/07\/Weihnachtsfeier-planer-berlin-programm-ideen.jpg"}],"twitter_misc":{"Gesch\u00e4tzte Lesezeit":"1\u00a0Minute"},"schema":{"@context":"https:\/\/schema.org","@graph":[{"@type":"WebPage","@id":"https:\/\/weihnachtsfeier-planer.de\/wordpress\/programm-ideen\/","url":"https:\/\/weihnachtsfeier-planer.de\/wordpress\/programm-ideen\/","name":"Programm \/ Ideen - Weihnachtsfeier Planer Berlin","isPartOf":{"@id":"https:\/\/weihnachtsfeier-planer.de\/wordpress\/#website"},"datePublished":"2013-07-30T10:22:49+00:00","dateModified":"2013-08-05T09:51:39+00:00","breadcrumb":{"@id":"https:\/\/weihnachtsfeier-planer.de\/wordpress\/programm-ideen\/#breadcrumb"},"inLanguage":"de","potentialAction":[{"@type":"ReadAction","target":["https:\/\/weihnachtsfeier-planer.de\/wordpress\/programm-ideen\/"]}]},{"@type":"BreadcrumbList","@id":"https:\/\/weihnachtsfeier-planer.de\/wordpress\/programm-ideen\/#breadcrumb","itemListElement":[{"@type":"ListItem","position":1,"name":"Startseite","item":"https:\/\/weihnachtsfeier-planer.de\/wordpress\/"},{"@type":"ListItem","position":2,"name":"Programm \/ Ideen"}]},{"@type":"WebSite","@id":"https:\/\/weihnachtsfeier-planer.de\/wordpress\/#website","url":"https:\/\/weihnachtsfeier-planer.de\/wordpress\/","name":"Weihnachtsfeier Planer Berlin","description":"Auf eine wunderbare Weihnachtsfeier in Berlin","potentialAction":[{"@type":"SearchAction","target":{"@type":"EntryPoint","urlTemplate":"https:\/\/weihnachtsfeier-planer.de\/wordpress\/?s={search_term_string}"},"query-input":"required name=search_term_string"}],"inLanguage":"de"}]}},"_links":{"self":[{"href":"https:\/\/weihnachtsfeier-planer.de\/wordpress\/wp-json\/wp\/v2\/pages\/77"}],"collection":[{"href":"https:\/\/weihnachtsfeier-planer.de\/wordpress\/wp-json\/wp\/v2\/pages"}],"about":[{"href":"https:\/\/weihnachtsfeier-planer.de\/wordpress\/wp-json\/wp\/v2\/types\/page"}],"author":[{"embeddable":true,"href":"https:\/\/weihnachtsfeier-planer.de\/wordpress\/wp-json\/wp\/v2\/users\/1"}],"replies":[{"embeddable":true,"href":"https:\/\/weihnachtsfeier-planer.de\/wordpress\/wp-json\/wp\/v2\/comments?post=77"}],"version-history":[{"count":10,"href":"https:\/\/weihnachtsfeier-planer.de\/wordpress\/wp-json\/wp\/v2\/pages\/77\/revisions"}],"predecessor-version":[{"id":424,"href":"https:\/\/weihnachtsfeier-planer.de\/wordpress\/wp-json\/wp\/v2\/pages\/77\/revisions\/424"}],"wp:attachment":[{"href":"https:\/\/weihnachtsfeier-planer.de\/wordpress\/wp-json\/wp\/v2\/media?parent=77"}],"curies":[{"name":"wp","href":"https:\/\/api.w.org\/{rel}","templated":true}]}}