{"id":84,"date":"2013-07-30T12:27:21","date_gmt":"2013-07-30T10:27:21","guid":{"rendered":"http:\/\/weihnachtsfeier-planer.de\/wordpress\/?page_id=84"},"modified":"2014-11-11T10:41:59","modified_gmt":"2014-11-11T09:41:59","slug":"weihnachtsmann","status":"publish","type":"page","link":"https:\/\/weihnachtsfeier-planer.de\/wordpress\/programm-ideen\/weihnachtsmann\/","title":{"rendered":"Weihnachtsmann"},"content":{"rendered":"<p><span style=\"color: #888888;\"><img loading=\"lazy\" class=\"size-full wp-image-85 alignleft\" title=\"Weihnachtsmann auf der Weihnachtsfeier\" alt=\"weihnachtsfeier-planer_weihnachtsmann_1\" src=\"https:\/\/weihnachtsfeier-planer.de\/wordpress\/wp-content\/uploads\/2013\/07\/weihnachtsfeier-planer_weihnachtsmann_1.jpg\" width=\"180\" height=\"180\" srcset=\"https:\/\/weihnachtsfeier-planer.de\/wordpress\/wp-content\/uploads\/2013\/07\/weihnachtsfeier-planer_weihnachtsmann_1.jpg 200w, https:\/\/weihnachtsfeier-planer.de\/wordpress\/wp-content\/uploads\/2013\/07\/weihnachtsfeier-planer_weihnachtsmann_1-150x150.jpg 150w\" sizes=\"(max-width: 180px) 100vw, 180px\" \/>Ein Weihnachtsmann ist kein \u201emuss\u201c auf Ihrer Weihnachtsfeier \u2013 <\/span><span style=\"color: #888888;\"><img loading=\"lazy\" class=\"size-full wp-image-86 alignright\" title=\"Weihnachtsengel, Weihnachtsfrau auf der Weihnachtsfeier\" alt=\"weihnachtsfeier-planer_weihnachtsfrau_2\" src=\"https:\/\/weihnachtsfeier-planer.de\/wordpress\/wp-content\/uploads\/2013\/07\/weihnachtsfeier-planer_weihnachtsfrau_2.jpg\" width=\"180\" height=\"180\" srcset=\"https:\/\/weihnachtsfeier-planer.de\/wordpress\/wp-content\/uploads\/2013\/07\/weihnachtsfeier-planer_weihnachtsfrau_2.jpg 200w, https:\/\/weihnachtsfeier-planer.de\/wordpress\/wp-content\/uploads\/2013\/07\/weihnachtsfeier-planer_weihnachtsfrau_2-150x150.jpg 150w\" sizes=\"(max-width: 180px) 100vw, 180px\" \/><\/span><span style=\"color: #888888;\">aber immer gern gesehen.\u00a0 Der Weihnachtsmann kann die G\u00e4ste begr\u00fc\u00dfen, eine Ansprache (nach vorherigem Briefing) halten, den Julklapp durchf\u00fchren oder auch der DJ sein.\u00a0 Wir haben die besten Weihnachtsm\u00e4nner der Region in unserer \u201eWeihnachtsmann-Datenbank\u201c.\u00a0 Da wir immer artig sind, kommen sie auch immer gern zu uns \u2013 und das ohne Rute.\u00a0 Nat\u00fcrlich haben wir auch Weihnachtsengel in unserer Datenbank, so dass es ein ausgeglichenes Paar ergibt.\u00a0<\/span><\/p>\n","protected":false},"excerpt":{"rendered":"<p>Ein Weihnachtsmann ist kein \u201emuss\u201c auf Ihrer Weihnachtsfeier \u2013 aber immer gern gesehen.\u00a0 Der Weihnachtsmann kann die G\u00e4ste begr\u00fc\u00dfen, eine Ansprache (nach vorherigem Briefing) halten, den Julklapp durchf\u00fchren oder auch der DJ sein.\u00a0 Wir haben die besten Weihnachtsm\u00e4nner der Region in unserer \u201eWeihnachtsmann-Datenbank\u201c.\u00a0 Da wir immer artig sind, kommen sie auch immer gern zu uns \u2013 und das ohne Rute.\u00a0 Nat\u00fcrlich haben wir auch Weihnachtsengel in unserer Datenbank, so dass es ein ausgeglichenes Paar ergibt.\u00a0<\/p>\n","protected":false},"author":1,"featured_media":0,"parent":77,"menu_order":0,"comment_status":"open","ping_status":"closed","template":"tpl_fullwidth-page.php","meta":[],"yoast_head":"<!-- This site is optimized with the Yoast SEO plugin v19.8 - https:\/\/yoast.com\/wordpress\/plugins\/seo\/ -->\n<title>Weihnachtsmann - Weihnachtsfeier Planer Berlin<\/title>\n<meta name=\"robots\" content=\"index, follow, max-snippet:-1, max-image-preview:large, max-video-preview:-1\" \/>\n<link rel=\"canonical\" href=\"https:\/\/weihnachtsfeier-planer.de\/wordpress\/programm-ideen\/weihnachtsmann\/\" \/>\n<meta property=\"og:locale\" content=\"de_DE\" \/>\n<meta property=\"og:type\" content=\"article\" \/>\n<meta property=\"og:title\" content=\"Weihnachtsmann - Weihnachtsfeier Planer Berlin\" \/>\n<meta property=\"og:description\" content=\"Ein Weihnachtsmann ist kein \u201emuss\u201c auf Ihrer Weihnachtsfeier \u2013 aber immer gern gesehen.\u00a0 Der Weihnachtsmann kann die G\u00e4ste begr\u00fc\u00dfen, eine Ansprache (nach vorherigem Briefing) halten, den Julklapp durchf\u00fchren oder auch der DJ sein.\u00a0 Wir haben die besten Weihnachtsm\u00e4nner der Region in unserer \u201eWeihnachtsmann-Datenbank\u201c.\u00a0 Da wir immer artig sind, kommen sie auch immer gern zu uns \u2013 und das ohne Rute.\u00a0 Nat\u00fcrlich haben wir auch Weihnachtsengel in unserer Datenbank, so dass es ein ausgeglichenes Paar ergibt.\u00a0\" \/>\n<meta property=\"og:url\" content=\"https:\/\/weihnachtsfeier-planer.de\/wordpress\/programm-ideen\/weihnachtsmann\/\" \/>\n<meta property=\"og:site_name\" content=\"Weihnachtsfeier Planer Berlin\" \/>\n<meta property=\"article:modified_time\" content=\"2014-11-11T09:41:59+00:00\" \/>\n<meta property=\"og:image\" content=\"http:\/\/weihnachtsfeier-planer.de\/wordpress\/wp-content\/uploads\/2013\/07\/weihnachtsfeier-planer_weihnachtsmann_1.jpg\" \/>\n<script type=\"application\/ld+json\" class=\"yoast-schema-graph\">{\"@context\":\"https:\/\/schema.org\",\"@graph\":[{\"@type\":\"WebPage\",\"@id\":\"https:\/\/weihnachtsfeier-planer.de\/wordpress\/programm-ideen\/weihnachtsmann\/\",\"url\":\"https:\/\/weihnachtsfeier-planer.de\/wordpress\/programm-ideen\/weihnachtsmann\/\",\"name\":\"Weihnachtsmann - Weihnachtsfeier Planer Berlin\",\"isPartOf\":{\"@id\":\"https:\/\/weihnachtsfeier-planer.de\/wordpress\/#website\"},\"datePublished\":\"2013-07-30T10:27:21+00:00\",\"dateModified\":\"2014-11-11T09:41:59+00:00\",\"breadcrumb\":{\"@id\":\"https:\/\/weihnachtsfeier-planer.de\/wordpress\/programm-ideen\/weihnachtsmann\/#breadcrumb\"},\"inLanguage\":\"de\",\"potentialAction\":[{\"@type\":\"ReadAction\",\"target\":[\"https:\/\/weihnachtsfeier-planer.de\/wordpress\/programm-ideen\/weihnachtsmann\/\"]}]},{\"@type\":\"BreadcrumbList\",\"@id\":\"https:\/\/weihnachtsfeier-planer.de\/wordpress\/programm-ideen\/weihnachtsmann\/#breadcrumb\",\"itemListElement\":[{\"@type\":\"ListItem\",\"position\":1,\"name\":\"Startseite\",\"item\":\"https:\/\/weihnachtsfeier-planer.de\/wordpress\/\"},{\"@type\":\"ListItem\",\"position\":2,\"name\":\"Programm \/ Ideen\",\"item\":\"https:\/\/weihnachtsfeier-planer.de\/wordpress\/programm-ideen\/\"},{\"@type\":\"ListItem\",\"position\":3,\"name\":\"Weihnachtsmann\"}]},{\"@type\":\"WebSite\",\"@id\":\"https:\/\/weihnachtsfeier-planer.de\/wordpress\/#website\",\"url\":\"https:\/\/weihnachtsfeier-planer.de\/wordpress\/\",\"name\":\"Weihnachtsfeier Planer Berlin\",\"description\":\"Auf eine wunderbare Weihnachtsfeier in Berlin\",\"potentialAction\":[{\"@type\":\"SearchAction\",\"target\":{\"@type\":\"EntryPoint\",\"urlTemplate\":\"https:\/\/weihnachtsfeier-planer.de\/wordpress\/?s={search_term_string}\"},\"query-input\":\"required name=search_term_string\"}],\"inLanguage\":\"de\"}]}<\/script>\n<!-- \/ Yoast SEO plugin. -->","yoast_head_json":{"title":"Weihnachtsmann - Weihnachtsfeier Planer Berlin","robots":{"index":"index","follow":"follow","max-snippet":"max-snippet:-1","max-image-preview":"max-image-preview:large","max-video-preview":"max-video-preview:-1"},"canonical":"https:\/\/weihnachtsfeier-planer.de\/wordpress\/programm-ideen\/weihnachtsmann\/","og_locale":"de_DE","og_type":"article","og_title":"Weihnachtsmann - Weihnachtsfeier Planer Berlin","og_description":"Ein Weihnachtsmann ist kein \u201emuss\u201c auf Ihrer Weihnachtsfeier \u2013 aber immer gern gesehen.\u00a0 Der Weihnachtsmann kann die G\u00e4ste begr\u00fc\u00dfen, eine Ansprache (nach vorherigem Briefing) halten, den Julklapp durchf\u00fchren oder auch der DJ sein.\u00a0 Wir haben die besten Weihnachtsm\u00e4nner der Region in unserer \u201eWeihnachtsmann-Datenbank\u201c.\u00a0 Da wir immer artig sind, kommen sie auch immer gern zu uns \u2013 und das ohne Rute.\u00a0 Nat\u00fcrlich haben wir auch Weihnachtsengel in unserer Datenbank, so dass es ein ausgeglichenes Paar ergibt.\u00a0","og_url":"https:\/\/weihnachtsfeier-planer.de\/wordpress\/programm-ideen\/weihnachtsmann\/","og_site_name":"Weihnachtsfeier Planer Berlin","article_modified_time":"2014-11-11T09:41:59+00:00","og_image":[{"url":"http:\/\/weihnachtsfeier-planer.de\/wordpress\/wp-content\/uploads\/2013\/07\/weihnachtsfeier-planer_weihnachtsmann_1.jpg"}],"schema":{"@context":"https:\/\/schema.org","@graph":[{"@type":"WebPage","@id":"https:\/\/weihnachtsfeier-planer.de\/wordpress\/programm-ideen\/weihnachtsmann\/","url":"https:\/\/weihnachtsfeier-planer.de\/wordpress\/programm-ideen\/weihnachtsmann\/","name":"Weihnachtsmann - Weihnachtsfeier Planer Berlin","isPartOf":{"@id":"https:\/\/weihnachtsfeier-planer.de\/wordpress\/#website"},"datePublished":"2013-07-30T10:27:21+00:00","dateModified":"2014-11-11T09:41:59+00:00","breadcrumb":{"@id":"https:\/\/weihnachtsfeier-planer.de\/wordpress\/programm-ideen\/weihnachtsmann\/#breadcrumb"},"inLanguage":"de","potentialAction":[{"@type":"ReadAction","target":["https:\/\/weihnachtsfeier-planer.de\/wordpress\/programm-ideen\/weihnachtsmann\/"]}]},{"@type":"BreadcrumbList","@id":"https:\/\/weihnachtsfeier-planer.de\/wordpress\/programm-ideen\/weihnachtsmann\/#breadcrumb","itemListElement":[{"@type":"ListItem","position":1,"name":"Startseite","item":"https:\/\/weihnachtsfeier-planer.de\/wordpress\/"},{"@type":"ListItem","position":2,"name":"Programm \/ Ideen","item":"https:\/\/weihnachtsfeier-planer.de\/wordpress\/programm-ideen\/"},{"@type":"ListItem","position":3,"name":"Weihnachtsmann"}]},{"@type":"WebSite","@id":"https:\/\/weihnachtsfeier-planer.de\/wordpress\/#website","url":"https:\/\/weihnachtsfeier-planer.de\/wordpress\/","name":"Weihnachtsfeier Planer Berlin","description":"Auf eine wunderbare Weihnachtsfeier in Berlin","potentialAction":[{"@type":"SearchAction","target":{"@type":"EntryPoint","urlTemplate":"https:\/\/weihnachtsfeier-planer.de\/wordpress\/?s={search_term_string}"},"query-input":"required name=search_term_string"}],"inLanguage":"de"}]}},"_links":{"self":[{"href":"https:\/\/weihnachtsfeier-planer.de\/wordpress\/wp-json\/wp\/v2\/pages\/84"}],"collection":[{"href":"https:\/\/weihnachtsfeier-planer.de\/wordpress\/wp-json\/wp\/v2\/pages"}],"about":[{"href":"https:\/\/weihnachtsfeier-planer.de\/wordpress\/wp-json\/wp\/v2\/types\/page"}],"author":[{"embeddable":true,"href":"https:\/\/weihnachtsfeier-planer.de\/wordpress\/wp-json\/wp\/v2\/users\/1"}],"replies":[{"embeddable":true,"href":"https:\/\/weihnachtsfeier-planer.de\/wordpress\/wp-json\/wp\/v2\/comments?post=84"}],"version-history":[{"count":8,"href":"https:\/\/weihnachtsfeier-planer.de\/wordpress\/wp-json\/wp\/v2\/pages\/84\/revisions"}],"predecessor-version":[{"id":567,"href":"https:\/\/weihnachtsfeier-planer.de\/wordpress\/wp-json\/wp\/v2\/pages\/84\/revisions\/567"}],"up":[{"embeddable":true,"href":"https:\/\/weihnachtsfeier-planer.de\/wordpress\/wp-json\/wp\/v2\/pages\/77"}],"wp:attachment":[{"href":"https:\/\/weihnachtsfeier-planer.de\/wordpress\/wp-json\/wp\/v2\/media?parent=84"}],"curies":[{"name":"wp","href":"https:\/\/api.w.org\/{rel}","templated":true}]}}